{"id":3480,"date":"2018-10-23T12:03:40","date_gmt":"2018-10-23T16:03:40","guid":{"rendered":"http:\/\/omegatraccastg.wpenginepowered.com\/?page_id=3480"},"modified":"2018-10-23T12:03:40","modified_gmt":"2018-10-23T16:03:40","slug":"master-spec-ng-lp","status":"publish","type":"page","link":"https:\/\/tracpipe.ca\/fr\/technical-information\/master-spec-ng-lp\/","title":{"rendered":"Sp\u00e9cifications principales pour NG &amp; LP"},"content":{"rendered":"<section id=\"\"  class=\"light\"> <div class=\"container\">  <div class=\"row\"><div class=\"col-md-4  text-default\" ><\/div><div class=\"col-md-4  text-default\" ><div class=\"centered_button\"><a class=\"btn btn-danger\"  title=\"Gaz naturel\" href=\"\/wp-content\/uploads\/231123_FL_FACILITY_NATURAL-GAS_PIPING.OmegaFlex.docx\">Gaz naturel<\/a><\/div><div class=\"centered_button\"><a class=\"btn btn-danger\"  title=\"P\u00e9trole liqu\u00e9fi\u00e9\" href=\"\/wp-content\/uploads\/231126_FL_FACILITY_LIQUEFIED-PETROLEUM_GAS_PIPING.OmegaFlex.doc\">P\u00e9trole liqu\u00e9fi\u00e9<\/a><\/div><\/div><div class=\"col-md-4  text-default\" ><\/div>  <\/div>  <\/div><\/section>","protected":false},"excerpt":{"rendered":"Gaz naturelP\u00e9trole liqu\u00e9fi\u00e9","protected":false},"author":2,"featured_media":1964,"parent":1966,"menu_order":0,"comment_status":"closed","ping_status":"closed","template":"","meta":{"footnotes":""},"class_list":["post-3480","page","type-page","status-publish","has-post-thumbnail","hentry"],"yoast_head":"<!-- This site is optimized with the Yoast SEO plugin v27.0 - https:\/\/yoast.com\/product\/yoast-seo-wordpress\/ -->\n<title>Master Spec For NG &amp; LP - TracPipe Canada<\/title>\n<meta name=\"robots\" content=\"index, follow, max-snippet:-1, max-image-preview:large, max-video-preview:-1\" \/>\n<link rel=\"canonical\" href=\"https:\/\/tracpipe.ca\/fr\/technical-information\/master-spec-ng-lp\/\" \/>\n<meta property=\"og:locale\" content=\"fr_CA\" \/>\n<meta property=\"og:type\" content=\"article\" \/>\n<meta property=\"og:title\" content=\"Master Spec For NG &amp; LP - TracPipe Canada\" \/>\n<meta property=\"og:url\" content=\"https:\/\/tracpipe.ca\/fr\/technical-information\/master-spec-ng-lp\/\" \/>\n<meta property=\"og:site_name\" content=\"TracPipe Canada\" \/>\n<meta property=\"og:image\" content=\"https:\/\/tracpipe.ca\/wp-content\/uploads\/slide1.jpg\" \/>\n\t<meta property=\"og:image:width\" content=\"1670\" \/>\n\t<meta property=\"og:image:height\" content=\"581\" \/>\n\t<meta property=\"og:image:type\" content=\"image\/jpeg\" \/>\n<meta name=\"twitter:card\" content=\"summary_large_image\" \/>\n<script type=\"application\/ld+json\" class=\"yoast-schema-graph\">{\"@context\":\"https:\/\/schema.org\",\"@graph\":[{\"@type\":\"WebPage\",\"@id\":\"https:\/\/tracpipe.ca\/technical-information\/master-spec-ng-lp\/\",\"url\":\"https:\/\/tracpipe.ca\/technical-information\/master-spec-ng-lp\/\",\"name\":\"Master Spec For NG &amp; LP - TracPipe Canada\",\"isPartOf\":{\"@id\":\"https:\/\/tracpipe.ca\/#website\"},\"primaryImageOfPage\":{\"@id\":\"https:\/\/tracpipe.ca\/technical-information\/master-spec-ng-lp\/#primaryimage\"},\"image\":{\"@id\":\"https:\/\/tracpipe.ca\/technical-information\/master-spec-ng-lp\/#primaryimage\"},\"thumbnailUrl\":\"https:\/\/tracpipe.ca\/wp-content\/uploads\/slide1.jpg\",\"datePublished\":\"2018-10-23T16:03:40+00:00\",\"breadcrumb\":{\"@id\":\"https:\/\/tracpipe.ca\/technical-information\/master-spec-ng-lp\/#breadcrumb\"},\"inLanguage\":\"fr-CA\",\"potentialAction\":[{\"@type\":\"ReadAction\",\"target\":[\"https:\/\/tracpipe.ca\/technical-information\/master-spec-ng-lp\/\"]}]},{\"@type\":\"ImageObject\",\"inLanguage\":\"fr-CA\",\"@id\":\"https:\/\/tracpipe.ca\/technical-information\/master-spec-ng-lp\/#primaryimage\",\"url\":\"https:\/\/tracpipe.ca\/wp-content\/uploads\/slide1.jpg\",\"contentUrl\":\"https:\/\/tracpipe.ca\/wp-content\/uploads\/slide1.jpg\",\"width\":1670,\"height\":581,\"caption\":\"Flexible Gas Piping - TracPipe Canada\"},{\"@type\":\"BreadcrumbList\",\"@id\":\"https:\/\/tracpipe.ca\/technical-information\/master-spec-ng-lp\/#breadcrumb\",\"itemListElement\":[{\"@type\":\"ListItem\",\"position\":1,\"name\":\"Home\",\"item\":\"https:\/\/tracpipe.ca\/\"},{\"@type\":\"ListItem\",\"position\":2,\"name\":\"Technical Information\",\"item\":\"https:\/\/tracpipe.ca\/technical-information\/\"},{\"@type\":\"ListItem\",\"position\":3,\"name\":\"Master Spec For NG &amp; LP\"}]},{\"@type\":\"WebSite\",\"@id\":\"https:\/\/tracpipe.ca\/#website\",\"url\":\"https:\/\/tracpipe.ca\/\",\"name\":\"TracPipe Canada\",\"description\":\"\",\"potentialAction\":[{\"@type\":\"SearchAction\",\"target\":{\"@type\":\"EntryPoint\",\"urlTemplate\":\"https:\/\/tracpipe.ca\/?s={search_term_string}\"},\"query-input\":{\"@type\":\"PropertyValueSpecification\",\"valueRequired\":true,\"valueName\":\"search_term_string\"}}],\"inLanguage\":\"fr-CA\"}]}<\/script>\n<!-- \/ Yoast SEO plugin. -->","yoast_head_json":{"title":"Sp\u00e9cifications principales pour le gaz naturel et le gaz de p\u00e9trole liqu\u00e9fi\u00e9 - TracPipe Canada","robots":{"index":"index","follow":"follow","max-snippet":"max-snippet:-1","max-image-preview":"max-image-preview:large","max-video-preview":"max-video-preview:-1"},"canonical":"https:\/\/tracpipe.ca\/fr\/technical-information\/master-spec-ng-lp\/","og_locale":"fr_CA","og_type":"article","og_title":"Master Spec For NG &amp; LP - TracPipe Canada","og_url":"https:\/\/tracpipe.ca\/fr\/technical-information\/master-spec-ng-lp\/","og_site_name":"TracPipe Canada","og_image":[{"width":1670,"height":581,"url":"https:\/\/tracpipe.ca\/wp-content\/uploads\/slide1.jpg","type":"image\/jpeg"}],"twitter_card":"summary_large_image","schema":{"@context":"https:\/\/schema.org","@graph":[{"@type":"WebPage","@id":"https:\/\/tracpipe.ca\/technical-information\/master-spec-ng-lp\/","url":"https:\/\/tracpipe.ca\/technical-information\/master-spec-ng-lp\/","name":"Sp\u00e9cifications principales pour le gaz naturel et le gaz de p\u00e9trole liqu\u00e9fi\u00e9 - TracPipe Canada","isPartOf":{"@id":"https:\/\/tracpipe.ca\/#website"},"primaryImageOfPage":{"@id":"https:\/\/tracpipe.ca\/technical-information\/master-spec-ng-lp\/#primaryimage"},"image":{"@id":"https:\/\/tracpipe.ca\/technical-information\/master-spec-ng-lp\/#primaryimage"},"thumbnailUrl":"https:\/\/tracpipe.ca\/wp-content\/uploads\/slide1.jpg","datePublished":"2018-10-23T16:03:40+00:00","breadcrumb":{"@id":"https:\/\/tracpipe.ca\/technical-information\/master-spec-ng-lp\/#breadcrumb"},"inLanguage":"fr-CA","potentialAction":[{"@type":"ReadAction","target":["https:\/\/tracpipe.ca\/technical-information\/master-spec-ng-lp\/"]}]},{"@type":"ImageObject","inLanguage":"fr-CA","@id":"https:\/\/tracpipe.ca\/technical-information\/master-spec-ng-lp\/#primaryimage","url":"https:\/\/tracpipe.ca\/wp-content\/uploads\/slide1.jpg","contentUrl":"https:\/\/tracpipe.ca\/wp-content\/uploads\/slide1.jpg","width":1670,"height":581,"caption":"Flexible Gas Piping - TracPipe Canada"},{"@type":"BreadcrumbList","@id":"https:\/\/tracpipe.ca\/technical-information\/master-spec-ng-lp\/#breadcrumb","itemListElement":[{"@type":"ListItem","position":1,"name":"Home","item":"https:\/\/tracpipe.ca\/"},{"@type":"ListItem","position":2,"name":"Technical Information","item":"https:\/\/tracpipe.ca\/technical-information\/"},{"@type":"ListItem","position":3,"name":"Master Spec For NG &amp; LP"}]},{"@type":"WebSite","@id":"https:\/\/tracpipe.ca\/#website","url":"https:\/\/tracpipe.ca\/","name":"TracPipe Canada","description":"","potentialAction":[{"@type":"SearchAction","target":{"@type":"EntryPoint","urlTemplate":"https:\/\/tracpipe.ca\/?s={search_term_string}"},"query-input":{"@type":"PropertyValueSpecification","valueRequired":true,"valueName":"search_term_string"}}],"inLanguage":"fr-CA"}]}},"_links":{"self":[{"href":"https:\/\/tracpipe.ca\/fr\/wp-json\/wp\/v2\/pages\/3480","targetHints":{"allow":["GET"]}}],"collection":[{"href":"https:\/\/tracpipe.ca\/fr\/wp-json\/wp\/v2\/pages"}],"about":[{"href":"https:\/\/tracpipe.ca\/fr\/wp-json\/wp\/v2\/types\/page"}],"author":[{"embeddable":true,"href":"https:\/\/tracpipe.ca\/fr\/wp-json\/wp\/v2\/users\/2"}],"replies":[{"embeddable":true,"href":"https:\/\/tracpipe.ca\/fr\/wp-json\/wp\/v2\/comments?post=3480"}],"version-history":[{"count":0,"href":"https:\/\/tracpipe.ca\/fr\/wp-json\/wp\/v2\/pages\/3480\/revisions"}],"up":[{"embeddable":true,"href":"https:\/\/tracpipe.ca\/fr\/wp-json\/wp\/v2\/pages\/1966"}],"wp:featuredmedia":[{"embeddable":true,"href":"https:\/\/tracpipe.ca\/fr\/wp-json\/wp\/v2\/media\/1964"}],"wp:attachment":[{"href":"https:\/\/tracpipe.ca\/fr\/wp-json\/wp\/v2\/media?parent=3480"}],"curies":[{"name":"wp","href":"https:\/\/api.w.org\/{rel}","templated":true}]}}