{"id":3155,"date":"2015-09-10T10:19:52","date_gmt":"2015-09-10T14:19:52","guid":{"rendered":"http:\/\/omegatraccastg.wpenginepowered.com\/?page_id=3155"},"modified":"2015-09-10T10:19:52","modified_gmt":"2015-09-10T14:19:52","slug":"videos","status":"publish","type":"page","link":"https:\/\/tracpipe.ca\/fr\/videos\/","title":{"rendered":"Vid\u00e9o sur les raccords AutoSnap"},"content":{"rendered":"<section id=\"\"  class=\"light\"> <div class=\"container\">  <div class=\"row\"><div class=\"col-md-2  text-default\" ><\/div><div class=\"col-md-4  text-default\" ><div class=\"centered_button\"><a class=\"btn btn-danger\"  title=\"Regardez cette vid\u00e9o en anglais\" href=\"http:\/\/tracpipe.ca\/fr\/autosnap-fittings-video-english\/\">Regardez cette vid\u00e9o en anglais<\/a><\/div><\/div><div class=\"col-md-4  text-default\" ><div class=\"centered_button\"><a class=\"btn btn-danger\"  title=\"Regardez cette vid\u00e9o en fran\u00e7ais\" href=\"http:\/\/tracpipe.ca\/fr\/autosnap-fittings-video-french\/\">Regardez cette vid\u00e9o en fran\u00e7ais<\/a><\/div><\/div><div class=\"col-md-2  text-default\" ><\/div>  <\/div>  <\/div><\/section>","protected":false},"excerpt":{"rendered":"Voir cette vid\u00e9o en anglaisVoir cette vid\u00e9o en fran\u00e7ais","protected":false},"author":2,"featured_media":1964,"parent":0,"menu_order":0,"comment_status":"closed","ping_status":"closed","template":"","meta":{"footnotes":""},"class_list":["post-3155","page","type-page","status-publish","has-post-thumbnail","hentry"],"yoast_head":"<!-- This site is optimized with the Yoast SEO plugin v27.0 - https:\/\/yoast.com\/product\/yoast-seo-wordpress\/ -->\n<title>AutoSnap\u00ae Fittings | AutoSnap\u00ae Video - TracPipe\u00ae Canada<\/title>\n<meta name=\"description\" content=\"Watch a video about TracPipe\u00ae CounterStrike\u00ae AutoSnap\u00ae straight fittings for corrugated stainless steel tubing (CSST). Flexible gas piping by OmegaFlex\u00ae.\" \/>\n<meta name=\"robots\" content=\"index, follow, max-snippet:-1, max-image-preview:large, max-video-preview:-1\" \/>\n<link rel=\"canonical\" href=\"https:\/\/tracpipe.ca\/fr\/videos\/\" \/>\n<meta property=\"og:locale\" content=\"fr_CA\" \/>\n<meta property=\"og:type\" content=\"article\" \/>\n<meta property=\"og:title\" content=\"AutoSnap\u00ae Fittings | AutoSnap\u00ae Video - TracPipe\u00ae Canada\" \/>\n<meta property=\"og:description\" content=\"Watch a video about TracPipe\u00ae CounterStrike\u00ae AutoSnap\u00ae straight fittings for corrugated stainless steel tubing (CSST). Flexible gas piping by OmegaFlex\u00ae.\" \/>\n<meta property=\"og:url\" content=\"https:\/\/tracpipe.ca\/fr\/videos\/\" \/>\n<meta property=\"og:site_name\" content=\"TracPipe Canada\" \/>\n<meta property=\"og:image\" content=\"https:\/\/tracpipe.ca\/wp-content\/uploads\/slide1.jpg\" \/>\n\t<meta property=\"og:image:width\" content=\"1670\" \/>\n\t<meta property=\"og:image:height\" content=\"581\" \/>\n\t<meta property=\"og:image:type\" content=\"image\/jpeg\" \/>\n<meta name=\"twitter:card\" content=\"summary_large_image\" \/>\n<script type=\"application\/ld+json\" class=\"yoast-schema-graph\">{\"@context\":\"https:\/\/schema.org\",\"@graph\":[{\"@type\":\"WebPage\",\"@id\":\"https:\/\/tracpipe.ca\/videos\/\",\"url\":\"https:\/\/tracpipe.ca\/videos\/\",\"name\":\"AutoSnap\u00ae Fittings | AutoSnap\u00ae Video - TracPipe\u00ae Canada\",\"isPartOf\":{\"@id\":\"https:\/\/tracpipe.ca\/#website\"},\"primaryImageOfPage\":{\"@id\":\"https:\/\/tracpipe.ca\/videos\/#primaryimage\"},\"image\":{\"@id\":\"https:\/\/tracpipe.ca\/videos\/#primaryimage\"},\"thumbnailUrl\":\"https:\/\/tracpipe.ca\/wp-content\/uploads\/slide1.jpg\",\"datePublished\":\"2015-09-10T14:19:52+00:00\",\"description\":\"Watch a video about TracPipe\u00ae CounterStrike\u00ae AutoSnap\u00ae straight fittings for corrugated stainless steel tubing (CSST). Flexible gas piping by OmegaFlex\u00ae.\",\"breadcrumb\":{\"@id\":\"https:\/\/tracpipe.ca\/videos\/#breadcrumb\"},\"inLanguage\":\"fr-CA\",\"potentialAction\":[{\"@type\":\"ReadAction\",\"target\":[\"https:\/\/tracpipe.ca\/videos\/\"]}]},{\"@type\":\"ImageObject\",\"inLanguage\":\"fr-CA\",\"@id\":\"https:\/\/tracpipe.ca\/videos\/#primaryimage\",\"url\":\"https:\/\/tracpipe.ca\/wp-content\/uploads\/slide1.jpg\",\"contentUrl\":\"https:\/\/tracpipe.ca\/wp-content\/uploads\/slide1.jpg\",\"width\":1670,\"height\":581,\"caption\":\"Flexible Gas Piping - TracPipe Canada\"},{\"@type\":\"BreadcrumbList\",\"@id\":\"https:\/\/tracpipe.ca\/videos\/#breadcrumb\",\"itemListElement\":[{\"@type\":\"ListItem\",\"position\":1,\"name\":\"Home\",\"item\":\"https:\/\/tracpipe.ca\/\"},{\"@type\":\"ListItem\",\"position\":2,\"name\":\"AutoSnap\u00ae Fittings Video\"}]},{\"@type\":\"WebSite\",\"@id\":\"https:\/\/tracpipe.ca\/#website\",\"url\":\"https:\/\/tracpipe.ca\/\",\"name\":\"TracPipe Canada\",\"description\":\"\",\"potentialAction\":[{\"@type\":\"SearchAction\",\"target\":{\"@type\":\"EntryPoint\",\"urlTemplate\":\"https:\/\/tracpipe.ca\/?s={search_term_string}\"},\"query-input\":{\"@type\":\"PropertyValueSpecification\",\"valueRequired\":true,\"valueName\":\"search_term_string\"}}],\"inLanguage\":\"fr-CA\"}]}<\/script>\n<!-- \/ Yoast SEO plugin. -->","yoast_head_json":{"title":"AutoSnap\u00ae Fittings | AutoSnap\u00ae Video - TracPipe\u00ae Canada","description":"Watch a video about TracPipe\u00ae CounterStrike\u00ae AutoSnap\u00ae straight fittings for corrugated stainless steel tubing (CSST). Flexible gas piping by OmegaFlex\u00ae.","robots":{"index":"index","follow":"follow","max-snippet":"max-snippet:-1","max-image-preview":"max-image-preview:large","max-video-preview":"max-video-preview:-1"},"canonical":"https:\/\/tracpipe.ca\/fr\/videos\/","og_locale":"fr_CA","og_type":"article","og_title":"AutoSnap\u00ae Fittings | AutoSnap\u00ae Video - TracPipe\u00ae Canada","og_description":"Watch a video about TracPipe\u00ae CounterStrike\u00ae AutoSnap\u00ae straight fittings for corrugated stainless steel tubing (CSST). Flexible gas piping by OmegaFlex\u00ae.","og_url":"https:\/\/tracpipe.ca\/fr\/videos\/","og_site_name":"TracPipe Canada","og_image":[{"width":1670,"height":581,"url":"https:\/\/tracpipe.ca\/wp-content\/uploads\/slide1.jpg","type":"image\/jpeg"}],"twitter_card":"summary_large_image","schema":{"@context":"https:\/\/schema.org","@graph":[{"@type":"WebPage","@id":"https:\/\/tracpipe.ca\/videos\/","url":"https:\/\/tracpipe.ca\/videos\/","name":"AutoSnap\u00ae Fittings | AutoSnap\u00ae Video - TracPipe\u00ae Canada","isPartOf":{"@id":"https:\/\/tracpipe.ca\/#website"},"primaryImageOfPage":{"@id":"https:\/\/tracpipe.ca\/videos\/#primaryimage"},"image":{"@id":"https:\/\/tracpipe.ca\/videos\/#primaryimage"},"thumbnailUrl":"https:\/\/tracpipe.ca\/wp-content\/uploads\/slide1.jpg","datePublished":"2015-09-10T14:19:52+00:00","description":"Watch a video about TracPipe\u00ae CounterStrike\u00ae AutoSnap\u00ae straight fittings for corrugated stainless steel tubing (CSST). Flexible gas piping by OmegaFlex\u00ae.","breadcrumb":{"@id":"https:\/\/tracpipe.ca\/videos\/#breadcrumb"},"inLanguage":"fr-CA","potentialAction":[{"@type":"ReadAction","target":["https:\/\/tracpipe.ca\/videos\/"]}]},{"@type":"ImageObject","inLanguage":"fr-CA","@id":"https:\/\/tracpipe.ca\/videos\/#primaryimage","url":"https:\/\/tracpipe.ca\/wp-content\/uploads\/slide1.jpg","contentUrl":"https:\/\/tracpipe.ca\/wp-content\/uploads\/slide1.jpg","width":1670,"height":581,"caption":"Flexible Gas Piping - TracPipe Canada"},{"@type":"BreadcrumbList","@id":"https:\/\/tracpipe.ca\/videos\/#breadcrumb","itemListElement":[{"@type":"ListItem","position":1,"name":"Home","item":"https:\/\/tracpipe.ca\/"},{"@type":"ListItem","position":2,"name":"AutoSnap\u00ae Fittings Video"}]},{"@type":"WebSite","@id":"https:\/\/tracpipe.ca\/#website","url":"https:\/\/tracpipe.ca\/","name":"TracPipe Canada","description":"","potentialAction":[{"@type":"SearchAction","target":{"@type":"EntryPoint","urlTemplate":"https:\/\/tracpipe.ca\/?s={search_term_string}"},"query-input":{"@type":"PropertyValueSpecification","valueRequired":true,"valueName":"search_term_string"}}],"inLanguage":"fr-CA"}]}},"_links":{"self":[{"href":"https:\/\/tracpipe.ca\/fr\/wp-json\/wp\/v2\/pages\/3155","targetHints":{"allow":["GET"]}}],"collection":[{"href":"https:\/\/tracpipe.ca\/fr\/wp-json\/wp\/v2\/pages"}],"about":[{"href":"https:\/\/tracpipe.ca\/fr\/wp-json\/wp\/v2\/types\/page"}],"author":[{"embeddable":true,"href":"https:\/\/tracpipe.ca\/fr\/wp-json\/wp\/v2\/users\/2"}],"replies":[{"embeddable":true,"href":"https:\/\/tracpipe.ca\/fr\/wp-json\/wp\/v2\/comments?post=3155"}],"version-history":[{"count":0,"href":"https:\/\/tracpipe.ca\/fr\/wp-json\/wp\/v2\/pages\/3155\/revisions"}],"wp:featuredmedia":[{"embeddable":true,"href":"https:\/\/tracpipe.ca\/fr\/wp-json\/wp\/v2\/media\/1964"}],"wp:attachment":[{"href":"https:\/\/tracpipe.ca\/fr\/wp-json\/wp\/v2\/media?parent=3155"}],"curies":[{"name":"wp","href":"https:\/\/api.w.org\/{rel}","templated":true}]}}