{"id":2655,"date":"2014-11-19T16:52:00","date_gmt":"2014-11-19T21:52:00","guid":{"rendered":"http:\/\/173.254.96.82\/~tracpipe\/?page_id=2655"},"modified":"2024-07-10T09:37:16","modified_gmt":"2024-07-10T13:37:16","slug":"submittal-sheets","status":"publish","type":"page","link":"https:\/\/tracpipe.ca\/fr\/technical-information\/submittal-sheets\/","title":{"rendered":"Fiches de pr\u00e9sentation"},"content":{"rendered":"<section id=\"\"  class=\"light\"> <div class=\"container\">  <div class=\"row\"><div class=\"col-md-9  text-default\" >\n\t<div class=\"wpb_text_column wpb_content_element\" >\n\t\t<div class=\"wpb_wrapper\">\n\t\t\t<p>Voir la liste compl\u00e8te de TracPipe<sup>\u00ae<\/sup> Dessins de soumission, y compris les informations sur les applications et les donn\u00e9es techniques pour chaque produit.<\/p>\n\n\t\t<\/div>\n\t<\/div>\n<\/div><div class=\"col-md-3  text-default\" ><div class=\"centered_button\"><a class=\"btn btn-danger\" target=\"_blank\" title=\"T\u00e9l\u00e9charger les plans de soumission maintenant\" href=\"https:\/\/tracpipe.ca\/wp-content\/uploads\/FGP-SUB-IND-CAN-REV_0524_2.pdf\">T\u00e9l\u00e9charger les plans de soumission maintenant<\/a><\/div><\/div>  <\/div>  <\/div><\/section>","protected":false},"excerpt":{"rendered":"Voir la liste compl\u00e8te des dessins de soumission de TracPipe\u00ae, y compris les informations d'application et les donn\u00e9es techniques pour chacun d'entre eux. T\u00e9l\u00e9charger les plans de soumission maintenant","protected":false},"author":2,"featured_media":1964,"parent":1966,"menu_order":0,"comment_status":"closed","ping_status":"closed","template":"","meta":{"footnotes":""},"class_list":["post-2655","page","type-page","status-publish","has-post-thumbnail","hentry"],"yoast_head":"<!-- This site is optimized with the Yoast SEO plugin v27.0 - https:\/\/yoast.com\/product\/yoast-seo-wordpress\/ -->\n<title>TracPipe\u00ae CounterStrike\u00ae Submittal Sheets - TracPipe\u00ae Canada<\/title>\n<meta name=\"description\" content=\"See the complete list of TracPipe\u00ae Submittal Drawings, including application information and technical data for each. Flexible gas piping by OmegaFlex\u00ae.\" \/>\n<meta name=\"robots\" content=\"index, follow, max-snippet:-1, max-image-preview:large, max-video-preview:-1\" \/>\n<link rel=\"canonical\" href=\"https:\/\/tracpipe.ca\/fr\/technical-information\/submittal-sheets\/\" \/>\n<meta property=\"og:locale\" content=\"fr_CA\" \/>\n<meta property=\"og:type\" content=\"article\" \/>\n<meta property=\"og:title\" content=\"TracPipe\u00ae CounterStrike\u00ae Submittal Sheets - TracPipe\u00ae Canada\" \/>\n<meta property=\"og:description\" content=\"See the complete list of TracPipe\u00ae Submittal Drawings, including application information and technical data for each. Flexible gas piping by OmegaFlex\u00ae.\" \/>\n<meta property=\"og:url\" content=\"https:\/\/tracpipe.ca\/fr\/technical-information\/submittal-sheets\/\" \/>\n<meta property=\"og:site_name\" content=\"TracPipe Canada\" \/>\n<meta property=\"article:modified_time\" content=\"2024-07-10T13:37:16+00:00\" \/>\n<meta property=\"og:image\" content=\"https:\/\/tracpipe.ca\/wp-content\/uploads\/slide1.jpg\" \/>\n\t<meta property=\"og:image:width\" content=\"1670\" \/>\n\t<meta property=\"og:image:height\" content=\"581\" \/>\n\t<meta property=\"og:image:type\" content=\"image\/jpeg\" \/>\n<meta name=\"twitter:card\" content=\"summary_large_image\" \/>\n<meta name=\"twitter:label1\" content=\"Est. reading time\" \/>\n\t<meta name=\"twitter:data1\" content=\"1 minute\" \/>\n<script type=\"application\/ld+json\" class=\"yoast-schema-graph\">{\"@context\":\"https:\/\/schema.org\",\"@graph\":[{\"@type\":\"WebPage\",\"@id\":\"https:\/\/tracpipe.ca\/technical-information\/submittal-sheets\/\",\"url\":\"https:\/\/tracpipe.ca\/technical-information\/submittal-sheets\/\",\"name\":\"TracPipe\u00ae CounterStrike\u00ae Submittal Sheets - TracPipe\u00ae Canada\",\"isPartOf\":{\"@id\":\"https:\/\/tracpipe.ca\/#website\"},\"primaryImageOfPage\":{\"@id\":\"https:\/\/tracpipe.ca\/technical-information\/submittal-sheets\/#primaryimage\"},\"image\":{\"@id\":\"https:\/\/tracpipe.ca\/technical-information\/submittal-sheets\/#primaryimage\"},\"thumbnailUrl\":\"https:\/\/tracpipe.ca\/wp-content\/uploads\/slide1.jpg\",\"datePublished\":\"2014-11-19T21:52:00+00:00\",\"dateModified\":\"2024-07-10T13:37:16+00:00\",\"description\":\"See the complete list of TracPipe\u00ae Submittal Drawings, including application information and technical data for each. Flexible gas piping by OmegaFlex\u00ae.\",\"breadcrumb\":{\"@id\":\"https:\/\/tracpipe.ca\/technical-information\/submittal-sheets\/#breadcrumb\"},\"inLanguage\":\"fr-CA\",\"potentialAction\":[{\"@type\":\"ReadAction\",\"target\":[\"https:\/\/tracpipe.ca\/technical-information\/submittal-sheets\/\"]}]},{\"@type\":\"ImageObject\",\"inLanguage\":\"fr-CA\",\"@id\":\"https:\/\/tracpipe.ca\/technical-information\/submittal-sheets\/#primaryimage\",\"url\":\"https:\/\/tracpipe.ca\/wp-content\/uploads\/slide1.jpg\",\"contentUrl\":\"https:\/\/tracpipe.ca\/wp-content\/uploads\/slide1.jpg\",\"width\":1670,\"height\":581,\"caption\":\"Flexible Gas Piping - TracPipe Canada\"},{\"@type\":\"BreadcrumbList\",\"@id\":\"https:\/\/tracpipe.ca\/technical-information\/submittal-sheets\/#breadcrumb\",\"itemListElement\":[{\"@type\":\"ListItem\",\"position\":1,\"name\":\"Home\",\"item\":\"https:\/\/tracpipe.ca\/\"},{\"@type\":\"ListItem\",\"position\":2,\"name\":\"Technical Information\",\"item\":\"https:\/\/tracpipe.ca\/technical-information\/\"},{\"@type\":\"ListItem\",\"position\":3,\"name\":\"Submittal Sheets\"}]},{\"@type\":\"WebSite\",\"@id\":\"https:\/\/tracpipe.ca\/#website\",\"url\":\"https:\/\/tracpipe.ca\/\",\"name\":\"TracPipe Canada\",\"description\":\"\",\"potentialAction\":[{\"@type\":\"SearchAction\",\"target\":{\"@type\":\"EntryPoint\",\"urlTemplate\":\"https:\/\/tracpipe.ca\/?s={search_term_string}\"},\"query-input\":{\"@type\":\"PropertyValueSpecification\",\"valueRequired\":true,\"valueName\":\"search_term_string\"}}],\"inLanguage\":\"fr-CA\"}]}<\/script>\n<!-- \/ Yoast SEO plugin. -->","yoast_head_json":{"title":"TracPipe\u00ae CounterStrike\u00ae - TracPipe\u00ae Canada","description":"Voir la liste compl\u00e8te des dessins de soumission de TracPipe\u00ae, y compris les informations d'application et les donn\u00e9es techniques pour chacun d'entre eux. Tuyauterie flexible de gaz par OmegaFlex\u00ae.","robots":{"index":"index","follow":"follow","max-snippet":"max-snippet:-1","max-image-preview":"max-image-preview:large","max-video-preview":"max-video-preview:-1"},"canonical":"https:\/\/tracpipe.ca\/fr\/technical-information\/submittal-sheets\/","og_locale":"fr_CA","og_type":"article","og_title":"TracPipe\u00ae CounterStrike\u00ae Submittal Sheets - TracPipe\u00ae Canada","og_description":"See the complete list of TracPipe\u00ae Submittal Drawings, including application information and technical data for each. Flexible gas piping by OmegaFlex\u00ae.","og_url":"https:\/\/tracpipe.ca\/fr\/technical-information\/submittal-sheets\/","og_site_name":"TracPipe Canada","article_modified_time":"2024-07-10T13:37:16+00:00","og_image":[{"width":1670,"height":581,"url":"https:\/\/tracpipe.ca\/wp-content\/uploads\/slide1.jpg","type":"image\/jpeg"}],"twitter_card":"summary_large_image","twitter_misc":{"Est. reading time":"1 minute"},"schema":{"@context":"https:\/\/schema.org","@graph":[{"@type":"WebPage","@id":"https:\/\/tracpipe.ca\/technical-information\/submittal-sheets\/","url":"https:\/\/tracpipe.ca\/technical-information\/submittal-sheets\/","name":"TracPipe\u00ae CounterStrike\u00ae - TracPipe\u00ae Canada","isPartOf":{"@id":"https:\/\/tracpipe.ca\/#website"},"primaryImageOfPage":{"@id":"https:\/\/tracpipe.ca\/technical-information\/submittal-sheets\/#primaryimage"},"image":{"@id":"https:\/\/tracpipe.ca\/technical-information\/submittal-sheets\/#primaryimage"},"thumbnailUrl":"https:\/\/tracpipe.ca\/wp-content\/uploads\/slide1.jpg","datePublished":"2014-11-19T21:52:00+00:00","dateModified":"2024-07-10T13:37:16+00:00","description":"Voir la liste compl\u00e8te des dessins de soumission de TracPipe\u00ae, y compris les informations d'application et les donn\u00e9es techniques pour chacun d'entre eux. Tuyauterie flexible de gaz par OmegaFlex\u00ae.","breadcrumb":{"@id":"https:\/\/tracpipe.ca\/technical-information\/submittal-sheets\/#breadcrumb"},"inLanguage":"fr-CA","potentialAction":[{"@type":"ReadAction","target":["https:\/\/tracpipe.ca\/technical-information\/submittal-sheets\/"]}]},{"@type":"ImageObject","inLanguage":"fr-CA","@id":"https:\/\/tracpipe.ca\/technical-information\/submittal-sheets\/#primaryimage","url":"https:\/\/tracpipe.ca\/wp-content\/uploads\/slide1.jpg","contentUrl":"https:\/\/tracpipe.ca\/wp-content\/uploads\/slide1.jpg","width":1670,"height":581,"caption":"Flexible Gas Piping - TracPipe Canada"},{"@type":"BreadcrumbList","@id":"https:\/\/tracpipe.ca\/technical-information\/submittal-sheets\/#breadcrumb","itemListElement":[{"@type":"ListItem","position":1,"name":"Home","item":"https:\/\/tracpipe.ca\/"},{"@type":"ListItem","position":2,"name":"Technical Information","item":"https:\/\/tracpipe.ca\/technical-information\/"},{"@type":"ListItem","position":3,"name":"Submittal Sheets"}]},{"@type":"WebSite","@id":"https:\/\/tracpipe.ca\/#website","url":"https:\/\/tracpipe.ca\/","name":"TracPipe Canada","description":"","potentialAction":[{"@type":"SearchAction","target":{"@type":"EntryPoint","urlTemplate":"https:\/\/tracpipe.ca\/?s={search_term_string}"},"query-input":{"@type":"PropertyValueSpecification","valueRequired":true,"valueName":"search_term_string"}}],"inLanguage":"fr-CA"}]}},"_links":{"self":[{"href":"https:\/\/tracpipe.ca\/fr\/wp-json\/wp\/v2\/pages\/2655","targetHints":{"allow":["GET"]}}],"collection":[{"href":"https:\/\/tracpipe.ca\/fr\/wp-json\/wp\/v2\/pages"}],"about":[{"href":"https:\/\/tracpipe.ca\/fr\/wp-json\/wp\/v2\/types\/page"}],"author":[{"embeddable":true,"href":"https:\/\/tracpipe.ca\/fr\/wp-json\/wp\/v2\/users\/2"}],"replies":[{"embeddable":true,"href":"https:\/\/tracpipe.ca\/fr\/wp-json\/wp\/v2\/comments?post=2655"}],"version-history":[{"count":0,"href":"https:\/\/tracpipe.ca\/fr\/wp-json\/wp\/v2\/pages\/2655\/revisions"}],"up":[{"embeddable":true,"href":"https:\/\/tracpipe.ca\/fr\/wp-json\/wp\/v2\/pages\/1966"}],"wp:featuredmedia":[{"embeddable":true,"href":"https:\/\/tracpipe.ca\/fr\/wp-json\/wp\/v2\/media\/1964"}],"wp:attachment":[{"href":"https:\/\/tracpipe.ca\/fr\/wp-json\/wp\/v2\/media?parent=2655"}],"curies":[{"name":"wp","href":"https:\/\/api.w.org\/{rel}","templated":true}]}}