{"id":2652,"date":"2014-11-19T16:48:33","date_gmt":"2014-11-19T21:48:33","guid":{"rendered":"http:\/\/173.254.96.82\/~tracpipe\/?page_id=2652"},"modified":"2014-11-19T16:48:33","modified_gmt":"2014-11-19T21:48:33","slug":"sum-of-pressure-loss-worksheet","status":"publish","type":"page","link":"https:\/\/tracpipe.ca\/fr\/technical-information\/sum-of-pressure-loss-worksheet\/","title":{"rendered":"Feuille de calcul de la somme des pertes de charge"},"content":{"rendered":"<section id=\"\"  class=\"light\"> <div class=\"container\">  <div class=\"row\"><div class=\"col-md-9  text-default\" >\n\t<div class=\"wpb_text_column wpb_content_element\" >\n\t\t<div class=\"wpb_wrapper\">\n\t\t\t<p>Calculer la somme des pertes de charge avec le TracPipe<sup>\u00ae<\/sup> Feuille de calcul de la somme des pertes de charge. Saisissez les informations concernant le type de combustible, la source de pression, le type et le diam\u00e8tre des tuyaux, la longueur de la canalisation et la charge pour calculer la pression au d\u00e9but et \u00e0 la fin de la canalisation.<\/p>\n\n\t\t<\/div>\n\t<\/div>\n<\/div><div class=\"col-md-3  text-default\" ><div class=\"centered_button\"><a class=\"btn btn-danger\"  title=\"T\u00e9l\u00e9charger la feuille de calcul Sum of Pressure\u00ae Loss d\u00e8s maintenant\" href=\"\/wp-content\/uploads\/FGP_570.xls\">T\u00e9l\u00e9charger la feuille de calcul Sum of Pressure\u00ae Loss d\u00e8s maintenant<\/a><\/div><\/div>  <\/div>  <\/div><\/section>","protected":false},"excerpt":{"rendered":"Calculez la somme des pertes de charge avec la feuille de calcul de la somme des pertes de charge TracPipe\u00ae. Saisissez des informations telles que le type de carburant, la source de pression, le type et la taille du tuyau, la longueur de la canalisation et la charge pour calculer la pression au d\u00e9but et \u00e0 la fin de la canalisation. T\u00e9l\u00e9charger la feuille de calcul de la somme des pertes de pression\u00ae maintenant","protected":false},"author":2,"featured_media":1964,"parent":1966,"menu_order":0,"comment_status":"closed","ping_status":"closed","template":"","meta":{"footnotes":""},"class_list":["post-2652","page","type-page","status-publish","has-post-thumbnail","hentry"],"yoast_head":"<!-- This site is optimized with the Yoast SEO plugin v27.0 - https:\/\/yoast.com\/product\/yoast-seo-wordpress\/ -->\n<title>CSST Pressure Loss Calculator| Sum of Pressure Loss Worksheet<\/title>\n<meta name=\"description\" content=\"Calculate the pressure loss with the TracPipe\u00ae Sum of Pressure Loss Worksheet. Enter type of fuel, pressure source, pipe type and size, run length and load.\" \/>\n<meta name=\"robots\" content=\"index, follow, max-snippet:-1, max-image-preview:large, max-video-preview:-1\" \/>\n<link rel=\"canonical\" href=\"https:\/\/tracpipe.ca\/fr\/technical-information\/sum-of-pressure-loss-worksheet\/\" \/>\n<meta property=\"og:locale\" content=\"fr_CA\" \/>\n<meta property=\"og:type\" content=\"article\" \/>\n<meta property=\"og:title\" content=\"CSST Pressure Loss Calculator| Sum of Pressure Loss Worksheet\" \/>\n<meta property=\"og:description\" content=\"Calculate the pressure loss with the TracPipe\u00ae Sum of Pressure Loss Worksheet. Enter type of fuel, pressure source, pipe type and size, run length and load.\" \/>\n<meta property=\"og:url\" content=\"https:\/\/tracpipe.ca\/fr\/technical-information\/sum-of-pressure-loss-worksheet\/\" \/>\n<meta property=\"og:site_name\" content=\"TracPipe Canada\" \/>\n<meta property=\"og:image\" content=\"https:\/\/tracpipe.ca\/wp-content\/uploads\/slide1.jpg\" \/>\n\t<meta property=\"og:image:width\" content=\"1670\" \/>\n\t<meta property=\"og:image:height\" content=\"581\" \/>\n\t<meta property=\"og:image:type\" content=\"image\/jpeg\" \/>\n<meta name=\"twitter:card\" content=\"summary_large_image\" \/>\n<script type=\"application\/ld+json\" class=\"yoast-schema-graph\">{\"@context\":\"https:\/\/schema.org\",\"@graph\":[{\"@type\":\"WebPage\",\"@id\":\"https:\/\/tracpipe.ca\/fr\/technical-information\/sum-of-pressure-loss-worksheet\/\",\"url\":\"https:\/\/tracpipe.ca\/fr\/technical-information\/sum-of-pressure-loss-worksheet\/\",\"name\":\"CSST Pressure Loss Calculator| Sum of Pressure Loss Worksheet\",\"isPartOf\":{\"@id\":\"https:\/\/tracpipe.ca\/#website\"},\"primaryImageOfPage\":{\"@id\":\"https:\/\/tracpipe.ca\/fr\/technical-information\/sum-of-pressure-loss-worksheet\/#primaryimage\"},\"image\":{\"@id\":\"https:\/\/tracpipe.ca\/fr\/technical-information\/sum-of-pressure-loss-worksheet\/#primaryimage\"},\"thumbnailUrl\":\"https:\/\/tracpipe.ca\/wp-content\/uploads\/slide1.jpg\",\"datePublished\":\"2014-11-19T21:48:33+00:00\",\"description\":\"Calculate the pressure loss with the TracPipe\u00ae Sum of Pressure Loss Worksheet. Enter type of fuel, pressure source, pipe type and size, run length and load.\",\"breadcrumb\":{\"@id\":\"https:\/\/tracpipe.ca\/fr\/technical-information\/sum-of-pressure-loss-worksheet\/#breadcrumb\"},\"inLanguage\":\"fr-CA\",\"potentialAction\":[{\"@type\":\"ReadAction\",\"target\":[\"https:\/\/tracpipe.ca\/fr\/technical-information\/sum-of-pressure-loss-worksheet\/\"]}]},{\"@type\":\"ImageObject\",\"inLanguage\":\"fr-CA\",\"@id\":\"https:\/\/tracpipe.ca\/fr\/technical-information\/sum-of-pressure-loss-worksheet\/#primaryimage\",\"url\":\"https:\/\/tracpipe.ca\/wp-content\/uploads\/slide1.jpg\",\"contentUrl\":\"https:\/\/tracpipe.ca\/wp-content\/uploads\/slide1.jpg\",\"width\":1670,\"height\":581,\"caption\":\"Flexible Gas Piping - TracPipe Canada\"},{\"@type\":\"BreadcrumbList\",\"@id\":\"https:\/\/tracpipe.ca\/fr\/technical-information\/sum-of-pressure-loss-worksheet\/#breadcrumb\",\"itemListElement\":[{\"@type\":\"ListItem\",\"position\":1,\"name\":\"Home\",\"item\":\"https:\/\/tracpipe.ca\/\"},{\"@type\":\"ListItem\",\"position\":2,\"name\":\"Technical Information\",\"item\":\"https:\/\/tracpipe.ca\/technical-information\/\"},{\"@type\":\"ListItem\",\"position\":3,\"name\":\"Sum of Pressure Loss Worksheet\"}]},{\"@type\":\"WebSite\",\"@id\":\"https:\/\/tracpipe.ca\/#website\",\"url\":\"https:\/\/tracpipe.ca\/\",\"name\":\"TracPipe Canada\",\"description\":\"\",\"potentialAction\":[{\"@type\":\"SearchAction\",\"target\":{\"@type\":\"EntryPoint\",\"urlTemplate\":\"https:\/\/tracpipe.ca\/?s={search_term_string}\"},\"query-input\":{\"@type\":\"PropertyValueSpecification\",\"valueRequired\":true,\"valueName\":\"search_term_string\"}}],\"inLanguage\":\"fr-CA\"}]}<\/script>\n<!-- \/ Yoast SEO plugin. -->","yoast_head_json":{"title":"Calculateur de perte de pression CSST| Feuille de calcul de la somme des pertes de pression","description":"Calculez la perte de pression \u00e0 l'aide de la feuille de calcul TracPipe\u00ae Sum of Pressure Loss. Saisissez le type de combustible, la source de pression, le type et la taille du tuyau, la longueur du parcours et la charge.","robots":{"index":"index","follow":"follow","max-snippet":"max-snippet:-1","max-image-preview":"max-image-preview:large","max-video-preview":"max-video-preview:-1"},"canonical":"https:\/\/tracpipe.ca\/fr\/technical-information\/sum-of-pressure-loss-worksheet\/","og_locale":"fr_CA","og_type":"article","og_title":"CSST Pressure Loss Calculator| Sum of Pressure Loss Worksheet","og_description":"Calculate the pressure loss with the TracPipe\u00ae Sum of Pressure Loss Worksheet. Enter type of fuel, pressure source, pipe type and size, run length and load.","og_url":"https:\/\/tracpipe.ca\/fr\/technical-information\/sum-of-pressure-loss-worksheet\/","og_site_name":"TracPipe Canada","og_image":[{"width":1670,"height":581,"url":"https:\/\/tracpipe.ca\/wp-content\/uploads\/slide1.jpg","type":"image\/jpeg"}],"twitter_card":"summary_large_image","schema":{"@context":"https:\/\/schema.org","@graph":[{"@type":"WebPage","@id":"https:\/\/tracpipe.ca\/fr\/technical-information\/sum-of-pressure-loss-worksheet\/","url":"https:\/\/tracpipe.ca\/fr\/technical-information\/sum-of-pressure-loss-worksheet\/","name":"Calculateur de perte de pression CSST| Feuille de calcul de la somme des pertes de pression","isPartOf":{"@id":"https:\/\/tracpipe.ca\/#website"},"primaryImageOfPage":{"@id":"https:\/\/tracpipe.ca\/fr\/technical-information\/sum-of-pressure-loss-worksheet\/#primaryimage"},"image":{"@id":"https:\/\/tracpipe.ca\/fr\/technical-information\/sum-of-pressure-loss-worksheet\/#primaryimage"},"thumbnailUrl":"https:\/\/tracpipe.ca\/wp-content\/uploads\/slide1.jpg","datePublished":"2014-11-19T21:48:33+00:00","description":"Calculez la perte de pression \u00e0 l'aide de la feuille de calcul TracPipe\u00ae Sum of Pressure Loss. Saisissez le type de combustible, la source de pression, le type et la taille du tuyau, la longueur du parcours et la charge.","breadcrumb":{"@id":"https:\/\/tracpipe.ca\/fr\/technical-information\/sum-of-pressure-loss-worksheet\/#breadcrumb"},"inLanguage":"fr-CA","potentialAction":[{"@type":"ReadAction","target":["https:\/\/tracpipe.ca\/fr\/technical-information\/sum-of-pressure-loss-worksheet\/"]}]},{"@type":"ImageObject","inLanguage":"fr-CA","@id":"https:\/\/tracpipe.ca\/fr\/technical-information\/sum-of-pressure-loss-worksheet\/#primaryimage","url":"https:\/\/tracpipe.ca\/wp-content\/uploads\/slide1.jpg","contentUrl":"https:\/\/tracpipe.ca\/wp-content\/uploads\/slide1.jpg","width":1670,"height":581,"caption":"Flexible Gas Piping - TracPipe Canada"},{"@type":"BreadcrumbList","@id":"https:\/\/tracpipe.ca\/fr\/technical-information\/sum-of-pressure-loss-worksheet\/#breadcrumb","itemListElement":[{"@type":"ListItem","position":1,"name":"Home","item":"https:\/\/tracpipe.ca\/"},{"@type":"ListItem","position":2,"name":"Technical Information","item":"https:\/\/tracpipe.ca\/technical-information\/"},{"@type":"ListItem","position":3,"name":"Sum of Pressure Loss Worksheet"}]},{"@type":"WebSite","@id":"https:\/\/tracpipe.ca\/#website","url":"https:\/\/tracpipe.ca\/","name":"TracPipe Canada","description":"","potentialAction":[{"@type":"SearchAction","target":{"@type":"EntryPoint","urlTemplate":"https:\/\/tracpipe.ca\/?s={search_term_string}"},"query-input":{"@type":"PropertyValueSpecification","valueRequired":true,"valueName":"search_term_string"}}],"inLanguage":"fr-CA"}]}},"_links":{"self":[{"href":"https:\/\/tracpipe.ca\/fr\/wp-json\/wp\/v2\/pages\/2652","targetHints":{"allow":["GET"]}}],"collection":[{"href":"https:\/\/tracpipe.ca\/fr\/wp-json\/wp\/v2\/pages"}],"about":[{"href":"https:\/\/tracpipe.ca\/fr\/wp-json\/wp\/v2\/types\/page"}],"author":[{"embeddable":true,"href":"https:\/\/tracpipe.ca\/fr\/wp-json\/wp\/v2\/users\/2"}],"replies":[{"embeddable":true,"href":"https:\/\/tracpipe.ca\/fr\/wp-json\/wp\/v2\/comments?post=2652"}],"version-history":[{"count":0,"href":"https:\/\/tracpipe.ca\/fr\/wp-json\/wp\/v2\/pages\/2652\/revisions"}],"up":[{"embeddable":true,"href":"https:\/\/tracpipe.ca\/fr\/wp-json\/wp\/v2\/pages\/1966"}],"wp:featuredmedia":[{"embeddable":true,"href":"https:\/\/tracpipe.ca\/fr\/wp-json\/wp\/v2\/media\/1964"}],"wp:attachment":[{"href":"https:\/\/tracpipe.ca\/fr\/wp-json\/wp\/v2\/media?parent=2652"}],"curies":[{"name":"wp","href":"https:\/\/api.w.org\/{rel}","templated":true}]}}