{"id":2638,"date":"2014-11-19T16:11:18","date_gmt":"2014-11-19T21:11:18","guid":{"rendered":"http:\/\/173.254.96.82\/~tracpipe\/?page_id=2638"},"modified":"2025-05-21T09:19:30","modified_gmt":"2025-05-21T13:19:30","slug":"design-installation-guide","status":"publish","type":"page","link":"https:\/\/tracpipe.ca\/fr\/technical-information\/design-installation-guide\/","title":{"rendered":"Guide de conception et d'installation"},"content":{"rendered":"<p>Besoin d'informations d\u00e9taill\u00e9es sur TracPipe<sup>\u00ae<\/sup> ou CounterStrike<sup>\u00ae<\/sup> des conduites de gaz flexibles ? Le guide de conception et les instructions d'installation comprennent tout ce que vous devez savoir. T\u00e9l\u00e9chargez-le maintenant pour obtenir des descriptions du TracPipe<sup>\u00ae<\/sup> CounterStrike<sup>\u00ae<\/sup> et ses composants, l'utilisation et les limites des mat\u00e9riaux, les configurations et le dimensionnement du syst\u00e8me, les pratiques d'installation, les proc\u00e9dures d'essai, les tableaux de capacit\u00e9 et les informations relatives \u00e0 la s\u00e9curit\u00e9 et aux r\u00e9parations.<\/p>\n<p><a href=\"https:\/\/tracpipe.ca\/wp-content\/uploads\/FGP-001CAN-Canadian-DI-Guide-Rev-0425-with-LINKS.pdf\" target=\"_blank\" rel=\"noopener\">T\u00e9l\u00e9charger le guide de conception et d'installation des conduites de gaz flexibles en anglais d\u00e8s maintenant<\/a><br \/>\n<a href=\"https:\/\/tracpipe.ca\/wp-content\/uploads\/FGP-610-Rev-0921.pdf\" target=\"_blank\" rel=\"noopener\">T\u00e9l\u00e9charger le Guide de conception et d'installation des tuyauteries flexibles de gaz en France d\u00e8s maintenant<\/a><\/p>\n<p>&nbsp;<\/p>","protected":false},"excerpt":{"rendered":"<p>Need detailed information about TracPipe\u00ae or CounterStrike\u00ae flexible gas piping? The design guide and installation instructions includes everything you need to know. Download it now for descriptions of the TracPipe\u00ae CounterStrike\u00ae system and its components, material usage and limitations, system configurations and sizing, installation practices, testing procedures, capacity tables, and safety and repair information. Download [&hellip;]<\/p>\n","protected":false},"author":2,"featured_media":1964,"parent":1966,"menu_order":0,"comment_status":"closed","ping_status":"closed","template":"","meta":{"footnotes":""},"class_list":["post-2638","page","type-page","status-publish","has-post-thumbnail","hentry"],"yoast_head":"<!-- This site is optimized with the Yoast SEO plugin v27.0 - https:\/\/yoast.com\/product\/yoast-seo-wordpress\/ -->\n<title>TracPipe\u00ae CounterStrike\u00ae Design &amp; Installation Guide - TracPipe Canada<\/title>\n<meta name=\"description\" content=\"Need detailed information about TracPipe\u00ae or CounterStrike\u00ae flexible gas piping? The design guide and installation instructions includes everything you need to know.\" \/>\n<meta name=\"robots\" content=\"index, follow, max-snippet:-1, max-image-preview:large, max-video-preview:-1\" \/>\n<link rel=\"canonical\" href=\"https:\/\/tracpipe.ca\/fr\/technical-information\/design-installation-guide\/\" \/>\n<meta property=\"og:locale\" content=\"fr_CA\" \/>\n<meta property=\"og:type\" content=\"article\" \/>\n<meta property=\"og:title\" content=\"TracPipe\u00ae CounterStrike\u00ae Design &amp; Installation Guide - TracPipe Canada\" \/>\n<meta property=\"og:description\" content=\"Need detailed information about TracPipe\u00ae or CounterStrike\u00ae flexible gas piping? The design guide and installation instructions includes everything you need to know.\" \/>\n<meta property=\"og:url\" content=\"https:\/\/tracpipe.ca\/fr\/technical-information\/design-installation-guide\/\" \/>\n<meta property=\"og:site_name\" content=\"TracPipe Canada\" \/>\n<meta property=\"article:modified_time\" content=\"2025-05-21T13:19:30+00:00\" \/>\n<meta property=\"og:image\" content=\"https:\/\/tracpipe.ca\/wp-content\/uploads\/slide1.jpg\" \/>\n\t<meta property=\"og:image:width\" content=\"1670\" \/>\n\t<meta property=\"og:image:height\" content=\"581\" \/>\n\t<meta property=\"og:image:type\" content=\"image\/jpeg\" \/>\n<meta name=\"twitter:card\" content=\"summary_large_image\" \/>\n<meta name=\"twitter:label1\" content=\"Est. reading time\" \/>\n\t<meta name=\"twitter:data1\" content=\"1 minute\" \/>\n<script type=\"application\/ld+json\" class=\"yoast-schema-graph\">{\"@context\":\"https:\/\/schema.org\",\"@graph\":[{\"@type\":\"WebPage\",\"@id\":\"https:\/\/tracpipe.ca\/technical-information\/design-installation-guide\/\",\"url\":\"https:\/\/tracpipe.ca\/technical-information\/design-installation-guide\/\",\"name\":\"TracPipe\u00ae CounterStrike\u00ae Design & Installation Guide - TracPipe Canada\",\"isPartOf\":{\"@id\":\"https:\/\/tracpipe.ca\/#website\"},\"primaryImageOfPage\":{\"@id\":\"https:\/\/tracpipe.ca\/technical-information\/design-installation-guide\/#primaryimage\"},\"image\":{\"@id\":\"https:\/\/tracpipe.ca\/technical-information\/design-installation-guide\/#primaryimage\"},\"thumbnailUrl\":\"https:\/\/tracpipe.ca\/wp-content\/uploads\/slide1.jpg\",\"datePublished\":\"2014-11-19T21:11:18+00:00\",\"dateModified\":\"2025-05-21T13:19:30+00:00\",\"description\":\"Need detailed information about TracPipe\u00ae or CounterStrike\u00ae flexible gas piping? The design guide and installation instructions includes everything you need to know.\",\"breadcrumb\":{\"@id\":\"https:\/\/tracpipe.ca\/technical-information\/design-installation-guide\/#breadcrumb\"},\"inLanguage\":\"fr-CA\",\"potentialAction\":[{\"@type\":\"ReadAction\",\"target\":[\"https:\/\/tracpipe.ca\/technical-information\/design-installation-guide\/\"]}]},{\"@type\":\"ImageObject\",\"inLanguage\":\"fr-CA\",\"@id\":\"https:\/\/tracpipe.ca\/technical-information\/design-installation-guide\/#primaryimage\",\"url\":\"https:\/\/tracpipe.ca\/wp-content\/uploads\/slide1.jpg\",\"contentUrl\":\"https:\/\/tracpipe.ca\/wp-content\/uploads\/slide1.jpg\",\"width\":1670,\"height\":581,\"caption\":\"Flexible Gas Piping - TracPipe Canada\"},{\"@type\":\"BreadcrumbList\",\"@id\":\"https:\/\/tracpipe.ca\/technical-information\/design-installation-guide\/#breadcrumb\",\"itemListElement\":[{\"@type\":\"ListItem\",\"position\":1,\"name\":\"Home\",\"item\":\"https:\/\/tracpipe.ca\/\"},{\"@type\":\"ListItem\",\"position\":2,\"name\":\"Technical Information\",\"item\":\"https:\/\/tracpipe.ca\/technical-information\/\"},{\"@type\":\"ListItem\",\"position\":3,\"name\":\"Design &amp; Installation Guide\"}]},{\"@type\":\"WebSite\",\"@id\":\"https:\/\/tracpipe.ca\/#website\",\"url\":\"https:\/\/tracpipe.ca\/\",\"name\":\"TracPipe Canada\",\"description\":\"\",\"potentialAction\":[{\"@type\":\"SearchAction\",\"target\":{\"@type\":\"EntryPoint\",\"urlTemplate\":\"https:\/\/tracpipe.ca\/?s={search_term_string}\"},\"query-input\":{\"@type\":\"PropertyValueSpecification\",\"valueRequired\":true,\"valueName\":\"search_term_string\"}}],\"inLanguage\":\"fr-CA\"}]}<\/script>\n<!-- \/ Yoast SEO plugin. -->","yoast_head_json":{"title":"TracPipe\u00ae CounterStrike\u00ae Guide de conception et d'installation - TracPipe Canada","description":"Vous avez besoin d'informations d\u00e9taill\u00e9es sur les conduites de gaz flexibles TracPipe\u00ae ou CounterStrike\u00ae ? Le guide de conception et les instructions d'installation comprennent tout ce que vous devez savoir.","robots":{"index":"index","follow":"follow","max-snippet":"max-snippet:-1","max-image-preview":"max-image-preview:large","max-video-preview":"max-video-preview:-1"},"canonical":"https:\/\/tracpipe.ca\/fr\/technical-information\/design-installation-guide\/","og_locale":"fr_CA","og_type":"article","og_title":"TracPipe\u00ae CounterStrike\u00ae Design & Installation Guide - TracPipe Canada","og_description":"Need detailed information about TracPipe\u00ae or CounterStrike\u00ae flexible gas piping? The design guide and installation instructions includes everything you need to know.","og_url":"https:\/\/tracpipe.ca\/fr\/technical-information\/design-installation-guide\/","og_site_name":"TracPipe Canada","article_modified_time":"2025-05-21T13:19:30+00:00","og_image":[{"width":1670,"height":581,"url":"https:\/\/tracpipe.ca\/wp-content\/uploads\/slide1.jpg","type":"image\/jpeg"}],"twitter_card":"summary_large_image","twitter_misc":{"Est. reading time":"1 minute"},"schema":{"@context":"https:\/\/schema.org","@graph":[{"@type":"WebPage","@id":"https:\/\/tracpipe.ca\/technical-information\/design-installation-guide\/","url":"https:\/\/tracpipe.ca\/technical-information\/design-installation-guide\/","name":"TracPipe\u00ae CounterStrike\u00ae Guide de conception et d'installation - TracPipe Canada","isPartOf":{"@id":"https:\/\/tracpipe.ca\/#website"},"primaryImageOfPage":{"@id":"https:\/\/tracpipe.ca\/technical-information\/design-installation-guide\/#primaryimage"},"image":{"@id":"https:\/\/tracpipe.ca\/technical-information\/design-installation-guide\/#primaryimage"},"thumbnailUrl":"https:\/\/tracpipe.ca\/wp-content\/uploads\/slide1.jpg","datePublished":"2014-11-19T21:11:18+00:00","dateModified":"2025-05-21T13:19:30+00:00","description":"Vous avez besoin d'informations d\u00e9taill\u00e9es sur les conduites de gaz flexibles TracPipe\u00ae ou CounterStrike\u00ae ? Le guide de conception et les instructions d'installation comprennent tout ce que vous devez savoir.","breadcrumb":{"@id":"https:\/\/tracpipe.ca\/technical-information\/design-installation-guide\/#breadcrumb"},"inLanguage":"fr-CA","potentialAction":[{"@type":"ReadAction","target":["https:\/\/tracpipe.ca\/technical-information\/design-installation-guide\/"]}]},{"@type":"ImageObject","inLanguage":"fr-CA","@id":"https:\/\/tracpipe.ca\/technical-information\/design-installation-guide\/#primaryimage","url":"https:\/\/tracpipe.ca\/wp-content\/uploads\/slide1.jpg","contentUrl":"https:\/\/tracpipe.ca\/wp-content\/uploads\/slide1.jpg","width":1670,"height":581,"caption":"Flexible Gas Piping - TracPipe Canada"},{"@type":"BreadcrumbList","@id":"https:\/\/tracpipe.ca\/technical-information\/design-installation-guide\/#breadcrumb","itemListElement":[{"@type":"ListItem","position":1,"name":"Home","item":"https:\/\/tracpipe.ca\/"},{"@type":"ListItem","position":2,"name":"Technical Information","item":"https:\/\/tracpipe.ca\/technical-information\/"},{"@type":"ListItem","position":3,"name":"Design &amp; Installation Guide"}]},{"@type":"WebSite","@id":"https:\/\/tracpipe.ca\/#website","url":"https:\/\/tracpipe.ca\/","name":"TracPipe Canada","description":"","potentialAction":[{"@type":"SearchAction","target":{"@type":"EntryPoint","urlTemplate":"https:\/\/tracpipe.ca\/?s={search_term_string}"},"query-input":{"@type":"PropertyValueSpecification","valueRequired":true,"valueName":"search_term_string"}}],"inLanguage":"fr-CA"}]}},"_links":{"self":[{"href":"https:\/\/tracpipe.ca\/fr\/wp-json\/wp\/v2\/pages\/2638","targetHints":{"allow":["GET"]}}],"collection":[{"href":"https:\/\/tracpipe.ca\/fr\/wp-json\/wp\/v2\/pages"}],"about":[{"href":"https:\/\/tracpipe.ca\/fr\/wp-json\/wp\/v2\/types\/page"}],"author":[{"embeddable":true,"href":"https:\/\/tracpipe.ca\/fr\/wp-json\/wp\/v2\/users\/2"}],"replies":[{"embeddable":true,"href":"https:\/\/tracpipe.ca\/fr\/wp-json\/wp\/v2\/comments?post=2638"}],"version-history":[{"count":0,"href":"https:\/\/tracpipe.ca\/fr\/wp-json\/wp\/v2\/pages\/2638\/revisions"}],"up":[{"embeddable":true,"href":"https:\/\/tracpipe.ca\/fr\/wp-json\/wp\/v2\/pages\/1966"}],"wp:featuredmedia":[{"embeddable":true,"href":"https:\/\/tracpipe.ca\/fr\/wp-json\/wp\/v2\/media\/1964"}],"wp:attachment":[{"href":"https:\/\/tracpipe.ca\/fr\/wp-json\/wp\/v2\/media?parent=2638"}],"curies":[{"name":"wp","href":"https:\/\/api.w.org\/{rel}","templated":true}]}}