{"id":2591,"date":"2014-11-19T13:16:14","date_gmt":"2014-11-19T18:16:14","guid":{"rendered":"http:\/\/173.254.96.82\/~tracpipe\/?page_id=2591"},"modified":"2019-12-13T14:13:58","modified_gmt":"2019-12-13T19:13:58","slug":"tracpipe-counterstrike","status":"publish","type":"page","link":"https:\/\/tracpipe.ca\/fr\/gas-piping-products\/tracpipe-counterstrike\/","title":{"rendered":"TracPipe CounterStrike"},"content":{"rendered":"<section id=\"\"  class=\"light\"> <div class=\"container\">  <div class=\"row\"><div class=\"col-md-9  text-default\" >\n\t<div class=\"wpb_text_column wpb_content_element\" >\n\t\t<div class=\"wpb_wrapper\">\n\t\t\t<p>Dans le cadre de son processus d'am\u00e9lioration continue, Omega Flex a d\u00e9velopp\u00e9 une version am\u00e9lior\u00e9e de TracPipe.<sup>\u00ae<\/sup>\u00a0CounterStrike<sup>\u00ae<\/sup>. Il s'agit d'un produit de deuxi\u00e8me g\u00e9n\u00e9ration qui constitue un outil efficace et abordable pour accro\u00eetre la protection des tubes ondul\u00e9s en acier inoxydable des syst\u00e8mes de tuyauterie de gaz CSST contre les dommages caus\u00e9s par les coups de foudre indirects \u00e0 proximit\u00e9. Cette version de TracPipe<sup>\u00ae<\/sup>\u00a0CounterStrike<sup>\u00ae<\/sup>\u00e0 un niveau encore plus \u00e9lev\u00e9.<\/p>\n<p>TracPipe<sup>\u00ae<\/sup>\u00a0CounterStrike<sup>\u00ae<\/sup>\u00a0est une innovation CSST brevet\u00e9e bas\u00e9e sur notre TracPipe<sup>\u00ae<\/sup>\u00a0CounterStrike<sup>\u00ae<\/sup>\u00a0TracPipe est un produit CSST, mais il est con\u00e7u pour r\u00e9duire de mani\u00e8re significative les risques de dommages caus\u00e9s par la foudre sur les syst\u00e8mes de canalisations de gaz combustible. TracPipe<sup>\u00ae<\/sup>\u00a0CounterStrike<sup>\u00ae<\/sup>\u00a0a \u00e9t\u00e9 con\u00e7u avec un mat\u00e9riau de gaine exclusif \u00e0 la place de la gaine jaune standard. Cette gaine noire a des propri\u00e9t\u00e9s de dissipation d'\u00e9nergie qui aideront \u00e0 prot\u00e9ger le TracPipe.<sup>\u00ae<\/sup>\u00a0CounterStrike<sup>\u00ae<\/sup>\u00a0en acier inoxydable ainsi que d'autres composants du syst\u00e8me de gaz combustible si le TracPipe<sup>\u00ae<\/sup>\u00a0CounterStrike<sup>\u00ae<\/sup>\u00a0devient sous tension \u00e0 cause de la foudre.<\/p>\n<p>CounterStrike tube ondul\u00e9 en acier inoxydableLa version am\u00e9lior\u00e9e de TracPipe<sup>\u00ae<\/sup>\u00a0CounterStrike<sup>\u00ae<\/sup>\u00a0est con\u00e7u pour r\u00e9sister \u00e0 des niveaux d'\u00e9nergie de foudre nettement plus \u00e9lev\u00e9s que le TracPipe de premi\u00e8re g\u00e9n\u00e9ration.<sup>\u00ae<\/sup>\u00a0CounterStrike<sup>\u00ae<\/sup>\u00a0et, bien s\u00fbr, \u00e0 TracPipe conventionnel<sup>\u00ae<\/sup>\u00a0CounterStrike<sup>\u00ae<\/sup>\u00a0avec la veste jaune. TracPipe<sup>\u00ae<\/sup>\u00a0CounterStrike<sup>\u00ae<\/sup>\u00a0s'est av\u00e9r\u00e9 jusqu'\u00e0 400 fois plus r\u00e9sistant aux effets dommageables de l'\u00e9nergie \u00e9lectrique que le CSST conventionnel, et au moins 6 fois plus r\u00e9sistant \u00e0 ces dommages que la version pr\u00e9c\u00e9dente de TracPipe.<sup>\u00ae<\/sup>\u00a0CounterStrike<sup>\u00ae<\/sup>.<\/p>\n<p>Aucun produit, y compris le TracPipe am\u00e9lior\u00e9<sup>\u00ae<\/sup>\u00a0CounterStrike<sup>\u00ae<\/sup>\u00a0est immunis\u00e9 contre les dommages caus\u00e9s par un coup de foudre direct. Se r\u00e9f\u00e9rer \u00e0 la norme NFPA 780 pour les syst\u00e8mes de protection contre la foudre pour les b\u00e2timents et les syst\u00e8mes de construction.<\/p>\n<h2>TracPipe<sup>\u00ae<\/sup>\u00a0CounterStrike<sup>\u00ae<\/sup>\u00a0Avantages<\/h2>\n<p>Il n'y a pas d'exigences suppl\u00e9mentaires en mati\u00e8re de collage pour TracPipe.<sup>\u00ae<\/sup>\u00a0CounterStrike<sup>\u00ae<\/sup>\u00a0impos\u00e9es par les instructions d'installation du fabricant. Avec TracPipe<sup>\u00ae<\/sup>\u00a0CounterStrike<sup>\u00ae<\/sup>Les propri\u00e9t\u00e9s am\u00e9lior\u00e9es de TracPipe<sup>\u00ae<\/sup>\u00a0CounterStrike<sup>\u00ae<\/sup>\u00a0doit \u00eatre coll\u00e9 conform\u00e9ment aux exigences actuelles du Code national de l'\u00e9lectricit\u00e9 (NFPA 70) et du Code national du gaz combustible (NFPA 54), ainsi qu'\u00e0 toutes les exigences locales qui peuvent \u00eatre sup\u00e9rieures aux codes nationaux. Cela peut permettre d'\u00e9viter les co\u00fbts de collage suppl\u00e9mentaires qui sont n\u00e9cessaires pour les conduites de gaz souterraines conventionnelles.<\/p>\n<p>TracPipe<sup>\u00ae<\/sup>\u00a0CounterStrike<sup>\u00ae<\/sup>\u00a0est homologu\u00e9 par la CSA selon la norme ANSI LC 1. TracPipe<sup>\u00ae<\/sup>\u00a0CounterStrike<sup>\u00ae<\/sup>\u00a0r\u00e9pond aux exigences du code du b\u00e2timent (ASTM E84) en ce qui concerne la propagation des flammes et la densit\u00e9 de la fum\u00e9e. Il permet l'installation dans les plafonds suspendus utilis\u00e9s comme pl\u00e9nums de reprise d'air et est r\u00e9pertori\u00e9 par UL pour les syst\u00e8mes coupe-feu de p\u00e9n\u00e9tration de 1, 2 et 4 heures sans retrait de la gaine.<\/p>\n<h2>TracPipe<sup>\u00ae<\/sup>\u00a0CounterStrike<sup>\u00ae<\/sup>\u00a0Performance (tests)<\/h2>\n<p>Les possibilit\u00e9s de TracPipe<sup>\u00ae<\/sup>\u00a0CounterStrike<sup>\u00ae<\/sup>\u00a0pour r\u00e9sister \u00e0 l'\u00e9nergie \u00e9lectrique a une fois de plus \u00e9t\u00e9 test\u00e9e par un important laboratoire am\u00e9ricain sp\u00e9cialis\u00e9 dans la foudre. Le laboratoire a reproduit les dommages typiques attribu\u00e9s \u00e0 la foudre sur le terrain pour la CSST. Le niveau d'\u00e9nergie \u00e9lectrique en coulombs (la quantit\u00e9 d'\u00e9lectricit\u00e9 fournie par un courant d'un amp\u00e8re circulant pendant une seconde) qui est connu pour causer des dommages \u00e0 notre CSST standard a \u00e9t\u00e9 utilis\u00e9 comme r\u00e9f\u00e9rence pour d\u00e9terminer le niveau de performance de TracPipeMC.<sup>\u00ae<\/sup>\u00a0CounterStrike<sup>\u00ae<\/sup>. Lorsqu'elle est test\u00e9e par rapport \u00e0 notre CSST standard, la derni\u00e8re version de TracPipe<sup>\u00ae<\/sup>\u00a0CounterStrike<sup>\u00ae<\/sup>\u00a0a d\u00e9pass\u00e9 le TracPipe<sup>\u00ae<\/sup>\u00a0CounterStrike<sup>\u00ae<\/sup>d'au moins 400%.<\/p>\n<p>Pour un examen approfondi des solutions techniques, t\u00e9l\u00e9chargez le TracPipe<sup>\u00ae<\/sup>\u00a0CounterStrike<sup>\u00ae<\/sup>\u00a0brochure.<\/p>\n\n\t\t<\/div>\n\t<\/div>\n<\/div><div class=\"col-md-3  text-default\" ><div class=\"centered_button\"><a class=\"btn btn-danger\" target=\"_blank\" title=\"Voir la brochure TracPipe\u00ae CounterStrike\u00ae 6 pages\" href=\"\/wp-content\/uploads\/FGP_622.pdf\">Voir la brochure TracPipe\u00ae CounterStrike\u00ae 6 pages<\/a><\/div><div class=\"centered_button\"><a class=\"btn btn-danger\" target=\"_blank\" title=\"Voir la brochure du produit TracPipe\u00ae CounterStrike\u00ae (2 pages)\" href=\"\/wp-content\/uploads\/OmegaFlex_FGP_630_176809.pdf\">Voir la brochure du produit TracPipe\u00ae CounterStrike\u00ae (2 pages)<\/a><\/div>\n\t<div class=\"wpb_text_column wpb_content_element\" >\n\t\t<div class=\"wpb_wrapper\">\n\t\t\t<p><img loading=\"lazy\" decoding=\"async\" class=\"alignnone\" src=\"\/wp-content\/uploads\/CounterStrike_05.jpg\" alt=\"Stainless Steel Tubing - TracPipe Canada\" width=\"222\" height=\"196\" \/><br \/>\n<img loading=\"lazy\" decoding=\"async\" class=\"alignnone\" src=\"\/wp-content\/uploads\/CounterStrike_12.gif\" alt=\"Gas Pipe Sizing TracPipe Canada\" width=\"238\" height=\"235\" \/><br \/>\n<img loading=\"lazy\" decoding=\"async\" class=\"alignnone\" src=\"\/wp-content\/uploads\/CounterStrike_Chart.jpg\" alt=\"Gas Piping - TracPipe Canada\" width=\"238\" height=\"234\" \/><\/p>\n\n\t\t<\/div>\n\t<\/div>\n<\/div>  <\/div>  <\/div><\/section>","protected":false},"excerpt":{"rendered":"As part of our ongoing process of continuing improvement, Omega Flex has developed an improved version of TracPipe\u00ae\u00a0CounterStrike\u00ae. This is a second-generation product that is an effective but affordable tool in increasing the protection corrugated stainless steel tubing of CSST gas piping systems from the damage caused by nearby, indirect lightning strikes. This version takes [...]","protected":false},"author":2,"featured_media":1964,"parent":1932,"menu_order":0,"comment_status":"closed","ping_status":"closed","template":"","meta":{"footnotes":""},"class_list":["post-2591","page","type-page","status-publish","has-post-thumbnail","hentry"],"yoast_head":"<!-- This site is optimized with the Yoast SEO plugin v27.0 - https:\/\/yoast.com\/product\/yoast-seo-wordpress\/ -->\n<title>CSST | Stainless Steel Tubing | Gas Piping | Tracpipe\u00ae Counterstrike\u00ae<\/title>\n<meta name=\"description\" content=\"Omega Flex has developed a version of TracPipe\u00aeCounterStrike\u00ae which increases the protection of corrugated stainless steel tubing of gas piping systems.\" \/>\n<meta name=\"robots\" content=\"index, follow, max-snippet:-1, max-image-preview:large, max-video-preview:-1\" \/>\n<link rel=\"canonical\" href=\"https:\/\/tracpipe.ca\/fr\/gas-piping-products\/tracpipe-counterstrike\/\" \/>\n<meta property=\"og:locale\" content=\"fr_CA\" \/>\n<meta property=\"og:type\" content=\"article\" \/>\n<meta property=\"og:title\" content=\"CSST | Stainless Steel Tubing | Gas Piping | Tracpipe\u00ae Counterstrike\u00ae\" \/>\n<meta property=\"og:description\" content=\"Omega Flex has developed a version of TracPipe\u00aeCounterStrike\u00ae which increases the protection of corrugated stainless steel tubing of gas piping systems.\" \/>\n<meta property=\"og:url\" content=\"https:\/\/tracpipe.ca\/fr\/gas-piping-products\/tracpipe-counterstrike\/\" \/>\n<meta property=\"og:site_name\" content=\"TracPipe Canada\" \/>\n<meta property=\"article:modified_time\" content=\"2019-12-13T19:13:58+00:00\" \/>\n<meta property=\"og:image\" content=\"https:\/\/tracpipe.ca\/wp-content\/uploads\/slide1.jpg\" \/>\n\t<meta property=\"og:image:width\" content=\"1670\" \/>\n\t<meta property=\"og:image:height\" content=\"581\" \/>\n\t<meta property=\"og:image:type\" content=\"image\/jpeg\" \/>\n<meta name=\"twitter:card\" content=\"summary_large_image\" \/>\n<meta name=\"twitter:label1\" content=\"Est. reading time\" \/>\n\t<meta name=\"twitter:data1\" content=\"3 minutes\" \/>\n<script type=\"application\/ld+json\" class=\"yoast-schema-graph\">{\"@context\":\"https:\/\/schema.org\",\"@graph\":[{\"@type\":\"WebPage\",\"@id\":\"https:\/\/tracpipe.ca\/gas-piping-products\/tracpipe-counterstrike\/\",\"url\":\"https:\/\/tracpipe.ca\/gas-piping-products\/tracpipe-counterstrike\/\",\"name\":\"CSST | Stainless Steel Tubing | Gas Piping | Tracpipe\u00ae Counterstrike\u00ae\",\"isPartOf\":{\"@id\":\"https:\/\/tracpipe.ca\/#website\"},\"primaryImageOfPage\":{\"@id\":\"https:\/\/tracpipe.ca\/gas-piping-products\/tracpipe-counterstrike\/#primaryimage\"},\"image\":{\"@id\":\"https:\/\/tracpipe.ca\/gas-piping-products\/tracpipe-counterstrike\/#primaryimage\"},\"thumbnailUrl\":\"https:\/\/tracpipe.ca\/wp-content\/uploads\/slide1.jpg\",\"datePublished\":\"2014-11-19T18:16:14+00:00\",\"dateModified\":\"2019-12-13T19:13:58+00:00\",\"description\":\"Omega Flex has developed a version of TracPipe\u00aeCounterStrike\u00ae which increases the protection of corrugated stainless steel tubing of gas piping systems.\",\"breadcrumb\":{\"@id\":\"https:\/\/tracpipe.ca\/gas-piping-products\/tracpipe-counterstrike\/#breadcrumb\"},\"inLanguage\":\"fr-CA\",\"potentialAction\":[{\"@type\":\"ReadAction\",\"target\":[\"https:\/\/tracpipe.ca\/gas-piping-products\/tracpipe-counterstrike\/\"]}]},{\"@type\":\"ImageObject\",\"inLanguage\":\"fr-CA\",\"@id\":\"https:\/\/tracpipe.ca\/gas-piping-products\/tracpipe-counterstrike\/#primaryimage\",\"url\":\"https:\/\/tracpipe.ca\/wp-content\/uploads\/slide1.jpg\",\"contentUrl\":\"https:\/\/tracpipe.ca\/wp-content\/uploads\/slide1.jpg\",\"width\":1670,\"height\":581,\"caption\":\"Flexible Gas Piping - TracPipe Canada\"},{\"@type\":\"BreadcrumbList\",\"@id\":\"https:\/\/tracpipe.ca\/gas-piping-products\/tracpipe-counterstrike\/#breadcrumb\",\"itemListElement\":[{\"@type\":\"ListItem\",\"position\":1,\"name\":\"Home\",\"item\":\"https:\/\/tracpipe.ca\/\"},{\"@type\":\"ListItem\",\"position\":2,\"name\":\"Gas Piping Products\",\"item\":\"https:\/\/tracpipe.ca\/gas-piping-products\/\"},{\"@type\":\"ListItem\",\"position\":3,\"name\":\"TracPipe CounterStrike\"}]},{\"@type\":\"WebSite\",\"@id\":\"https:\/\/tracpipe.ca\/#website\",\"url\":\"https:\/\/tracpipe.ca\/\",\"name\":\"TracPipe Canada\",\"description\":\"\",\"potentialAction\":[{\"@type\":\"SearchAction\",\"target\":{\"@type\":\"EntryPoint\",\"urlTemplate\":\"https:\/\/tracpipe.ca\/?s={search_term_string}\"},\"query-input\":{\"@type\":\"PropertyValueSpecification\",\"valueRequired\":true,\"valueName\":\"search_term_string\"}}],\"inLanguage\":\"fr-CA\"}]}<\/script>\n<!-- \/ Yoast SEO plugin. -->","yoast_head_json":{"title":"CSST | Tubes en acier inoxydable | Tuyauterie gaz | Tracpipe\u00ae Counterstrike","description":"Omega Flex a d\u00e9velopp\u00e9 une version de TracPipe\u00aeCounterStrike\u00ae qui augmente la protection des tubes ondul\u00e9s en acier inoxydable des syst\u00e8mes de tuyauterie de gaz.","robots":{"index":"index","follow":"follow","max-snippet":"max-snippet:-1","max-image-preview":"max-image-preview:large","max-video-preview":"max-video-preview:-1"},"canonical":"https:\/\/tracpipe.ca\/fr\/gas-piping-products\/tracpipe-counterstrike\/","og_locale":"fr_CA","og_type":"article","og_title":"CSST | Stainless Steel Tubing | Gas Piping | Tracpipe\u00ae Counterstrike\u00ae","og_description":"Omega Flex has developed a version of TracPipe\u00aeCounterStrike\u00ae which increases the protection of corrugated stainless steel tubing of gas piping systems.","og_url":"https:\/\/tracpipe.ca\/fr\/gas-piping-products\/tracpipe-counterstrike\/","og_site_name":"TracPipe Canada","article_modified_time":"2019-12-13T19:13:58+00:00","og_image":[{"width":1670,"height":581,"url":"https:\/\/tracpipe.ca\/wp-content\/uploads\/slide1.jpg","type":"image\/jpeg"}],"twitter_card":"summary_large_image","twitter_misc":{"Est. reading time":"3 minutes"},"schema":{"@context":"https:\/\/schema.org","@graph":[{"@type":"WebPage","@id":"https:\/\/tracpipe.ca\/gas-piping-products\/tracpipe-counterstrike\/","url":"https:\/\/tracpipe.ca\/gas-piping-products\/tracpipe-counterstrike\/","name":"CSST | Tubes en acier inoxydable | Tuyauterie gaz | Tracpipe\u00ae Counterstrike","isPartOf":{"@id":"https:\/\/tracpipe.ca\/#website"},"primaryImageOfPage":{"@id":"https:\/\/tracpipe.ca\/gas-piping-products\/tracpipe-counterstrike\/#primaryimage"},"image":{"@id":"https:\/\/tracpipe.ca\/gas-piping-products\/tracpipe-counterstrike\/#primaryimage"},"thumbnailUrl":"https:\/\/tracpipe.ca\/wp-content\/uploads\/slide1.jpg","datePublished":"2014-11-19T18:16:14+00:00","dateModified":"2019-12-13T19:13:58+00:00","description":"Omega Flex a d\u00e9velopp\u00e9 une version de TracPipe\u00aeCounterStrike\u00ae qui augmente la protection des tubes ondul\u00e9s en acier inoxydable des syst\u00e8mes de tuyauterie de gaz.","breadcrumb":{"@id":"https:\/\/tracpipe.ca\/gas-piping-products\/tracpipe-counterstrike\/#breadcrumb"},"inLanguage":"fr-CA","potentialAction":[{"@type":"ReadAction","target":["https:\/\/tracpipe.ca\/gas-piping-products\/tracpipe-counterstrike\/"]}]},{"@type":"ImageObject","inLanguage":"fr-CA","@id":"https:\/\/tracpipe.ca\/gas-piping-products\/tracpipe-counterstrike\/#primaryimage","url":"https:\/\/tracpipe.ca\/wp-content\/uploads\/slide1.jpg","contentUrl":"https:\/\/tracpipe.ca\/wp-content\/uploads\/slide1.jpg","width":1670,"height":581,"caption":"Flexible Gas Piping - TracPipe Canada"},{"@type":"BreadcrumbList","@id":"https:\/\/tracpipe.ca\/gas-piping-products\/tracpipe-counterstrike\/#breadcrumb","itemListElement":[{"@type":"ListItem","position":1,"name":"Home","item":"https:\/\/tracpipe.ca\/"},{"@type":"ListItem","position":2,"name":"Gas Piping Products","item":"https:\/\/tracpipe.ca\/gas-piping-products\/"},{"@type":"ListItem","position":3,"name":"TracPipe CounterStrike"}]},{"@type":"WebSite","@id":"https:\/\/tracpipe.ca\/#website","url":"https:\/\/tracpipe.ca\/","name":"TracPipe Canada","description":"","potentialAction":[{"@type":"SearchAction","target":{"@type":"EntryPoint","urlTemplate":"https:\/\/tracpipe.ca\/?s={search_term_string}"},"query-input":{"@type":"PropertyValueSpecification","valueRequired":true,"valueName":"search_term_string"}}],"inLanguage":"fr-CA"}]}},"_links":{"self":[{"href":"https:\/\/tracpipe.ca\/fr\/wp-json\/wp\/v2\/pages\/2591","targetHints":{"allow":["GET"]}}],"collection":[{"href":"https:\/\/tracpipe.ca\/fr\/wp-json\/wp\/v2\/pages"}],"about":[{"href":"https:\/\/tracpipe.ca\/fr\/wp-json\/wp\/v2\/types\/page"}],"author":[{"embeddable":true,"href":"https:\/\/tracpipe.ca\/fr\/wp-json\/wp\/v2\/users\/2"}],"replies":[{"embeddable":true,"href":"https:\/\/tracpipe.ca\/fr\/wp-json\/wp\/v2\/comments?post=2591"}],"version-history":[{"count":0,"href":"https:\/\/tracpipe.ca\/fr\/wp-json\/wp\/v2\/pages\/2591\/revisions"}],"up":[{"embeddable":true,"href":"https:\/\/tracpipe.ca\/fr\/wp-json\/wp\/v2\/pages\/1932"}],"wp:featuredmedia":[{"embeddable":true,"href":"https:\/\/tracpipe.ca\/fr\/wp-json\/wp\/v2\/media\/1964"}],"wp:attachment":[{"href":"https:\/\/tracpipe.ca\/fr\/wp-json\/wp\/v2\/media?parent=2591"}],"curies":[{"name":"wp","href":"https:\/\/api.w.org\/{rel}","templated":true}]}}