{"id":2378,"date":"2014-11-17T09:43:20","date_gmt":"2014-11-17T14:43:20","guid":{"rendered":"http:\/\/173.254.96.82\/~tracpipe\/?page_id=2378"},"modified":"2025-05-28T11:18:46","modified_gmt":"2025-05-28T15:18:46","slug":"literature","status":"publish","type":"page","link":"https:\/\/tracpipe.ca\/fr\/gas-piping-products\/literature\/","title":{"rendered":"Litt\u00e9rature"},"content":{"rendered":"<section id=\"\"  class=\"light\"> <div class=\"container\">  <div class=\"row\"><div class=\"col-md-6  text-default\" >\n\t<div class=\"wpb_text_column wpb_content_element\" >\n\t\t<div class=\"wpb_wrapper\">\n\t\t\t<h2>Litt\u00e9rature sur les produits<\/h2>\n<p><a href=\"\/wp-content\/uploads\/FGP-745CAN_Catalog-2025-April25.pdf\" target=\"_blank\" rel=\"noopener noreferrer\">Catalogue des produits<\/a><br \/>\nFGP-745 CAN<br \/>\nL\u00e0 o\u00f9 les connexions rapides comme l'\u00e9clair rencontrent les conduites de gaz r\u00e9sistantes \u00e0 la foudre !<br \/>\n<a href=\"\/wp-content\/uploads\/FGP-745CAN_Catalog-2025-April25.pdf\" target=\"_blank\" rel=\"noopener noreferrer\">T\u00e9l\u00e9charger le PDF<\/a><\/p>\n<hr \/>\n<p><a href=\"\/wp-content\/uploads\/FGP-020_Rev_0424_lr.pdf\" target=\"_blank\" rel=\"noopener noreferrer\">TracPipe\u00ae CounterStrike<sup>\u00ae<\/sup>: Gagner du temps, gagner de l'argent<\/a><br \/>\nFGP-020<br \/>\nTracPipe<sup>\u00ae<\/sup> CounterStrike<sup>\u00ae<\/sup> est rentable, s\u00fbr et totalement fiable.<br \/>\n<a href=\"\/wp-content\/uploads\/FGP-020_Rev_0424_lr.pdf\" target=\"_blank\" rel=\"noopener noreferrer\">T\u00e9l\u00e9charger le PDF<\/a><\/p>\n<hr \/>\n<p><a href=\"\/wp-content\/uploads\/OmegaFlex_FGP_099.pdf\" target=\"_blank\" rel=\"noopener noreferrer\">TracPipe<sup>\u00ae<\/sup> CounterStrike<sup>\u00ae<\/sup> Brochure PS-II<\/a><br \/>\nFGP-099<br \/>\nLE SYST\u00c8ME SOUTERRAIN Tuyauterie flexible de gaz \u00e0 gaine de poly\u00e9thyl\u00e8ne par OmegaFlex.<br \/>\n<a href=\"\/wp-content\/uploads\/OmegaFlex_FGP_099.pdf\" target=\"_blank\" rel=\"noopener noreferrer\">T\u00e9l\u00e9charger le PDF<\/a><\/p>\n\n\t\t<\/div>\n\t<\/div>\n<\/div>  <\/div>  <\/div><\/section>","protected":false},"excerpt":{"rendered":"Documentation sur les produits Catalogue des produits FGP-745 CAN Lorsque les connexions rapides comme l'\u00e9clair rencontrent la tuyauterie de gaz r\u00e9sistante \u00e0 l'\u00e9clair ! T\u00e9l\u00e9charger le PDF TracPipe\u00ae CounterStrike\u00ae : Gain de temps, gain d'argent FGP-020 TracPipe\u00ae CounterStrike\u00ae est rentable, s\u00fbr et totalement fiable. T\u00e9l\u00e9charger le PDF Brochure TracPipe\u00ae CounterStrike\u00ae PS-II FGP-099 LE SYST\u00c8ME SOUTERRAIN Tuyauterie de gaz flexible \u00e0 gaine de poly\u00e9thyl\u00e8ne par OmegaFlex. T\u00e9l\u00e9charger le PDF","protected":false},"author":2,"featured_media":1964,"parent":1932,"menu_order":0,"comment_status":"closed","ping_status":"closed","template":"","meta":{"footnotes":""},"class_list":["post-2378","page","type-page","status-publish","has-post-thumbnail","hentry"],"yoast_head":"<!-- This site is optimized with the Yoast SEO plugin v27.0 - https:\/\/yoast.com\/product\/yoast-seo-wordpress\/ -->\n<title>Gas Piping Product Literature | Flexible Gas Line - TracPipe\u00ae Canada<\/title>\n<meta name=\"description\" content=\"Product literature &amp; brochures on our entire line of TracPipe\u00ae CounterStrike\u00ae products, AutoSnap\u00ae fittings, lightning safety, excess flow valves &amp; more.\" \/>\n<meta name=\"robots\" content=\"index, follow, max-snippet:-1, max-image-preview:large, max-video-preview:-1\" \/>\n<link rel=\"canonical\" href=\"https:\/\/tracpipe.ca\/fr\/gas-piping-products\/literature\/\" \/>\n<meta property=\"og:locale\" content=\"fr_CA\" \/>\n<meta property=\"og:type\" content=\"article\" \/>\n<meta property=\"og:title\" content=\"Gas Piping Product Literature | Flexible Gas Line - TracPipe\u00ae Canada\" \/>\n<meta property=\"og:description\" content=\"Product literature &amp; brochures on our entire line of TracPipe\u00ae CounterStrike\u00ae products, AutoSnap\u00ae fittings, lightning safety, excess flow valves &amp; more.\" \/>\n<meta property=\"og:url\" content=\"https:\/\/tracpipe.ca\/fr\/gas-piping-products\/literature\/\" \/>\n<meta property=\"og:site_name\" content=\"TracPipe Canada\" \/>\n<meta property=\"article:modified_time\" content=\"2025-05-28T15:18:46+00:00\" \/>\n<meta property=\"og:image\" content=\"https:\/\/tracpipe.ca\/wp-content\/uploads\/slide1.jpg\" \/>\n\t<meta property=\"og:image:width\" content=\"1670\" \/>\n\t<meta property=\"og:image:height\" content=\"581\" \/>\n\t<meta property=\"og:image:type\" content=\"image\/jpeg\" \/>\n<meta name=\"twitter:card\" content=\"summary_large_image\" \/>\n<meta name=\"twitter:label1\" content=\"Est. reading time\" \/>\n\t<meta name=\"twitter:data1\" content=\"1 minute\" \/>\n<script type=\"application\/ld+json\" class=\"yoast-schema-graph\">{\"@context\":\"https:\/\/schema.org\",\"@graph\":[{\"@type\":\"WebPage\",\"@id\":\"https:\/\/tracpipe.ca\/gas-piping-products\/literature\/\",\"url\":\"https:\/\/tracpipe.ca\/gas-piping-products\/literature\/\",\"name\":\"Gas Piping Product Literature | Flexible Gas Line - TracPipe\u00ae Canada\",\"isPartOf\":{\"@id\":\"https:\/\/tracpipe.ca\/#website\"},\"primaryImageOfPage\":{\"@id\":\"https:\/\/tracpipe.ca\/gas-piping-products\/literature\/#primaryimage\"},\"image\":{\"@id\":\"https:\/\/tracpipe.ca\/gas-piping-products\/literature\/#primaryimage\"},\"thumbnailUrl\":\"https:\/\/tracpipe.ca\/wp-content\/uploads\/slide1.jpg\",\"datePublished\":\"2014-11-17T14:43:20+00:00\",\"dateModified\":\"2025-05-28T15:18:46+00:00\",\"description\":\"Product literature & brochures on our entire line of TracPipe\u00ae CounterStrike\u00ae products, AutoSnap\u00ae fittings, lightning safety, excess flow valves & more.\",\"breadcrumb\":{\"@id\":\"https:\/\/tracpipe.ca\/gas-piping-products\/literature\/#breadcrumb\"},\"inLanguage\":\"fr-CA\",\"potentialAction\":[{\"@type\":\"ReadAction\",\"target\":[\"https:\/\/tracpipe.ca\/gas-piping-products\/literature\/\"]}]},{\"@type\":\"ImageObject\",\"inLanguage\":\"fr-CA\",\"@id\":\"https:\/\/tracpipe.ca\/gas-piping-products\/literature\/#primaryimage\",\"url\":\"https:\/\/tracpipe.ca\/wp-content\/uploads\/slide1.jpg\",\"contentUrl\":\"https:\/\/tracpipe.ca\/wp-content\/uploads\/slide1.jpg\",\"width\":1670,\"height\":581,\"caption\":\"Flexible Gas Piping - TracPipe Canada\"},{\"@type\":\"BreadcrumbList\",\"@id\":\"https:\/\/tracpipe.ca\/gas-piping-products\/literature\/#breadcrumb\",\"itemListElement\":[{\"@type\":\"ListItem\",\"position\":1,\"name\":\"Home\",\"item\":\"https:\/\/tracpipe.ca\/\"},{\"@type\":\"ListItem\",\"position\":2,\"name\":\"Gas Piping Products\",\"item\":\"https:\/\/tracpipe.ca\/gas-piping-products\/\"},{\"@type\":\"ListItem\",\"position\":3,\"name\":\"Literature\"}]},{\"@type\":\"WebSite\",\"@id\":\"https:\/\/tracpipe.ca\/#website\",\"url\":\"https:\/\/tracpipe.ca\/\",\"name\":\"TracPipe Canada\",\"description\":\"\",\"potentialAction\":[{\"@type\":\"SearchAction\",\"target\":{\"@type\":\"EntryPoint\",\"urlTemplate\":\"https:\/\/tracpipe.ca\/?s={search_term_string}\"},\"query-input\":{\"@type\":\"PropertyValueSpecification\",\"valueRequired\":true,\"valueName\":\"search_term_string\"}}],\"inLanguage\":\"fr-CA\"}]}<\/script>\n<!-- \/ Yoast SEO plugin. -->","yoast_head_json":{"title":"Documentation sur la tuyauterie de gaz | Conduite de gaz flexible - TracPipe\u00ae Canada","description":"Documentation et brochures sur notre gamme compl\u00e8te de produits TracPipe\u00ae CounterStrike\u00ae, les raccords AutoSnap\u00ae, la s\u00e9curit\u00e9 contre la foudre, les vannes de d\u00e9bit excessif et plus encore.","robots":{"index":"index","follow":"follow","max-snippet":"max-snippet:-1","max-image-preview":"max-image-preview:large","max-video-preview":"max-video-preview:-1"},"canonical":"https:\/\/tracpipe.ca\/fr\/gas-piping-products\/literature\/","og_locale":"fr_CA","og_type":"article","og_title":"Gas Piping Product Literature | Flexible Gas Line - TracPipe\u00ae Canada","og_description":"Product literature & brochures on our entire line of TracPipe\u00ae CounterStrike\u00ae products, AutoSnap\u00ae fittings, lightning safety, excess flow valves & more.","og_url":"https:\/\/tracpipe.ca\/fr\/gas-piping-products\/literature\/","og_site_name":"TracPipe Canada","article_modified_time":"2025-05-28T15:18:46+00:00","og_image":[{"width":1670,"height":581,"url":"https:\/\/tracpipe.ca\/wp-content\/uploads\/slide1.jpg","type":"image\/jpeg"}],"twitter_card":"summary_large_image","twitter_misc":{"Est. reading time":"1 minute"},"schema":{"@context":"https:\/\/schema.org","@graph":[{"@type":"WebPage","@id":"https:\/\/tracpipe.ca\/gas-piping-products\/literature\/","url":"https:\/\/tracpipe.ca\/gas-piping-products\/literature\/","name":"Documentation sur la tuyauterie de gaz | Conduite de gaz flexible - TracPipe\u00ae Canada","isPartOf":{"@id":"https:\/\/tracpipe.ca\/#website"},"primaryImageOfPage":{"@id":"https:\/\/tracpipe.ca\/gas-piping-products\/literature\/#primaryimage"},"image":{"@id":"https:\/\/tracpipe.ca\/gas-piping-products\/literature\/#primaryimage"},"thumbnailUrl":"https:\/\/tracpipe.ca\/wp-content\/uploads\/slide1.jpg","datePublished":"2014-11-17T14:43:20+00:00","dateModified":"2025-05-28T15:18:46+00:00","description":"Documentation et brochures sur notre gamme compl\u00e8te de produits TracPipe\u00ae CounterStrike\u00ae, les raccords AutoSnap\u00ae, la s\u00e9curit\u00e9 contre la foudre, les vannes de d\u00e9bit excessif et plus encore.","breadcrumb":{"@id":"https:\/\/tracpipe.ca\/gas-piping-products\/literature\/#breadcrumb"},"inLanguage":"fr-CA","potentialAction":[{"@type":"ReadAction","target":["https:\/\/tracpipe.ca\/gas-piping-products\/literature\/"]}]},{"@type":"ImageObject","inLanguage":"fr-CA","@id":"https:\/\/tracpipe.ca\/gas-piping-products\/literature\/#primaryimage","url":"https:\/\/tracpipe.ca\/wp-content\/uploads\/slide1.jpg","contentUrl":"https:\/\/tracpipe.ca\/wp-content\/uploads\/slide1.jpg","width":1670,"height":581,"caption":"Flexible Gas Piping - TracPipe Canada"},{"@type":"BreadcrumbList","@id":"https:\/\/tracpipe.ca\/gas-piping-products\/literature\/#breadcrumb","itemListElement":[{"@type":"ListItem","position":1,"name":"Home","item":"https:\/\/tracpipe.ca\/"},{"@type":"ListItem","position":2,"name":"Gas Piping Products","item":"https:\/\/tracpipe.ca\/gas-piping-products\/"},{"@type":"ListItem","position":3,"name":"Literature"}]},{"@type":"WebSite","@id":"https:\/\/tracpipe.ca\/#website","url":"https:\/\/tracpipe.ca\/","name":"TracPipe Canada","description":"","potentialAction":[{"@type":"SearchAction","target":{"@type":"EntryPoint","urlTemplate":"https:\/\/tracpipe.ca\/?s={search_term_string}"},"query-input":{"@type":"PropertyValueSpecification","valueRequired":true,"valueName":"search_term_string"}}],"inLanguage":"fr-CA"}]}},"_links":{"self":[{"href":"https:\/\/tracpipe.ca\/fr\/wp-json\/wp\/v2\/pages\/2378","targetHints":{"allow":["GET"]}}],"collection":[{"href":"https:\/\/tracpipe.ca\/fr\/wp-json\/wp\/v2\/pages"}],"about":[{"href":"https:\/\/tracpipe.ca\/fr\/wp-json\/wp\/v2\/types\/page"}],"author":[{"embeddable":true,"href":"https:\/\/tracpipe.ca\/fr\/wp-json\/wp\/v2\/users\/2"}],"replies":[{"embeddable":true,"href":"https:\/\/tracpipe.ca\/fr\/wp-json\/wp\/v2\/comments?post=2378"}],"version-history":[{"count":0,"href":"https:\/\/tracpipe.ca\/fr\/wp-json\/wp\/v2\/pages\/2378\/revisions"}],"up":[{"embeddable":true,"href":"https:\/\/tracpipe.ca\/fr\/wp-json\/wp\/v2\/pages\/1932"}],"wp:featuredmedia":[{"embeddable":true,"href":"https:\/\/tracpipe.ca\/fr\/wp-json\/wp\/v2\/media\/1964"}],"wp:attachment":[{"href":"https:\/\/tracpipe.ca\/fr\/wp-json\/wp\/v2\/media?parent=2378"}],"curies":[{"name":"wp","href":"https:\/\/api.w.org\/{rel}","templated":true}]}}