{"id":2348,"date":"2014-11-14T16:16:08","date_gmt":"2014-11-14T21:16:08","guid":{"rendered":"http:\/\/173.254.96.82\/~tracpipe\/?page_id=2348"},"modified":"2014-11-14T16:16:08","modified_gmt":"2014-11-14T21:16:08","slug":"residential-case-studies","status":"publish","type":"page","link":"https:\/\/tracpipe.ca\/fr\/residential-applications\/residential-case-studies\/","title":{"rendered":"\u00c9tudes de cas r\u00e9sidentiels"},"content":{"rendered":"<section id=\"\"  class=\"light\"> <div class=\"container\">  <div class=\"row\"><div class=\"col-md-8  text-default\" >\n\t<div class=\"wpb_text_column wpb_content_element\" >\n\t\t<div class=\"wpb_wrapper\">\n\t\t\t<p>Rentable et fiable - TracPipe<sup>\u00ae<\/sup> CounterStrike<sup>\u00ae<\/sup> est la tuyauterie de gaz id\u00e9ale pour les nouvelles constructions, les r\u00e9novations et les projets d'am\u00e9lioration. Elle permet de r\u00e9aliser des \u00e9conomies d\u00e9montr\u00e9es dans les constructions r\u00e9sidentielles unifamiliales et multifamiliales.<\/p>\n<h2>Une meilleure fa\u00e7on d'installer le gaz naturel et le propane<\/h2>\n<p>TracPipe<sup>\u00ae<\/sup> CounterStrike<sup>\u00ae<\/sup>Les grandes longueurs de TracPipe, sa capacit\u00e9 \u00e0 se plier aux obstacles et ses raccords faciles \u00e0 utiliser en font un produit rapide \u00e0 installer. De plus, TracPipe<sup>\u00ae<\/sup> CounterStrike<sup>\u00ae<\/sup> est facilement extensible, ce qui vous donne le temps d'installer des am\u00e9liorations telles que des chemin\u00e9es \u00e0 gaz, des chauffages de garage, des buanderies au deuxi\u00e8me \u00e9tage, des grils \u00e0 gaz, tout en \u00e9tant hors site avant l'arriv\u00e9e de l'\u00e9quipe charg\u00e9e de la pose des cloisons s\u00e8ches.<\/p>\n<h2>Moins de probl\u00e8mes, plus de profits<\/h2>\n<p>Une bobine de 250 pieds de 1\/2\u2033 TracPipe<sup>\u00ae<\/sup> CounterStrike<sup>\u00ae<\/sup> ne p\u00e8se que 40 livres, ce qui le rend plus facile \u00e0 manipuler dans l'atelier, dans la camionnette et sur le chantier. Les raccords AutoFlare \u00e9liminent le besoin de machines \u00e0 fileter les tuyaux pour un chantier plus s\u00fbr et plus propre. Vos \u00e9quipes appr\u00e9cieront TracPipe<sup>\u00ae<\/sup> CounterStrike<sup>\u00ae<\/sup>La l\u00e9g\u00e8ret\u00e9 de TracPipe et ses longues courses permettent de travailler au-dessus de la t\u00eate. TracPipe<sup>\u00ae<\/sup> CounterStrike<sup>\u00ae<\/sup> sur le chantier signifie moins d'heures de travail et plus de profit pour vous. TracPipe<sup>\u00ae<\/sup> CounterStrike<sup>\u00ae<\/sup> Il a \u00e9galement \u00e9t\u00e9 prouv\u00e9 que l'acier inoxydable permet d'\u00e9conomiser du temps et de l'argent par rapport au tube en cuivre, et que l'acier inoxydable n'est pas soumis aux limitations de la teneur en soufre impos\u00e9es au tube en cuivre.<\/p>\n<h2>Les propri\u00e9taires veulent du gaz naturel<\/h2>\n<p>Le gaz est propre, abondant et plus efficace que l'\u00e9lectricit\u00e9 ou le p\u00e9trole. Maintenant avec TracPipe<sup>\u00ae<\/sup> CounterStrike<sup>\u00ae<\/sup>Le chauffage et les appareils au gaz peuvent \u00eatre install\u00e9s \u00e0 un co\u00fbt comp\u00e9titif par rapport \u00e0 l'\u00e9lectricit\u00e9, m\u00eame dans les logements collectifs.<\/p>\n\n\t\t<\/div>\n\t<\/div>\n<\/div><div class=\"col-md-4  text-default\" >\n\t<div class=\"wpb_text_column wpb_content_element\" >\n\t\t<div class=\"wpb_wrapper\">\n\t\t\t<h2>T\u00e9l\u00e9charger les \u00e9tudes de cas<\/h2>\n<ul>\n<li><a href=\"\/wp-content\/uploads\/Case_Study_FGP547.pdf\" target=\"_blank\" rel=\"noopener noreferrer\">TracPipe<sup>\u00ae<\/sup>CounterStrike<sup>\u00ae<\/sup> Tuyauterie de gaz flexible dans les structures r\u00e9sidentielles<\/a><\/li>\n<li><a href=\"\/wp-content\/uploads\/OmegaFlex_FGP_575.pdf\" target=\"_blank\" rel=\"noopener noreferrer\">CounterStrike<sup>\u00ae<\/sup> dans Pr\u00e9vention des incendies domestiques <\/a><\/li>\n<li><a href=\"\/wp-content\/uploads\/OmegaFlex_FGP_732_170861.pdf\" target=\"_blank\" rel=\"noopener noreferrer\">Am\u00e9lioration des performances sismiques GRATUITEMENT<\/a><\/li>\n<li><a href=\"\/wp-content\/uploads\/Omegaflex_FGP_577_178254.pdf\" target=\"_blank\" rel=\"noopener noreferrer\">TracPipe<sup>\u00ae<\/sup> PS-II dans les immeubles collectifs<\/a><\/li>\n<\/ul>\n\n\t\t<\/div>\n\t<\/div>\n<\/div>  <\/div>  <\/div><\/section>","protected":false},"excerpt":{"rendered":"Cost-effective and reliable \u2013 TracPipe\u00ae CounterStrike\u00ae is the ideal gas piping for new construction, rehab, and retrofit projects. It offers demonstrated savings in single and multi-family residential construction. A better way to install natural gas and propane TracPipe\u00ae CounterStrike\u00ae's long lengths, ability to bend around obstacles, and easy-to-use fittings make it fast to install. Plus, [...]","protected":false},"author":2,"featured_media":1964,"parent":1970,"menu_order":0,"comment_status":"closed","ping_status":"closed","template":"","meta":{"footnotes":""},"class_list":["post-2348","page","type-page","status-publish","has-post-thumbnail","hentry"],"yoast_head":"<!-- This site is optimized with the Yoast SEO plugin v27.0 - https:\/\/yoast.com\/product\/yoast-seo-wordpress\/ -->\n<title>TracPipe\u00ae CounterStrike\u00ae Residential Case Studies - TracPipe\u00ae Canada<\/title>\n<meta name=\"description\" content=\"Cost-effective and reliable \u2013 TracPipe\u00ae CounterStrike\u00ae is the ideal gas piping for new residential construction, rehab, and retrofit projects.\" \/>\n<meta name=\"robots\" content=\"index, follow, max-snippet:-1, max-image-preview:large, max-video-preview:-1\" \/>\n<link rel=\"canonical\" href=\"https:\/\/tracpipe.ca\/fr\/residential-applications\/residential-case-studies\/\" \/>\n<meta property=\"og:locale\" content=\"fr_CA\" \/>\n<meta property=\"og:type\" content=\"article\" \/>\n<meta property=\"og:title\" content=\"TracPipe\u00ae CounterStrike\u00ae Residential Case Studies - TracPipe\u00ae Canada\" \/>\n<meta property=\"og:description\" content=\"Cost-effective and reliable \u2013 TracPipe\u00ae CounterStrike\u00ae is the ideal gas piping for new residential construction, rehab, and retrofit projects.\" \/>\n<meta property=\"og:url\" content=\"https:\/\/tracpipe.ca\/fr\/residential-applications\/residential-case-studies\/\" \/>\n<meta property=\"og:site_name\" content=\"TracPipe Canada\" \/>\n<meta property=\"og:image\" content=\"https:\/\/tracpipe.ca\/wp-content\/uploads\/slide1.jpg\" \/>\n\t<meta property=\"og:image:width\" content=\"1670\" \/>\n\t<meta property=\"og:image:height\" content=\"581\" \/>\n\t<meta property=\"og:image:type\" content=\"image\/jpeg\" \/>\n<meta name=\"twitter:card\" content=\"summary_large_image\" \/>\n<meta name=\"twitter:label1\" content=\"Est. reading time\" \/>\n\t<meta name=\"twitter:data1\" content=\"1 minute\" \/>\n<script type=\"application\/ld+json\" class=\"yoast-schema-graph\">{\"@context\":\"https:\/\/schema.org\",\"@graph\":[{\"@type\":\"WebPage\",\"@id\":\"https:\/\/tracpipe.ca\/residential-applications\/residential-case-studies\/\",\"url\":\"https:\/\/tracpipe.ca\/residential-applications\/residential-case-studies\/\",\"name\":\"TracPipe\u00ae CounterStrike\u00ae Residential Case Studies - TracPipe\u00ae Canada\",\"isPartOf\":{\"@id\":\"https:\/\/tracpipe.ca\/#website\"},\"primaryImageOfPage\":{\"@id\":\"https:\/\/tracpipe.ca\/residential-applications\/residential-case-studies\/#primaryimage\"},\"image\":{\"@id\":\"https:\/\/tracpipe.ca\/residential-applications\/residential-case-studies\/#primaryimage\"},\"thumbnailUrl\":\"https:\/\/tracpipe.ca\/wp-content\/uploads\/slide1.jpg\",\"datePublished\":\"2014-11-14T21:16:08+00:00\",\"description\":\"Cost-effective and reliable \u2013 TracPipe\u00ae CounterStrike\u00ae is the ideal gas piping for new residential construction, rehab, and retrofit projects.\",\"breadcrumb\":{\"@id\":\"https:\/\/tracpipe.ca\/residential-applications\/residential-case-studies\/#breadcrumb\"},\"inLanguage\":\"fr-CA\",\"potentialAction\":[{\"@type\":\"ReadAction\",\"target\":[\"https:\/\/tracpipe.ca\/residential-applications\/residential-case-studies\/\"]}]},{\"@type\":\"ImageObject\",\"inLanguage\":\"fr-CA\",\"@id\":\"https:\/\/tracpipe.ca\/residential-applications\/residential-case-studies\/#primaryimage\",\"url\":\"https:\/\/tracpipe.ca\/wp-content\/uploads\/slide1.jpg\",\"contentUrl\":\"https:\/\/tracpipe.ca\/wp-content\/uploads\/slide1.jpg\",\"width\":1670,\"height\":581,\"caption\":\"Flexible Gas Piping - TracPipe Canada\"},{\"@type\":\"BreadcrumbList\",\"@id\":\"https:\/\/tracpipe.ca\/residential-applications\/residential-case-studies\/#breadcrumb\",\"itemListElement\":[{\"@type\":\"ListItem\",\"position\":1,\"name\":\"Home\",\"item\":\"https:\/\/tracpipe.ca\/\"},{\"@type\":\"ListItem\",\"position\":2,\"name\":\"Residential Applications\",\"item\":\"https:\/\/tracpipe.ca\/residential-applications\/\"},{\"@type\":\"ListItem\",\"position\":3,\"name\":\"Residential Case Studies\"}]},{\"@type\":\"WebSite\",\"@id\":\"https:\/\/tracpipe.ca\/#website\",\"url\":\"https:\/\/tracpipe.ca\/\",\"name\":\"TracPipe Canada\",\"description\":\"\",\"potentialAction\":[{\"@type\":\"SearchAction\",\"target\":{\"@type\":\"EntryPoint\",\"urlTemplate\":\"https:\/\/tracpipe.ca\/?s={search_term_string}\"},\"query-input\":{\"@type\":\"PropertyValueSpecification\",\"valueRequired\":true,\"valueName\":\"search_term_string\"}}],\"inLanguage\":\"fr-CA\"}]}<\/script>\n<!-- \/ Yoast SEO plugin. -->","yoast_head_json":{"title":"\u00c9tudes de cas r\u00e9sidentielles TracPipe\u00ae CounterStrike\u00ae - TracPipe\u00ae Canada","description":"Rentable et fiable - TracPipe\u00ae CounterStrike\u00ae est la tuyauterie de gaz id\u00e9ale pour les nouvelles constructions r\u00e9sidentielles, les r\u00e9novations et les projets de modernisation.","robots":{"index":"index","follow":"follow","max-snippet":"max-snippet:-1","max-image-preview":"max-image-preview:large","max-video-preview":"max-video-preview:-1"},"canonical":"https:\/\/tracpipe.ca\/fr\/residential-applications\/residential-case-studies\/","og_locale":"fr_CA","og_type":"article","og_title":"TracPipe\u00ae CounterStrike\u00ae Residential Case Studies - TracPipe\u00ae Canada","og_description":"Cost-effective and reliable \u2013 TracPipe\u00ae CounterStrike\u00ae is the ideal gas piping for new residential construction, rehab, and retrofit projects.","og_url":"https:\/\/tracpipe.ca\/fr\/residential-applications\/residential-case-studies\/","og_site_name":"TracPipe Canada","og_image":[{"width":1670,"height":581,"url":"https:\/\/tracpipe.ca\/wp-content\/uploads\/slide1.jpg","type":"image\/jpeg"}],"twitter_card":"summary_large_image","twitter_misc":{"Est. reading time":"1 minute"},"schema":{"@context":"https:\/\/schema.org","@graph":[{"@type":"WebPage","@id":"https:\/\/tracpipe.ca\/residential-applications\/residential-case-studies\/","url":"https:\/\/tracpipe.ca\/residential-applications\/residential-case-studies\/","name":"\u00c9tudes de cas r\u00e9sidentielles TracPipe\u00ae CounterStrike\u00ae - TracPipe\u00ae Canada","isPartOf":{"@id":"https:\/\/tracpipe.ca\/#website"},"primaryImageOfPage":{"@id":"https:\/\/tracpipe.ca\/residential-applications\/residential-case-studies\/#primaryimage"},"image":{"@id":"https:\/\/tracpipe.ca\/residential-applications\/residential-case-studies\/#primaryimage"},"thumbnailUrl":"https:\/\/tracpipe.ca\/wp-content\/uploads\/slide1.jpg","datePublished":"2014-11-14T21:16:08+00:00","description":"Rentable et fiable - TracPipe\u00ae CounterStrike\u00ae est la tuyauterie de gaz id\u00e9ale pour les nouvelles constructions r\u00e9sidentielles, les r\u00e9novations et les projets de modernisation.","breadcrumb":{"@id":"https:\/\/tracpipe.ca\/residential-applications\/residential-case-studies\/#breadcrumb"},"inLanguage":"fr-CA","potentialAction":[{"@type":"ReadAction","target":["https:\/\/tracpipe.ca\/residential-applications\/residential-case-studies\/"]}]},{"@type":"ImageObject","inLanguage":"fr-CA","@id":"https:\/\/tracpipe.ca\/residential-applications\/residential-case-studies\/#primaryimage","url":"https:\/\/tracpipe.ca\/wp-content\/uploads\/slide1.jpg","contentUrl":"https:\/\/tracpipe.ca\/wp-content\/uploads\/slide1.jpg","width":1670,"height":581,"caption":"Flexible Gas Piping - TracPipe Canada"},{"@type":"BreadcrumbList","@id":"https:\/\/tracpipe.ca\/residential-applications\/residential-case-studies\/#breadcrumb","itemListElement":[{"@type":"ListItem","position":1,"name":"Home","item":"https:\/\/tracpipe.ca\/"},{"@type":"ListItem","position":2,"name":"Residential Applications","item":"https:\/\/tracpipe.ca\/residential-applications\/"},{"@type":"ListItem","position":3,"name":"Residential Case Studies"}]},{"@type":"WebSite","@id":"https:\/\/tracpipe.ca\/#website","url":"https:\/\/tracpipe.ca\/","name":"TracPipe Canada","description":"","potentialAction":[{"@type":"SearchAction","target":{"@type":"EntryPoint","urlTemplate":"https:\/\/tracpipe.ca\/?s={search_term_string}"},"query-input":{"@type":"PropertyValueSpecification","valueRequired":true,"valueName":"search_term_string"}}],"inLanguage":"fr-CA"}]}},"_links":{"self":[{"href":"https:\/\/tracpipe.ca\/fr\/wp-json\/wp\/v2\/pages\/2348","targetHints":{"allow":["GET"]}}],"collection":[{"href":"https:\/\/tracpipe.ca\/fr\/wp-json\/wp\/v2\/pages"}],"about":[{"href":"https:\/\/tracpipe.ca\/fr\/wp-json\/wp\/v2\/types\/page"}],"author":[{"embeddable":true,"href":"https:\/\/tracpipe.ca\/fr\/wp-json\/wp\/v2\/users\/2"}],"replies":[{"embeddable":true,"href":"https:\/\/tracpipe.ca\/fr\/wp-json\/wp\/v2\/comments?post=2348"}],"version-history":[{"count":0,"href":"https:\/\/tracpipe.ca\/fr\/wp-json\/wp\/v2\/pages\/2348\/revisions"}],"up":[{"embeddable":true,"href":"https:\/\/tracpipe.ca\/fr\/wp-json\/wp\/v2\/pages\/1970"}],"wp:featuredmedia":[{"embeddable":true,"href":"https:\/\/tracpipe.ca\/fr\/wp-json\/wp\/v2\/media\/1964"}],"wp:attachment":[{"href":"https:\/\/tracpipe.ca\/fr\/wp-json\/wp\/v2\/media?parent=2348"}],"curies":[{"name":"wp","href":"https:\/\/api.w.org\/{rel}","templated":true}]}}