{"id":2299,"date":"2014-11-14T14:37:36","date_gmt":"2014-11-14T19:37:36","guid":{"rendered":"http:\/\/173.254.96.82\/~tracpipe\/?page_id=2299"},"modified":"2025-10-09T15:20:30","modified_gmt":"2025-10-09T19:20:30","slug":"representatives","status":"publish","type":"page","link":"https:\/\/tracpipe.ca\/fr\/contact\/representatives\/","title":{"rendered":"Repr\u00e9sentants"},"content":{"rendered":"<section id=\"\"  class=\"light\"> <div class=\"container\">  <div class=\"row\"><div class=\"col-md-12  text-default\" >\n\t<div class=\"wpb_text_column wpb_content_element\" >\n\t\t<div class=\"wpb_wrapper\">\n\t\t\t<p>Si vous souhaitez parler \u00e0 un repr\u00e9sentant local, veuillez utiliser notre outil de recherche de repr\u00e9sentants pour trouver le repr\u00e9sentant TracPipe de votre territoire.<br \/>\nCliquez sur votre \u00e9tat, province ou pays pour obtenir les coordonn\u00e9es de votre repr\u00e9sentant TracPipe.<br \/>\n<div class=\"map_wrapper\" id=\"map_wrapper_5623\">\n<div class=\"map_box\" style=\"max-width:2000px\">\n<div class=\"map_aspect_ratio\" style=\"padding-top:56%\" data-padding-top=\"56%\" data-padding-top-mobile=\"0%\">\n<div class=\"map_container\">\n<div class=\"map_render map_loading\" id=\"map_5623\"><\/div>\n<\/div>\n<\/div>\n<\/div>\n<\/div>\n\n\t\t<\/div>\n\t<\/div>\n<\/div>  <\/div>  <\/div><\/section>","protected":false},"excerpt":{"rendered":"Si vous souhaitez parler \u00e0 un repr\u00e9sentant local, veuillez utiliser notre outil de recherche de repr\u00e9sentants pour trouver le repr\u00e9sentant TracPipe de votre territoire. Cliquez sur votre \u00e9tat, province ou pays pour obtenir les coordonn\u00e9es de votre repr\u00e9sentant TracPipe.","protected":false},"author":2,"featured_media":1964,"parent":2287,"menu_order":0,"comment_status":"closed","ping_status":"closed","template":"","meta":{"footnotes":""},"class_list":["post-2299","page","type-page","status-publish","has-post-thumbnail","hentry"],"yoast_head":"<!-- This site is optimized with the Yoast SEO plugin v27.0 - https:\/\/yoast.com\/product\/yoast-seo-wordpress\/ -->\n<title>Find a TracPipe\u00ae Sales Representative | Flexible Gas Pipe Sales<\/title>\n<meta name=\"description\" content=\"If you are interested in speaking with a local representative, please use our rep finder to locate the TracPipe\u00ae rep for your territory.\" \/>\n<meta name=\"robots\" content=\"index, follow, max-snippet:-1, max-image-preview:large, max-video-preview:-1\" \/>\n<link rel=\"canonical\" href=\"https:\/\/tracpipe.ca\/fr\/contact\/representatives\/\" \/>\n<meta property=\"og:locale\" content=\"fr_CA\" \/>\n<meta property=\"og:type\" content=\"article\" \/>\n<meta property=\"og:title\" content=\"Find a TracPipe\u00ae Sales Representative | Flexible Gas Pipe Sales\" \/>\n<meta property=\"og:description\" content=\"If you are interested in speaking with a local representative, please use our rep finder to locate the TracPipe\u00ae rep for your territory.\" \/>\n<meta property=\"og:url\" content=\"https:\/\/tracpipe.ca\/fr\/contact\/representatives\/\" \/>\n<meta property=\"og:site_name\" content=\"TracPipe Canada\" \/>\n<meta property=\"article:modified_time\" content=\"2025-10-09T19:20:30+00:00\" \/>\n<meta property=\"og:image\" content=\"https:\/\/tracpipe.ca\/wp-content\/uploads\/slide1.jpg\" \/>\n\t<meta property=\"og:image:width\" content=\"1670\" \/>\n\t<meta property=\"og:image:height\" content=\"581\" \/>\n\t<meta property=\"og:image:type\" content=\"image\/jpeg\" \/>\n<meta name=\"twitter:card\" content=\"summary_large_image\" \/>\n<meta name=\"twitter:label1\" content=\"Est. reading time\" \/>\n\t<meta name=\"twitter:data1\" content=\"1 minute\" \/>\n<script type=\"application\/ld+json\" class=\"yoast-schema-graph\">{\"@context\":\"https:\/\/schema.org\",\"@graph\":[{\"@type\":\"WebPage\",\"@id\":\"https:\/\/tracpipe.ca\/contact\/representatives\/\",\"url\":\"https:\/\/tracpipe.ca\/contact\/representatives\/\",\"name\":\"Find a TracPipe\u00ae Sales Representative | Flexible Gas Pipe Sales\",\"isPartOf\":{\"@id\":\"https:\/\/tracpipe.ca\/#website\"},\"primaryImageOfPage\":{\"@id\":\"https:\/\/tracpipe.ca\/contact\/representatives\/#primaryimage\"},\"image\":{\"@id\":\"https:\/\/tracpipe.ca\/contact\/representatives\/#primaryimage\"},\"thumbnailUrl\":\"https:\/\/tracpipe.ca\/wp-content\/uploads\/slide1.jpg\",\"datePublished\":\"2014-11-14T19:37:36+00:00\",\"dateModified\":\"2025-10-09T19:20:30+00:00\",\"description\":\"If you are interested in speaking with a local representative, please use our rep finder to locate the TracPipe\u00ae rep for your territory.\",\"breadcrumb\":{\"@id\":\"https:\/\/tracpipe.ca\/contact\/representatives\/#breadcrumb\"},\"inLanguage\":\"fr-CA\",\"potentialAction\":[{\"@type\":\"ReadAction\",\"target\":[\"https:\/\/tracpipe.ca\/contact\/representatives\/\"]}]},{\"@type\":\"ImageObject\",\"inLanguage\":\"fr-CA\",\"@id\":\"https:\/\/tracpipe.ca\/contact\/representatives\/#primaryimage\",\"url\":\"https:\/\/tracpipe.ca\/wp-content\/uploads\/slide1.jpg\",\"contentUrl\":\"https:\/\/tracpipe.ca\/wp-content\/uploads\/slide1.jpg\",\"width\":1670,\"height\":581,\"caption\":\"Flexible Gas Piping - TracPipe Canada\"},{\"@type\":\"BreadcrumbList\",\"@id\":\"https:\/\/tracpipe.ca\/contact\/representatives\/#breadcrumb\",\"itemListElement\":[{\"@type\":\"ListItem\",\"position\":1,\"name\":\"Home\",\"item\":\"https:\/\/tracpipe.ca\/\"},{\"@type\":\"ListItem\",\"position\":2,\"name\":\"Contact\",\"item\":\"https:\/\/tracpipe.ca\/contact\/\"},{\"@type\":\"ListItem\",\"position\":3,\"name\":\"Representatives\"}]},{\"@type\":\"WebSite\",\"@id\":\"https:\/\/tracpipe.ca\/#website\",\"url\":\"https:\/\/tracpipe.ca\/\",\"name\":\"TracPipe Canada\",\"description\":\"\",\"potentialAction\":[{\"@type\":\"SearchAction\",\"target\":{\"@type\":\"EntryPoint\",\"urlTemplate\":\"https:\/\/tracpipe.ca\/?s={search_term_string}\"},\"query-input\":{\"@type\":\"PropertyValueSpecification\",\"valueRequired\":true,\"valueName\":\"search_term_string\"}}],\"inLanguage\":\"fr-CA\"}]}<\/script>\n<!-- \/ Yoast SEO plugin. -->","yoast_head_json":{"title":"Trouver un repr\u00e9sentant TracPipe\u00ae | Ventes de conduites de gaz flexibles","description":"Si vous souhaitez parler \u00e0 un repr\u00e9sentant local, veuillez utiliser notre outil de recherche de repr\u00e9sentants pour localiser le repr\u00e9sentant TracPipe\u00ae de votre territoire.","robots":{"index":"index","follow":"follow","max-snippet":"max-snippet:-1","max-image-preview":"max-image-preview:large","max-video-preview":"max-video-preview:-1"},"canonical":"https:\/\/tracpipe.ca\/fr\/contact\/representatives\/","og_locale":"fr_CA","og_type":"article","og_title":"Find a TracPipe\u00ae Sales Representative | Flexible Gas Pipe Sales","og_description":"If you are interested in speaking with a local representative, please use our rep finder to locate the TracPipe\u00ae rep for your territory.","og_url":"https:\/\/tracpipe.ca\/fr\/contact\/representatives\/","og_site_name":"TracPipe Canada","article_modified_time":"2025-10-09T19:20:30+00:00","og_image":[{"width":1670,"height":581,"url":"https:\/\/tracpipe.ca\/wp-content\/uploads\/slide1.jpg","type":"image\/jpeg"}],"twitter_card":"summary_large_image","twitter_misc":{"Est. reading time":"1 minute"},"schema":{"@context":"https:\/\/schema.org","@graph":[{"@type":"WebPage","@id":"https:\/\/tracpipe.ca\/contact\/representatives\/","url":"https:\/\/tracpipe.ca\/contact\/representatives\/","name":"Trouver un repr\u00e9sentant TracPipe\u00ae | Ventes de conduites de gaz flexibles","isPartOf":{"@id":"https:\/\/tracpipe.ca\/#website"},"primaryImageOfPage":{"@id":"https:\/\/tracpipe.ca\/contact\/representatives\/#primaryimage"},"image":{"@id":"https:\/\/tracpipe.ca\/contact\/representatives\/#primaryimage"},"thumbnailUrl":"https:\/\/tracpipe.ca\/wp-content\/uploads\/slide1.jpg","datePublished":"2014-11-14T19:37:36+00:00","dateModified":"2025-10-09T19:20:30+00:00","description":"Si vous souhaitez parler \u00e0 un repr\u00e9sentant local, veuillez utiliser notre outil de recherche de repr\u00e9sentants pour localiser le repr\u00e9sentant TracPipe\u00ae de votre territoire.","breadcrumb":{"@id":"https:\/\/tracpipe.ca\/contact\/representatives\/#breadcrumb"},"inLanguage":"fr-CA","potentialAction":[{"@type":"ReadAction","target":["https:\/\/tracpipe.ca\/contact\/representatives\/"]}]},{"@type":"ImageObject","inLanguage":"fr-CA","@id":"https:\/\/tracpipe.ca\/contact\/representatives\/#primaryimage","url":"https:\/\/tracpipe.ca\/wp-content\/uploads\/slide1.jpg","contentUrl":"https:\/\/tracpipe.ca\/wp-content\/uploads\/slide1.jpg","width":1670,"height":581,"caption":"Flexible Gas Piping - TracPipe Canada"},{"@type":"BreadcrumbList","@id":"https:\/\/tracpipe.ca\/contact\/representatives\/#breadcrumb","itemListElement":[{"@type":"ListItem","position":1,"name":"Home","item":"https:\/\/tracpipe.ca\/"},{"@type":"ListItem","position":2,"name":"Contact","item":"https:\/\/tracpipe.ca\/contact\/"},{"@type":"ListItem","position":3,"name":"Representatives"}]},{"@type":"WebSite","@id":"https:\/\/tracpipe.ca\/#website","url":"https:\/\/tracpipe.ca\/","name":"TracPipe Canada","description":"","potentialAction":[{"@type":"SearchAction","target":{"@type":"EntryPoint","urlTemplate":"https:\/\/tracpipe.ca\/?s={search_term_string}"},"query-input":{"@type":"PropertyValueSpecification","valueRequired":true,"valueName":"search_term_string"}}],"inLanguage":"fr-CA"}]}},"_links":{"self":[{"href":"https:\/\/tracpipe.ca\/fr\/wp-json\/wp\/v2\/pages\/2299","targetHints":{"allow":["GET"]}}],"collection":[{"href":"https:\/\/tracpipe.ca\/fr\/wp-json\/wp\/v2\/pages"}],"about":[{"href":"https:\/\/tracpipe.ca\/fr\/wp-json\/wp\/v2\/types\/page"}],"author":[{"embeddable":true,"href":"https:\/\/tracpipe.ca\/fr\/wp-json\/wp\/v2\/users\/2"}],"replies":[{"embeddable":true,"href":"https:\/\/tracpipe.ca\/fr\/wp-json\/wp\/v2\/comments?post=2299"}],"version-history":[{"count":0,"href":"https:\/\/tracpipe.ca\/fr\/wp-json\/wp\/v2\/pages\/2299\/revisions"}],"up":[{"embeddable":true,"href":"https:\/\/tracpipe.ca\/fr\/wp-json\/wp\/v2\/pages\/2287"}],"wp:featuredmedia":[{"embeddable":true,"href":"https:\/\/tracpipe.ca\/fr\/wp-json\/wp\/v2\/media\/1964"}],"wp:attachment":[{"href":"https:\/\/tracpipe.ca\/fr\/wp-json\/wp\/v2\/media?parent=2299"}],"curies":[{"name":"wp","href":"https:\/\/api.w.org\/{rel}","templated":true}]}}