{"id":2287,"date":"2014-11-14T14:00:43","date_gmt":"2014-11-14T19:00:43","guid":{"rendered":"http:\/\/173.254.96.82\/~tracpipe\/?page_id=2287"},"modified":"2025-10-09T17:48:11","modified_gmt":"2025-10-09T21:48:11","slug":"contact","status":"publish","type":"page","link":"https:\/\/tracpipe.ca\/fr\/contact\/","title":{"rendered":"Contact"},"content":{"rendered":"<section id=\"\"  class=\"light\"> <div class=\"container\">  <div class=\"row\"><div class=\"col-md-4  text-default\" >\n\t<div class=\"wpb_raw_code wpb_raw_html wpb_content_element\" >\n\t\t<div class=\"wpb_wrapper\">\n\t\t\t<div style=\"background-color:black; padding:35px;\">\n    <ul>\n        <li><a style=\"color:white!important;\" href=\"\/fr\/contact\/\">Contact<\/a><\/li>\n        <li><a style=\"color:white!important;\" href=\"\/fr\/contact\/directions\/\">Plan d'acc\u00e8s<\/a><\/li>\n        <li><a style=\"color:white!important;\" href=\"\/fr\/contact\/feedback\/\">Retour d'information<\/a><\/li>\n        <li><a style=\"color:white!important;\" href=\"\/fr\/contact\/management\/\">Contact de gestion<\/a><\/li>\n        <li><a style=\"color:white!important;\" href=\"\/fr\/contact\/representatives\/\">Contact Rep<\/a><\/li>\n    <\/ul>\n    \n    <a href=\"\/fr\/catalog\/\" class=\"hover-image-link\">\n        <img decoding=\"async\" src=\"https:\/\/omegatraccastg.wpenginepowered.com\/wp-content\/uploads\/download-nonhover.webp\" \n             alt=\"Download\" \n             style=\"display:block; max-width:100%; height:auto; padding-top:10px;\">\n    <\/a>\n    \n    <a href=\"\/fr\/contact\/\" class=\"hover-image-link-2\">\n        <img decoding=\"async\" src=\"https:\/\/omegatraccastg.wpenginepowered.com\/wp-content\/uploads\/download-2-nonhover.webp\" \n             alt=\"Download 2\" \n             style=\"display:block; max-width:100%; height:auto; margin-top:10px;\">\n    <\/a>\n<\/div>\n\n<style>\n.hover-image-link img {\n    transition: opacity 0.3s ease;\n}\n\n.hover-image-link:hover img {\n    content: url('https:\/\/omegatraccastg.wpenginepowered.com\/wp-content\/uploads\/download.webp');\n}\n\n.hover-image-link-2 img {\n    transition: opacity 0.3s ease;\n}\n\n.hover-image-link-2:hover img {\n    content: url('https:\/\/omegatraccastg.wpenginepowered.com\/wp-content\/uploads\/download-2-hover.webp');\n}\n<\/style>\n\t\t<\/div>\n\t<\/div>\n<\/div><div class=\"col-md-8  text-default\" >\n\t<div class=\"wpb_text_column wpb_content_element\" >\n\t\t<div class=\"wpb_wrapper\">\n\t\t\t<p>\nPour parler \u00e0 votre repr\u00e9sentant local de TracPipe<sup>\u00ae<\/sup> CounterStrike<sup>\u00ae<\/sup> veuillez utiliser notre formulaire de contact. <a href=\"\/fr\/contact\/representatives\/\">Rep Finder<\/a>.<br \/>\nPour plus d'informations ou pour des questions d'ordre g\u00e9n\u00e9ral, veuillez remplir le formulaire de contact ci-dessous ou nous contacter par courrier ou par t\u00e9l\u00e9phone. A TracPipe<sup>\u00ae<\/sup> CounterStrike<sup>\u00ae<\/sup> vous assistera dans les meilleurs d\u00e9lais.<br \/>\n\n<div class=\"wpcf7 no-js\" id=\"wpcf7-f2742-o1\" lang=\"en-US\" dir=\"ltr\" data-wpcf7-id=\"2742\">\n<div class=\"screen-reader-response\"><p role=\"status\" aria-live=\"polite\" aria-atomic=\"true\"><\/p> <ul><\/ul><\/div>\n<form action=\"\/fr\/wp-json\/wp\/v2\/pages\/2287#wpcf7-f2742-o1\" method=\"post\" class=\"wpcf7-form init\" aria-label=\"Formulaire de contact\" novalidate=\"novalidate\" data-status=\"init\" data-trp-original-action=\"\/fr\/wp-json\/wp\/v2\/pages\/2287#wpcf7-f2742-o1\">\n<fieldset class=\"hidden-fields-container\"><input type=\"hidden\" name=\"_wpcf7\" value=\"2742\" \/><input type=\"hidden\" name=\"_wpcf7_version\" value=\"6.1.5\" \/><input type=\"hidden\" name=\"_wpcf7_locale\" value=\"en_US\" \/><input type=\"hidden\" name=\"_wpcf7_unit_tag\" value=\"wpcf7-f2742-o1\" \/><input type=\"hidden\" name=\"_wpcf7_container_post\" value=\"0\" \/><input type=\"hidden\" name=\"_wpcf7_posted_data_hash\" value=\"\" \/><input type=\"hidden\" name=\"_wpcf7_recaptcha_response\" value=\"\" \/>\n<\/fieldset>\n<p><script type=\"text\/javascript\">\njQuery(document).ready(function($) {\n$(\".wpcf7-select option:first:contains('---')\").html('Your Occupation');\n});\n<\/script><br \/>\n<span class=\"wpcf7-form-control-wrap\" data-name=\"name_in\"><input size=\"40\" maxlength=\"400\" class=\"wpcf7-form-control wpcf7-form-control form-control wpcf7-validates-as-required\" aria-required=\"true\" aria-invalid=\"false\" placeholder=\"Nom *\" value=\"\" type=\"text\" name=\"name_in\" \/><\/span><br \/>\n<span class=\"wpcf7-form-control-wrap\" data-name=\"email\"><input size=\"40\" maxlength=\"400\" class=\"wpcf7-form-control wpcf7-form-control form-control wpcf7-validates-as-required wpcf7-form-control form-control wpcf7-validates-as-email\" aria-required=\"true\" aria-invalid=\"false\" placeholder=\"Courriel *\" value=\"\" type=\"email\" name=\"email\" \/><\/span><br \/>\n<span class=\"wpcf7-form-control-wrap\" data-name=\"address1\"><input size=\"40\" maxlength=\"400\" class=\"wpcf7-form-control wpcf7-form-control form-control\" aria-invalid=\"false\" placeholder=\"Adresse 1\" value=\"\" type=\"text\" name=\"address1\" \/><\/span><br \/>\n<span class=\"wpcf7-form-control-wrap\" data-name=\"address2\"><input size=\"40\" maxlength=\"400\" class=\"wpcf7-form-control wpcf7-form-control form-control\" aria-invalid=\"false\" placeholder=\"Adresse 2\" value=\"\" type=\"text\" name=\"address2\" \/><\/span><br \/>\n<span class=\"wpcf7-form-control-wrap\" data-name=\"city\"><input size=\"40\" maxlength=\"400\" class=\"wpcf7-form-control wpcf7-form-control form-control wpcf7-validates-as-required\" aria-required=\"true\" aria-invalid=\"false\" placeholder=\"Ville *\" value=\"\" type=\"text\" name=\"city\" \/><\/span><br \/>\n<span class=\"wpcf7-form-control-wrap\" data-name=\"province\"><input size=\"40\" maxlength=\"400\" class=\"wpcf7-form-control wpcf7-form-control form-control wpcf7-validates-as-required\" aria-required=\"true\" aria-invalid=\"false\" placeholder=\"Province *\" value=\"\" type=\"text\" name=\"province\" \/><\/span><br \/>\n<span class=\"wpcf7-form-control-wrap\" data-name=\"postalcode\"><input size=\"40\" maxlength=\"400\" class=\"wpcf7-form-control wpcf7-form-control form-control wpcf7-validates-as-required\" aria-required=\"true\" aria-invalid=\"false\" placeholder=\"Code postal *\" value=\"\" type=\"text\" name=\"postalcode\" \/><\/span><br \/>\n<span class=\"wpcf7-form-control-wrap\" data-name=\"phone\"><input size=\"40\" maxlength=\"400\" class=\"wpcf7-form-control wpcf7-form-control form-control wpcf7-validates-as-required\" aria-required=\"true\" aria-invalid=\"false\" placeholder=\"T\u00e9l\u00e9phone *\" value=\"\" type=\"text\" name=\"phone\" \/><\/span><br \/>\n<span class=\"wpcf7-form-control-wrap\" data-name=\"fax\"><input size=\"40\" maxlength=\"400\" class=\"wpcf7-form-control wpcf7-form-control form-control\" aria-invalid=\"false\" placeholder=\"Fax\" value=\"\" type=\"text\" name=\"fax\" \/><\/span><br \/>\n<span class=\"wpcf7-form-control-wrap\" data-name=\"fax\"><input size=\"40\" maxlength=\"400\" class=\"wpcf7-form-control wpcf7-form-control form-control\" aria-invalid=\"false\" placeholder=\"Site web\" value=\"\" type=\"text\" name=\"fax\" \/><\/span><br \/>\n<span class=\"wpcf7-form-control-wrap\" data-name=\"comments\"><textarea cols=\"40\" rows=\"10\" maxlength=\"2000\" class=\"wpcf7-form-control wpcf7-form-control wpcf7-form-control form-control wpcf7-validates-as-required\" aria-required=\"true\" aria-invalid=\"false\" placeholder=\"Commentaires suppl\u00e9mentaires *\" name=\"comments\"><\/textarea><\/span><br \/>\n<input class=\"wpcf7-form-control wpcf7-submit btn btn-primary has-spinner\" type=\"submit\" value=\"Soumettre\" \/>\n<\/p><div class=\"wpcf7-response-output\" aria-hidden=\"true\"><\/div>\n<input type=\"hidden\" name=\"trp-form-language\" value=\"fr\"\/><\/form>\n<\/div>\n<br \/>\nOmega Flex, Inc. | 451 Creamery Way, Exton, PA 19341 | 610.524.7272 | Fax : 610.524.7282 | Sans frais : 800.355.1039<\/p>\n\n\t\t<\/div>\n\t<\/div>\n<\/div>  <\/div>  <\/div><\/section>","protected":false},"excerpt":{"rendered":"Contact Driving Directions Feedback Management Contact Rep Contact To speak with your local TracPipe\u00ae CounterStrike\u00ae representative, please use our Rep Finder. For more information or for general inquiries, please fill out the contact form below or contact us by mail or phone. A TracPipe\u00ae CounterStrike\u00ae representative will assist you as soon as possible. Omega Flex, [...]","protected":false},"author":2,"featured_media":1964,"parent":0,"menu_order":0,"comment_status":"closed","ping_status":"closed","template":"","meta":{"footnotes":""},"class_list":["post-2287","page","type-page","status-publish","has-post-thumbnail","hentry"],"yoast_head":"<!-- This site is optimized with the Yoast SEO plugin v27.0 - https:\/\/yoast.com\/product\/yoast-seo-wordpress\/ -->\n<title>Contact TracPipe\u00ae CounterStrike\u00ae | CSST Gas Lines | Natural Gas Piping<\/title>\n<meta name=\"description\" content=\"For more information or for general inquiries, please fill out the contact form or contact TracPipe\u00ae CounterStrike\u00ae by mail or phone.\" \/>\n<meta name=\"robots\" content=\"index, follow, max-snippet:-1, max-image-preview:large, max-video-preview:-1\" \/>\n<link rel=\"canonical\" href=\"https:\/\/tracpipe.ca\/fr\/contact\/\" \/>\n<meta property=\"og:locale\" content=\"fr_CA\" \/>\n<meta property=\"og:type\" content=\"article\" \/>\n<meta property=\"og:title\" content=\"Contact TracPipe\u00ae CounterStrike\u00ae | CSST Gas Lines | Natural Gas Piping\" \/>\n<meta property=\"og:description\" content=\"For more information or for general inquiries, please fill out the contact form or contact TracPipe\u00ae CounterStrike\u00ae by mail or phone.\" \/>\n<meta property=\"og:url\" content=\"https:\/\/tracpipe.ca\/fr\/contact\/\" \/>\n<meta property=\"og:site_name\" content=\"TracPipe Canada\" \/>\n<meta property=\"article:modified_time\" content=\"2025-10-09T21:48:11+00:00\" \/>\n<meta property=\"og:image\" content=\"https:\/\/tracpipe.ca\/wp-content\/uploads\/slide1.jpg\" \/>\n\t<meta property=\"og:image:width\" content=\"1670\" \/>\n\t<meta property=\"og:image:height\" content=\"581\" \/>\n\t<meta property=\"og:image:type\" content=\"image\/jpeg\" \/>\n<meta name=\"twitter:card\" content=\"summary_large_image\" \/>\n<meta name=\"twitter:label1\" content=\"Est. reading time\" \/>\n\t<meta name=\"twitter:data1\" content=\"1 minute\" \/>\n<script type=\"application\/ld+json\" class=\"yoast-schema-graph\">{\"@context\":\"https:\/\/schema.org\",\"@graph\":[{\"@type\":\"WebPage\",\"@id\":\"https:\/\/tracpipe.ca\/contact\/\",\"url\":\"https:\/\/tracpipe.ca\/contact\/\",\"name\":\"Contact TracPipe\u00ae CounterStrike\u00ae | CSST Gas Lines | Natural Gas Piping\",\"isPartOf\":{\"@id\":\"https:\/\/tracpipe.ca\/#website\"},\"primaryImageOfPage\":{\"@id\":\"https:\/\/tracpipe.ca\/contact\/#primaryimage\"},\"image\":{\"@id\":\"https:\/\/tracpipe.ca\/contact\/#primaryimage\"},\"thumbnailUrl\":\"https:\/\/tracpipe.ca\/wp-content\/uploads\/slide1.jpg\",\"datePublished\":\"2014-11-14T19:00:43+00:00\",\"dateModified\":\"2025-10-09T21:48:11+00:00\",\"description\":\"For more information or for general inquiries, please fill out the contact form or contact TracPipe\u00ae CounterStrike\u00ae by mail or phone.\",\"breadcrumb\":{\"@id\":\"https:\/\/tracpipe.ca\/contact\/#breadcrumb\"},\"inLanguage\":\"fr-CA\",\"potentialAction\":[{\"@type\":\"ReadAction\",\"target\":[\"https:\/\/tracpipe.ca\/contact\/\"]}]},{\"@type\":\"ImageObject\",\"inLanguage\":\"fr-CA\",\"@id\":\"https:\/\/tracpipe.ca\/contact\/#primaryimage\",\"url\":\"https:\/\/tracpipe.ca\/wp-content\/uploads\/slide1.jpg\",\"contentUrl\":\"https:\/\/tracpipe.ca\/wp-content\/uploads\/slide1.jpg\",\"width\":1670,\"height\":581,\"caption\":\"Flexible Gas Piping - TracPipe Canada\"},{\"@type\":\"BreadcrumbList\",\"@id\":\"https:\/\/tracpipe.ca\/contact\/#breadcrumb\",\"itemListElement\":[{\"@type\":\"ListItem\",\"position\":1,\"name\":\"Home\",\"item\":\"https:\/\/tracpipe.ca\/\"},{\"@type\":\"ListItem\",\"position\":2,\"name\":\"Contact\"}]},{\"@type\":\"WebSite\",\"@id\":\"https:\/\/tracpipe.ca\/#website\",\"url\":\"https:\/\/tracpipe.ca\/\",\"name\":\"TracPipe Canada\",\"description\":\"\",\"potentialAction\":[{\"@type\":\"SearchAction\",\"target\":{\"@type\":\"EntryPoint\",\"urlTemplate\":\"https:\/\/tracpipe.ca\/?s={search_term_string}\"},\"query-input\":{\"@type\":\"PropertyValueSpecification\",\"valueRequired\":true,\"valueName\":\"search_term_string\"}}],\"inLanguage\":\"fr-CA\"}]}<\/script>\n<!-- \/ Yoast SEO plugin. -->","yoast_head_json":{"title":"Contact TracPipe\u00ae CounterStrike\u00ae | Conduites de gaz CSST | Conduites de gaz naturel","description":"Pour plus d'informations ou pour des questions d'ordre g\u00e9n\u00e9ral, veuillez remplir le formulaire de contact ou contacter TracPipe\u00ae CounterStrike\u00ae par courrier ou par t\u00e9l\u00e9phone.","robots":{"index":"index","follow":"follow","max-snippet":"max-snippet:-1","max-image-preview":"max-image-preview:large","max-video-preview":"max-video-preview:-1"},"canonical":"https:\/\/tracpipe.ca\/fr\/contact\/","og_locale":"fr_CA","og_type":"article","og_title":"Contact TracPipe\u00ae CounterStrike\u00ae | CSST Gas Lines | Natural Gas Piping","og_description":"For more information or for general inquiries, please fill out the contact form or contact TracPipe\u00ae CounterStrike\u00ae by mail or phone.","og_url":"https:\/\/tracpipe.ca\/fr\/contact\/","og_site_name":"TracPipe Canada","article_modified_time":"2025-10-09T21:48:11+00:00","og_image":[{"width":1670,"height":581,"url":"https:\/\/tracpipe.ca\/wp-content\/uploads\/slide1.jpg","type":"image\/jpeg"}],"twitter_card":"summary_large_image","twitter_misc":{"Est. reading time":"1 minute"},"schema":{"@context":"https:\/\/schema.org","@graph":[{"@type":"WebPage","@id":"https:\/\/tracpipe.ca\/contact\/","url":"https:\/\/tracpipe.ca\/contact\/","name":"Contact TracPipe\u00ae CounterStrike\u00ae | Conduites de gaz CSST | Conduites de gaz naturel","isPartOf":{"@id":"https:\/\/tracpipe.ca\/#website"},"primaryImageOfPage":{"@id":"https:\/\/tracpipe.ca\/contact\/#primaryimage"},"image":{"@id":"https:\/\/tracpipe.ca\/contact\/#primaryimage"},"thumbnailUrl":"https:\/\/tracpipe.ca\/wp-content\/uploads\/slide1.jpg","datePublished":"2014-11-14T19:00:43+00:00","dateModified":"2025-10-09T21:48:11+00:00","description":"Pour plus d'informations ou pour des questions d'ordre g\u00e9n\u00e9ral, veuillez remplir le formulaire de contact ou contacter TracPipe\u00ae CounterStrike\u00ae par courrier ou par t\u00e9l\u00e9phone.","breadcrumb":{"@id":"https:\/\/tracpipe.ca\/contact\/#breadcrumb"},"inLanguage":"fr-CA","potentialAction":[{"@type":"ReadAction","target":["https:\/\/tracpipe.ca\/contact\/"]}]},{"@type":"ImageObject","inLanguage":"fr-CA","@id":"https:\/\/tracpipe.ca\/contact\/#primaryimage","url":"https:\/\/tracpipe.ca\/wp-content\/uploads\/slide1.jpg","contentUrl":"https:\/\/tracpipe.ca\/wp-content\/uploads\/slide1.jpg","width":1670,"height":581,"caption":"Flexible Gas Piping - TracPipe Canada"},{"@type":"BreadcrumbList","@id":"https:\/\/tracpipe.ca\/contact\/#breadcrumb","itemListElement":[{"@type":"ListItem","position":1,"name":"Home","item":"https:\/\/tracpipe.ca\/"},{"@type":"ListItem","position":2,"name":"Contact"}]},{"@type":"WebSite","@id":"https:\/\/tracpipe.ca\/#website","url":"https:\/\/tracpipe.ca\/","name":"TracPipe Canada","description":"","potentialAction":[{"@type":"SearchAction","target":{"@type":"EntryPoint","urlTemplate":"https:\/\/tracpipe.ca\/?s={search_term_string}"},"query-input":{"@type":"PropertyValueSpecification","valueRequired":true,"valueName":"search_term_string"}}],"inLanguage":"fr-CA"}]}},"_links":{"self":[{"href":"https:\/\/tracpipe.ca\/fr\/wp-json\/wp\/v2\/pages\/2287","targetHints":{"allow":["GET"]}}],"collection":[{"href":"https:\/\/tracpipe.ca\/fr\/wp-json\/wp\/v2\/pages"}],"about":[{"href":"https:\/\/tracpipe.ca\/fr\/wp-json\/wp\/v2\/types\/page"}],"author":[{"embeddable":true,"href":"https:\/\/tracpipe.ca\/fr\/wp-json\/wp\/v2\/users\/2"}],"replies":[{"embeddable":true,"href":"https:\/\/tracpipe.ca\/fr\/wp-json\/wp\/v2\/comments?post=2287"}],"version-history":[{"count":0,"href":"https:\/\/tracpipe.ca\/fr\/wp-json\/wp\/v2\/pages\/2287\/revisions"}],"wp:featuredmedia":[{"embeddable":true,"href":"https:\/\/tracpipe.ca\/fr\/wp-json\/wp\/v2\/media\/1964"}],"wp:attachment":[{"href":"https:\/\/tracpipe.ca\/fr\/wp-json\/wp\/v2\/media?parent=2287"}],"curies":[{"name":"wp","href":"https:\/\/api.w.org\/{rel}","templated":true}]}}