{"id":2117,"date":"2014-11-10T15:51:43","date_gmt":"2014-11-10T20:51:43","guid":{"rendered":"http:\/\/173.254.96.82\/~tracpipe\/?page_id=2117"},"modified":"2014-11-10T15:51:43","modified_gmt":"2014-11-10T20:51:43","slug":"system","status":"publish","type":"page","link":"https:\/\/tracpipe.ca\/fr\/about\/system\/","title":{"rendered":"About The System"},"content":{"rendered":"<section id=\"\"  class=\"light\"> <div class=\"container\">  <div class=\"row\"><div class=\"col-md-12  text-default\" >\n\t<div class=\"wpb_text_column wpb_content_element\" >\n\t\t<div class=\"wpb_wrapper\">\n\t\t\t<h2>Le syst\u00e8me<\/h2>\n<p>TracPipe<sup>\u00ae<\/sup> CounterStrike<sup>\u00ae<\/sup> est un syst\u00e8me de tuyauterie flexible en acier inoxydable utilis\u00e9 pour les installations de gaz naturel et de propane. CounterStrike<sup>\u00ae<\/sup> est actuellement utilis\u00e9 pour les syst\u00e8mes de tuyauterie de gaz dans les b\u00e2timents r\u00e9sidentiels unifamiliaux et multifamiliaux, ainsi que dans les b\u00e2timents commerciaux et industriels. CounterStrike<sup>\u00ae<\/sup>Les tubes ondul\u00e9s de qualit\u00e9 sup\u00e9rieure d'AutoFlare<sup>\u00ae<\/sup> se combinent pour former le meilleur produit CSST disponible. CounterStrike<sup>\u00ae<\/sup>La gamme compl\u00e8te de tailles (de 3\/8\u2033 \u00e0 2\u2033) et la fiabilit\u00e9 \u00e9prouv\u00e9e du syst\u00e8me en font le premier choix sur tous les chantiers r\u00e9sidentiels, commerciaux et industriels.<\/p>\n<h2>La tuyauterie de gaz fait peau neuve...<\/h2>\n<p>La veste noire conductrice de CounterStrike<sup>\u00ae<\/sup> Il a \u00e9t\u00e9 d\u00e9montr\u00e9 que le CSSTMC est jusqu'\u00e0 400 fois plus r\u00e9sistant aux effets dommageables de l'\u00e9nergie \u00e9lectrique que le CSST jaune. Il se pose \u00e9galement plus droit et s'arrache plus facilement que le CSST jaune. Ne n\u00e9cessitant aucun collage suppl\u00e9mentaire de la part des fabricants, CounterStrike<sup>\u00ae<\/sup> est plus r\u00e9sistant aux effets de la foudre que le CSST conventionnel avec un collage suppl\u00e9mentaire !<\/p>\n<h2>Convient \u00e0 presque toutes les applications<\/h2>\n<p>Au centre de l'installation se trouve un collecteur multivoies. \u00c0 partir de l\u00e0, CounterStrike<sup>\u00ae<\/sup> peut aller n'importe o\u00f9 - en contournant les obstacles, en traversant les greniers ou en passant entre les solives et les montants. Vous le tirez comme un c\u00e2ble \u00e9lectrique. Prot\u00e9gez-le avec des g\u00e2ches et vos options sont infinies.<br \/>\nAjout d'un appareil de derni\u00e8re minute dans un CounterStrike<sup>\u00ae<\/sup> maison ? Inutile d'arracher cette cloison s\u00e8che parfaite. Prenez de l'AutoFlare<sup>\u00ae<\/sup> et un tee - vous pouvez plier CounterStrike<sup>\u00ae<\/sup> avec les mains et il garde sa forme. Les ajouts n'ont jamais \u00e9t\u00e9 aussi faciles.<br \/>\nVous effectuez des travaux de r\u00e9novation et devez pr\u00e9server l'int\u00e9grit\u00e9 architecturale ? Pas de probl\u00e8me, il suffit de se brancher sur le tuyau en fer noir existant et d'alimenter CounterStrike<sup>\u00ae<\/sup> jusqu'\u00e0 la nouvelle chemin\u00e9e de la chambre principale ou \u00e0 la buanderie du deuxi\u00e8me \u00e9tage.<br \/>\nBesoin d'alimenter en gaz un barbecue ext\u00e9rieur ou un chauffage de piscine ? TracPipe PS-II est le premier choix pour les installations souterraines et sous dalle. Il offre des longueurs standard ou personnalis\u00e9es, un manchon \u00e9tanche install\u00e9 en usine et des raccords de confinement capables d'\u00e9vacuer le gaz.<\/p>\n<h2>La flexibilit\u00e9 dont vous avez besoin. La performance que vous attendez.<\/h2>\n<p>CounterStrike<sup>\u00ae<\/sup> est accept\u00e9 dans l'ensemble des \u00c9tats-Unis et du Canada. Il peut traverser des b\u00e2timents aux m\u00eames endroits que les tuyaux rigides traditionnellement utilis\u00e9s, avec une fraction des joints filet\u00e9s et en une fraction du temps n\u00e9cessaire \u00e0 l'installation. CounterStrike<sup>\u00ae<\/sup> a \u00e9t\u00e9 con\u00e7u avec des diam\u00e8tres int\u00e9rieurs tr\u00e8s proches de ceux des tuyaux en fonte noire et offre les d\u00e9bits les plus \u00e9lev\u00e9s de l'industrie, ce qui permet souvent d'utiliser un tube de plus petite taille et de r\u00e9aliser ainsi des \u00e9conomies significatives.<br \/>\nTous les TracPipe<sup>\u00ae<\/sup> CounterStrike<sup>\u00ae<\/sup> Les produits CSST sont r\u00e9pertori\u00e9s par la CSA selon la norme ANSI LC 1.<\/p>\n\n\t\t<\/div>\n\t<\/div>\n<\/div>  <\/div>  <\/div><\/section>","protected":false},"excerpt":{"rendered":"The System TracPipe\u00ae CounterStrike\u00ae is a flexible stainless steel piping system used for natural gas and propane installations. CounterStrike\u00ae is currently in use for gas piping systems in single and multi-family residential as well as commercial and industrial buildings. CounterStrike\u00ae's superior corrugated tubing coupled with AutoFlare\u00ae fittings combine to make the best CSST product available. [...]","protected":false},"author":2,"featured_media":1964,"parent":2311,"menu_order":0,"comment_status":"closed","ping_status":"closed","template":"","meta":{"footnotes":""},"class_list":["post-2117","page","type-page","status-publish","has-post-thumbnail","hentry"],"yoast_head":"<!-- This site is optimized with the Yoast SEO plugin v27.0 - https:\/\/yoast.com\/product\/yoast-seo-wordpress\/ -->\n<title>About CounterStrike\u00ae CSST | Flexible Gas Line System - TracPipe Canada<\/title>\n<meta name=\"description\" content=\"TracPipe\u00ae CounterStrike\u00ae CSST is a flexible stainless steel piping system used for natural gas and propane installations in residential &amp; commercial settings.\" \/>\n<meta name=\"robots\" content=\"index, follow, max-snippet:-1, max-image-preview:large, max-video-preview:-1\" \/>\n<link rel=\"canonical\" href=\"https:\/\/tracpipe.ca\/fr\/about\/system\/\" \/>\n<meta property=\"og:locale\" content=\"fr_CA\" \/>\n<meta property=\"og:type\" content=\"article\" \/>\n<meta property=\"og:title\" content=\"About CounterStrike\u00ae CSST | Flexible Gas Line System - TracPipe Canada\" \/>\n<meta property=\"og:description\" content=\"TracPipe\u00ae CounterStrike\u00ae CSST is a flexible stainless steel piping system used for natural gas and propane installations in residential &amp; commercial settings.\" \/>\n<meta property=\"og:url\" content=\"https:\/\/tracpipe.ca\/fr\/about\/system\/\" \/>\n<meta property=\"og:site_name\" content=\"TracPipe Canada\" \/>\n<meta property=\"og:image\" content=\"https:\/\/tracpipe.ca\/wp-content\/uploads\/slide1.jpg\" \/>\n\t<meta property=\"og:image:width\" content=\"1670\" \/>\n\t<meta property=\"og:image:height\" content=\"581\" \/>\n\t<meta property=\"og:image:type\" content=\"image\/jpeg\" \/>\n<meta name=\"twitter:card\" content=\"summary_large_image\" \/>\n<meta name=\"twitter:label1\" content=\"Est. reading time\" \/>\n\t<meta name=\"twitter:data1\" content=\"2 minutes\" \/>\n<script type=\"application\/ld+json\" class=\"yoast-schema-graph\">{\"@context\":\"https:\/\/schema.org\",\"@graph\":[{\"@type\":\"WebPage\",\"@id\":\"https:\/\/tracpipe.ca\/about\/system\/\",\"url\":\"https:\/\/tracpipe.ca\/about\/system\/\",\"name\":\"About CounterStrike\u00ae CSST | Flexible Gas Line System - TracPipe Canada\",\"isPartOf\":{\"@id\":\"https:\/\/tracpipe.ca\/#website\"},\"primaryImageOfPage\":{\"@id\":\"https:\/\/tracpipe.ca\/about\/system\/#primaryimage\"},\"image\":{\"@id\":\"https:\/\/tracpipe.ca\/about\/system\/#primaryimage\"},\"thumbnailUrl\":\"https:\/\/tracpipe.ca\/wp-content\/uploads\/slide1.jpg\",\"datePublished\":\"2014-11-10T20:51:43+00:00\",\"description\":\"TracPipe\u00ae CounterStrike\u00ae CSST is a flexible stainless steel piping system used for natural gas and propane installations in residential & commercial settings.\",\"breadcrumb\":{\"@id\":\"https:\/\/tracpipe.ca\/about\/system\/#breadcrumb\"},\"inLanguage\":\"fr-CA\",\"potentialAction\":[{\"@type\":\"ReadAction\",\"target\":[\"https:\/\/tracpipe.ca\/about\/system\/\"]}]},{\"@type\":\"ImageObject\",\"inLanguage\":\"fr-CA\",\"@id\":\"https:\/\/tracpipe.ca\/about\/system\/#primaryimage\",\"url\":\"https:\/\/tracpipe.ca\/wp-content\/uploads\/slide1.jpg\",\"contentUrl\":\"https:\/\/tracpipe.ca\/wp-content\/uploads\/slide1.jpg\",\"width\":1670,\"height\":581,\"caption\":\"Flexible Gas Piping - TracPipe Canada\"},{\"@type\":\"BreadcrumbList\",\"@id\":\"https:\/\/tracpipe.ca\/about\/system\/#breadcrumb\",\"itemListElement\":[{\"@type\":\"ListItem\",\"position\":1,\"name\":\"Home\",\"item\":\"https:\/\/tracpipe.ca\/\"},{\"@type\":\"ListItem\",\"position\":2,\"name\":\"About\",\"item\":\"https:\/\/tracpipe.ca\/about\/\"},{\"@type\":\"ListItem\",\"position\":3,\"name\":\"About The System\"}]},{\"@type\":\"WebSite\",\"@id\":\"https:\/\/tracpipe.ca\/#website\",\"url\":\"https:\/\/tracpipe.ca\/\",\"name\":\"TracPipe Canada\",\"description\":\"\",\"potentialAction\":[{\"@type\":\"SearchAction\",\"target\":{\"@type\":\"EntryPoint\",\"urlTemplate\":\"https:\/\/tracpipe.ca\/?s={search_term_string}\"},\"query-input\":{\"@type\":\"PropertyValueSpecification\",\"valueRequired\":true,\"valueName\":\"search_term_string\"}}],\"inLanguage\":\"fr-CA\"}]}<\/script>\n<!-- \/ Yoast SEO plugin. -->","yoast_head_json":{"title":"About CounterStrike\u00ae CSST | Flexible Gas Line System - TracPipe Canada","description":"TracPipe\u00ae CounterStrike\u00ae CSST is a flexible stainless steel piping system used for natural gas and propane installations in residential & commercial settings.","robots":{"index":"index","follow":"follow","max-snippet":"max-snippet:-1","max-image-preview":"max-image-preview:large","max-video-preview":"max-video-preview:-1"},"canonical":"https:\/\/tracpipe.ca\/fr\/about\/system\/","og_locale":"fr_CA","og_type":"article","og_title":"About CounterStrike\u00ae CSST | Flexible Gas Line System - TracPipe Canada","og_description":"TracPipe\u00ae CounterStrike\u00ae CSST is a flexible stainless steel piping system used for natural gas and propane installations in residential & commercial settings.","og_url":"https:\/\/tracpipe.ca\/fr\/about\/system\/","og_site_name":"TracPipe Canada","og_image":[{"width":1670,"height":581,"url":"https:\/\/tracpipe.ca\/wp-content\/uploads\/slide1.jpg","type":"image\/jpeg"}],"twitter_card":"summary_large_image","twitter_misc":{"Est. reading time":"2 minutes"},"schema":{"@context":"https:\/\/schema.org","@graph":[{"@type":"WebPage","@id":"https:\/\/tracpipe.ca\/about\/system\/","url":"https:\/\/tracpipe.ca\/about\/system\/","name":"About CounterStrike\u00ae CSST | Flexible Gas Line System - TracPipe Canada","isPartOf":{"@id":"https:\/\/tracpipe.ca\/#website"},"primaryImageOfPage":{"@id":"https:\/\/tracpipe.ca\/about\/system\/#primaryimage"},"image":{"@id":"https:\/\/tracpipe.ca\/about\/system\/#primaryimage"},"thumbnailUrl":"https:\/\/tracpipe.ca\/wp-content\/uploads\/slide1.jpg","datePublished":"2014-11-10T20:51:43+00:00","description":"TracPipe\u00ae CounterStrike\u00ae CSST is a flexible stainless steel piping system used for natural gas and propane installations in residential & commercial settings.","breadcrumb":{"@id":"https:\/\/tracpipe.ca\/about\/system\/#breadcrumb"},"inLanguage":"fr-CA","potentialAction":[{"@type":"ReadAction","target":["https:\/\/tracpipe.ca\/about\/system\/"]}]},{"@type":"ImageObject","inLanguage":"fr-CA","@id":"https:\/\/tracpipe.ca\/about\/system\/#primaryimage","url":"https:\/\/tracpipe.ca\/wp-content\/uploads\/slide1.jpg","contentUrl":"https:\/\/tracpipe.ca\/wp-content\/uploads\/slide1.jpg","width":1670,"height":581,"caption":"Flexible Gas Piping - TracPipe Canada"},{"@type":"BreadcrumbList","@id":"https:\/\/tracpipe.ca\/about\/system\/#breadcrumb","itemListElement":[{"@type":"ListItem","position":1,"name":"Home","item":"https:\/\/tracpipe.ca\/"},{"@type":"ListItem","position":2,"name":"About","item":"https:\/\/tracpipe.ca\/about\/"},{"@type":"ListItem","position":3,"name":"About The System"}]},{"@type":"WebSite","@id":"https:\/\/tracpipe.ca\/#website","url":"https:\/\/tracpipe.ca\/","name":"TracPipe Canada","description":"","potentialAction":[{"@type":"SearchAction","target":{"@type":"EntryPoint","urlTemplate":"https:\/\/tracpipe.ca\/?s={search_term_string}"},"query-input":{"@type":"PropertyValueSpecification","valueRequired":true,"valueName":"search_term_string"}}],"inLanguage":"fr-CA"}]}},"_links":{"self":[{"href":"https:\/\/tracpipe.ca\/fr\/wp-json\/wp\/v2\/pages\/2117","targetHints":{"allow":["GET"]}}],"collection":[{"href":"https:\/\/tracpipe.ca\/fr\/wp-json\/wp\/v2\/pages"}],"about":[{"href":"https:\/\/tracpipe.ca\/fr\/wp-json\/wp\/v2\/types\/page"}],"author":[{"embeddable":true,"href":"https:\/\/tracpipe.ca\/fr\/wp-json\/wp\/v2\/users\/2"}],"replies":[{"embeddable":true,"href":"https:\/\/tracpipe.ca\/fr\/wp-json\/wp\/v2\/comments?post=2117"}],"version-history":[{"count":0,"href":"https:\/\/tracpipe.ca\/fr\/wp-json\/wp\/v2\/pages\/2117\/revisions"}],"up":[{"embeddable":true,"href":"https:\/\/tracpipe.ca\/fr\/wp-json\/wp\/v2\/pages\/2311"}],"wp:featuredmedia":[{"embeddable":true,"href":"https:\/\/tracpipe.ca\/fr\/wp-json\/wp\/v2\/media\/1964"}],"wp:attachment":[{"href":"https:\/\/tracpipe.ca\/fr\/wp-json\/wp\/v2\/media?parent=2117"}],"curies":[{"name":"wp","href":"https:\/\/api.w.org\/{rel}","templated":true}]}}