{"id":2115,"date":"2014-11-10T15:50:22","date_gmt":"2014-11-10T20:50:22","guid":{"rendered":"http:\/\/173.254.96.82\/~tracpipe\/?page_id=2115"},"modified":"2019-12-12T17:52:39","modified_gmt":"2019-12-12T22:52:39","slug":"company","status":"publish","type":"page","link":"https:\/\/tracpipe.ca\/fr\/about\/company\/","title":{"rendered":"\u00c0 propos de l'entreprise"},"content":{"rendered":"<section id=\"\"  class=\"light\"> <div class=\"container\">  <div class=\"row\"><div class=\"col-md-12  text-default\" >\n\t<div class=\"wpb_text_column wpb_content_element\" >\n\t\t<div class=\"wpb_wrapper\">\n\t\t\t<h2>Omega Flex, Inc.<\/h2>\n<p>Fond\u00e9e en 1975, OmegaFlex<sup>\u00ae<\/sup> est le premier producteur international de produits de tuyauterie m\u00e9tallique flexible. Avec plus de 90 brevets d\u00e9pos\u00e9s dans le monde entier, OmegaFlex<sup>\u00ae<\/sup> fournit des produits exclusifs pour un grand nombre d'applications et de march\u00e9s, dont la production d'acier primaire, les semi-conducteurs, la m\u00e9decine, la pharmacie, la p\u00e9trochimie, la construction r\u00e9sidentielle, r\u00e9sidentielle et commerciale, et la production d'\u00e9nergie.<br \/>\nOmegaFlex<sup>\u00ae<\/sup> est une entreprise ax\u00e9e sur les produits et l'ing\u00e9nierie, qui s'engage \u00e0 r\u00e9pondre aux exigences de performance les plus strictes pour tous ses clients.<\/p>\n<h2>TracPipe<sup>\u00ae<\/sup> CounterStrike<sup>\u00ae<\/sup> Tuyauterie de gaz flexible<\/h2>\n<p>CounterStrike<sup>\u00ae<\/sup> Le CSST (Corrugated Stainless Steel Tubing), introduit pour la premi\u00e8re fois sur le march\u00e9 en 2004, est utilis\u00e9 pour les installations de gaz naturel et de propane. CounterStrike<sup>\u00ae<\/sup> est actuellement utilis\u00e9 pour les syst\u00e8mes de tuyauterie de gaz dans les b\u00e2timents r\u00e9sidentiels unifamiliaux et multifamiliaux, ainsi que dans les b\u00e2timents commerciaux et industriels. Les tubes ondul\u00e9s de qualit\u00e9 sup\u00e9rieure de CounterStrike, associ\u00e9s \u00e0 la technologie AutoSnap<sup>\u00ae<\/sup> se combinent pour former le meilleur produit CSST disponible. OmegaFlex<sup>\u00ae<\/sup> est un leader du secteur avec des produits propri\u00e9taires tels que CounterStrike<sup>\u00ae<\/sup> pour une meilleure protection contre la foudre, Tracpipe<sup>\u00ae<\/sup> PSII pour les installations souterraines, et AutoTrip<sup>\u00ae<\/sup> Vannes de d\u00e9bit excessif.<br \/>\nEn 2005, OmegaFlex<sup>\u00ae<\/sup> est devenue une soci\u00e9t\u00e9 cot\u00e9e en bourse. OmegaFlex<sup>\u00ae<\/sup> est cot\u00e9e \u00e0 la bourse NASDAQ et est n\u00e9goci\u00e9e sous le ticker : <strong><a href=\"https:\/\/www.google.com\/finance?q=NASDAQ%3AOFLX\" target=\"_blank\" rel=\"noopener noreferrer\">OFLX<\/a><\/strong>.<\/p>\n\n\t\t<\/div>\n\t<\/div>\n<\/div>  <\/div>  <\/div><\/section>","protected":false},"excerpt":{"rendered":"Omega Flex, Inc. Established in 1975, OmegaFlex\u00ae is the preeminent international producer of flexible metallic piping products. With over 90 patents registered worldwide, OmegaFlex\u00ae supplies proprietary products for a broad number of applications and markets, which include primary steel production, semi-conductor, medical, pharmaceutical, petrochemical, residential, residential and commercial construction, and power generation. OmegaFlex\u00ae is a [...]","protected":false},"author":2,"featured_media":1964,"parent":2311,"menu_order":0,"comment_status":"closed","ping_status":"closed","template":"","meta":{"footnotes":""},"class_list":["post-2115","page","type-page","status-publish","has-post-thumbnail","hentry"],"yoast_head":"<!-- This site is optimized with the Yoast SEO plugin v27.0 - https:\/\/yoast.com\/product\/yoast-seo-wordpress\/ -->\n<title>OmegaFlex | Gas Piping | Flexible Gas Piping | About - TracPipe Canada<\/title>\n<meta name=\"description\" content=\"Learn more about OmegaFlex &amp; TracPipe CounterStrike\u00ae Flexible Gas Piping. Counterstike\u00ae is used for gas piping systems in residential &amp; commercial buildings.\" \/>\n<meta name=\"robots\" content=\"index, follow, max-snippet:-1, max-image-preview:large, max-video-preview:-1\" \/>\n<link rel=\"canonical\" href=\"https:\/\/tracpipe.ca\/fr\/about\/company\/\" \/>\n<meta property=\"og:locale\" content=\"fr_CA\" \/>\n<meta property=\"og:type\" content=\"article\" \/>\n<meta property=\"og:title\" content=\"OmegaFlex | Gas Piping | Flexible Gas Piping | About - TracPipe Canada\" \/>\n<meta property=\"og:description\" content=\"Learn more about OmegaFlex &amp; TracPipe CounterStrike\u00ae Flexible Gas Piping. Counterstike\u00ae is used for gas piping systems in residential &amp; commercial buildings.\" \/>\n<meta property=\"og:url\" content=\"https:\/\/tracpipe.ca\/fr\/about\/company\/\" \/>\n<meta property=\"og:site_name\" content=\"TracPipe Canada\" \/>\n<meta property=\"article:modified_time\" content=\"2019-12-12T22:52:39+00:00\" \/>\n<meta property=\"og:image\" content=\"https:\/\/tracpipe.ca\/wp-content\/uploads\/slide1.jpg\" \/>\n\t<meta property=\"og:image:width\" content=\"1670\" \/>\n\t<meta property=\"og:image:height\" content=\"581\" \/>\n\t<meta property=\"og:image:type\" content=\"image\/jpeg\" \/>\n<meta name=\"twitter:card\" content=\"summary_large_image\" \/>\n<meta name=\"twitter:label1\" content=\"Est. reading time\" \/>\n\t<meta name=\"twitter:data1\" content=\"1 minute\" \/>\n<script type=\"application\/ld+json\" class=\"yoast-schema-graph\">{\"@context\":\"https:\/\/schema.org\",\"@graph\":[{\"@type\":\"WebPage\",\"@id\":\"https:\/\/tracpipe.ca\/about\/company\/\",\"url\":\"https:\/\/tracpipe.ca\/about\/company\/\",\"name\":\"OmegaFlex | Gas Piping | Flexible Gas Piping | About - TracPipe Canada\",\"isPartOf\":{\"@id\":\"https:\/\/tracpipe.ca\/#website\"},\"primaryImageOfPage\":{\"@id\":\"https:\/\/tracpipe.ca\/about\/company\/#primaryimage\"},\"image\":{\"@id\":\"https:\/\/tracpipe.ca\/about\/company\/#primaryimage\"},\"thumbnailUrl\":\"https:\/\/tracpipe.ca\/wp-content\/uploads\/slide1.jpg\",\"datePublished\":\"2014-11-10T20:50:22+00:00\",\"dateModified\":\"2019-12-12T22:52:39+00:00\",\"description\":\"Learn more about OmegaFlex & TracPipe CounterStrike\u00ae Flexible Gas Piping. Counterstike\u00ae is used for gas piping systems in residential & commercial buildings.\",\"breadcrumb\":{\"@id\":\"https:\/\/tracpipe.ca\/about\/company\/#breadcrumb\"},\"inLanguage\":\"fr-CA\",\"potentialAction\":[{\"@type\":\"ReadAction\",\"target\":[\"https:\/\/tracpipe.ca\/about\/company\/\"]}]},{\"@type\":\"ImageObject\",\"inLanguage\":\"fr-CA\",\"@id\":\"https:\/\/tracpipe.ca\/about\/company\/#primaryimage\",\"url\":\"https:\/\/tracpipe.ca\/wp-content\/uploads\/slide1.jpg\",\"contentUrl\":\"https:\/\/tracpipe.ca\/wp-content\/uploads\/slide1.jpg\",\"width\":1670,\"height\":581,\"caption\":\"Flexible Gas Piping - TracPipe Canada\"},{\"@type\":\"BreadcrumbList\",\"@id\":\"https:\/\/tracpipe.ca\/about\/company\/#breadcrumb\",\"itemListElement\":[{\"@type\":\"ListItem\",\"position\":1,\"name\":\"Home\",\"item\":\"https:\/\/tracpipe.ca\/\"},{\"@type\":\"ListItem\",\"position\":2,\"name\":\"About\",\"item\":\"https:\/\/tracpipe.ca\/about\/\"},{\"@type\":\"ListItem\",\"position\":3,\"name\":\"About The Company\"}]},{\"@type\":\"WebSite\",\"@id\":\"https:\/\/tracpipe.ca\/#website\",\"url\":\"https:\/\/tracpipe.ca\/\",\"name\":\"TracPipe Canada\",\"description\":\"\",\"potentialAction\":[{\"@type\":\"SearchAction\",\"target\":{\"@type\":\"EntryPoint\",\"urlTemplate\":\"https:\/\/tracpipe.ca\/?s={search_term_string}\"},\"query-input\":{\"@type\":\"PropertyValueSpecification\",\"valueRequired\":true,\"valueName\":\"search_term_string\"}}],\"inLanguage\":\"fr-CA\"}]}<\/script>\n<!-- \/ Yoast SEO plugin. -->","yoast_head_json":{"title":"OmegaFlex | Gas Piping | Flexible Gas Piping | About - TracPipe Canada","description":"Learn more about OmegaFlex & TracPipe CounterStrike\u00ae Flexible Gas Piping. Counterstike\u00ae is used for gas piping systems in residential & commercial buildings.","robots":{"index":"index","follow":"follow","max-snippet":"max-snippet:-1","max-image-preview":"max-image-preview:large","max-video-preview":"max-video-preview:-1"},"canonical":"https:\/\/tracpipe.ca\/fr\/about\/company\/","og_locale":"fr_CA","og_type":"article","og_title":"OmegaFlex | Gas Piping | Flexible Gas Piping | About - TracPipe Canada","og_description":"Learn more about OmegaFlex & TracPipe CounterStrike\u00ae Flexible Gas Piping. Counterstike\u00ae is used for gas piping systems in residential & commercial buildings.","og_url":"https:\/\/tracpipe.ca\/fr\/about\/company\/","og_site_name":"TracPipe Canada","article_modified_time":"2019-12-12T22:52:39+00:00","og_image":[{"width":1670,"height":581,"url":"https:\/\/tracpipe.ca\/wp-content\/uploads\/slide1.jpg","type":"image\/jpeg"}],"twitter_card":"summary_large_image","twitter_misc":{"Est. reading time":"1 minute"},"schema":{"@context":"https:\/\/schema.org","@graph":[{"@type":"WebPage","@id":"https:\/\/tracpipe.ca\/about\/company\/","url":"https:\/\/tracpipe.ca\/about\/company\/","name":"OmegaFlex | Gas Piping | Flexible Gas Piping | About - TracPipe Canada","isPartOf":{"@id":"https:\/\/tracpipe.ca\/#website"},"primaryImageOfPage":{"@id":"https:\/\/tracpipe.ca\/about\/company\/#primaryimage"},"image":{"@id":"https:\/\/tracpipe.ca\/about\/company\/#primaryimage"},"thumbnailUrl":"https:\/\/tracpipe.ca\/wp-content\/uploads\/slide1.jpg","datePublished":"2014-11-10T20:50:22+00:00","dateModified":"2019-12-12T22:52:39+00:00","description":"Learn more about OmegaFlex & TracPipe CounterStrike\u00ae Flexible Gas Piping. Counterstike\u00ae is used for gas piping systems in residential & commercial buildings.","breadcrumb":{"@id":"https:\/\/tracpipe.ca\/about\/company\/#breadcrumb"},"inLanguage":"fr-CA","potentialAction":[{"@type":"ReadAction","target":["https:\/\/tracpipe.ca\/about\/company\/"]}]},{"@type":"ImageObject","inLanguage":"fr-CA","@id":"https:\/\/tracpipe.ca\/about\/company\/#primaryimage","url":"https:\/\/tracpipe.ca\/wp-content\/uploads\/slide1.jpg","contentUrl":"https:\/\/tracpipe.ca\/wp-content\/uploads\/slide1.jpg","width":1670,"height":581,"caption":"Flexible Gas Piping - TracPipe Canada"},{"@type":"BreadcrumbList","@id":"https:\/\/tracpipe.ca\/about\/company\/#breadcrumb","itemListElement":[{"@type":"ListItem","position":1,"name":"Home","item":"https:\/\/tracpipe.ca\/"},{"@type":"ListItem","position":2,"name":"About","item":"https:\/\/tracpipe.ca\/about\/"},{"@type":"ListItem","position":3,"name":"About The Company"}]},{"@type":"WebSite","@id":"https:\/\/tracpipe.ca\/#website","url":"https:\/\/tracpipe.ca\/","name":"TracPipe Canada","description":"","potentialAction":[{"@type":"SearchAction","target":{"@type":"EntryPoint","urlTemplate":"https:\/\/tracpipe.ca\/?s={search_term_string}"},"query-input":{"@type":"PropertyValueSpecification","valueRequired":true,"valueName":"search_term_string"}}],"inLanguage":"fr-CA"}]}},"_links":{"self":[{"href":"https:\/\/tracpipe.ca\/fr\/wp-json\/wp\/v2\/pages\/2115","targetHints":{"allow":["GET"]}}],"collection":[{"href":"https:\/\/tracpipe.ca\/fr\/wp-json\/wp\/v2\/pages"}],"about":[{"href":"https:\/\/tracpipe.ca\/fr\/wp-json\/wp\/v2\/types\/page"}],"author":[{"embeddable":true,"href":"https:\/\/tracpipe.ca\/fr\/wp-json\/wp\/v2\/users\/2"}],"replies":[{"embeddable":true,"href":"https:\/\/tracpipe.ca\/fr\/wp-json\/wp\/v2\/comments?post=2115"}],"version-history":[{"count":0,"href":"https:\/\/tracpipe.ca\/fr\/wp-json\/wp\/v2\/pages\/2115\/revisions"}],"up":[{"embeddable":true,"href":"https:\/\/tracpipe.ca\/fr\/wp-json\/wp\/v2\/pages\/2311"}],"wp:featuredmedia":[{"embeddable":true,"href":"https:\/\/tracpipe.ca\/fr\/wp-json\/wp\/v2\/media\/1964"}],"wp:attachment":[{"href":"https:\/\/tracpipe.ca\/fr\/wp-json\/wp\/v2\/media?parent=2115"}],"curies":[{"name":"wp","href":"https:\/\/api.w.org\/{rel}","templated":true}]}}