{"id":1972,"date":"2014-10-23T14:04:11","date_gmt":"2014-10-23T18:04:11","guid":{"rendered":"http:\/\/173.254.96.82\/~tracpipe\/?page_id=1972"},"modified":"2014-10-23T14:04:11","modified_gmt":"2014-10-23T18:04:11","slug":"faq","status":"publish","type":"page","link":"https:\/\/tracpipe.ca\/fr\/faq\/","title":{"rendered":"FAQ"},"content":{"rendered":"<section id=\"\"  class=\"light\"> <div class=\"container\">  <div class=\"row\"><div class=\"col-md-12  text-default\" >\n\t<div class=\"wpb_text_column wpb_content_element\" >\n\t\t<div class=\"wpb_wrapper\">\n\t\t\t<h2>Can TracPipe<sup>\u00ae<\/sup> CounterStrike<sup>\u00ae<\/sup> \u00eatre enterr\u00e9 ?<\/h2>\n<p>TracPipe<sup>\u00ae<\/sup> CounterStrike<sup>\u00ae<\/sup> ne peut pas \u00eatre enterr\u00e9 directement dans le sol. Il doit \u00eatre plac\u00e9 dans un conduit non m\u00e9tallique \u00e9tanche. TracPipe<sup>\u00ae<\/sup> CounterStrike<sup>\u00ae<\/sup> les fabricants d'un syst\u00e8me souterrain qui est \u00e9quip\u00e9 d'une gaine \u00e9tanche appel\u00e9e TracPipe.<sup>\u00ae<\/sup> CounterStrike<sup>\u00ae<\/sup> PS-II (brevet\u00e9). Le PS-II est sp\u00e9cialement con\u00e7u pour les installations souterraines et sous les b\u00e2timents.<\/p>\n<h2>Quelle est la meilleure fa\u00e7on de couper TracPipe ?<sup>\u00ae<\/sup> CounterStrike<sup>\u00ae<\/sup>?<\/h2>\n<p>Utilisez un coupe-tube standard. Lorsque vous installez des diam\u00e8tres plus importants, il est n\u00e9cessaire d'acheter une molette de coupe plus grande afin de pouvoir traiter les tailles plus importantes.<\/p>\n<h2>Comment dimensionner TracPipe<sup>\u00ae<\/sup> CounterStrike<sup>\u00ae<\/sup>?<\/h2>\n<p>TracPipe<sup>\u00ae<\/sup> CounterStrike<sup>\u00ae<\/sup> est dimensionn\u00e9 selon la m\u00eame m\u00e9thode que la tuyauterie de gaz en fonte noire. La seule diff\u00e9rence r\u00e9side dans le tableau de dimensionnement utilis\u00e9. Tableaux sp\u00e9cialement con\u00e7us pour TracPipe<sup>\u00ae<\/sup> CounterStrike<sup>\u00ae<\/sup> ou ses capacit\u00e9s de d\u00e9bit EHD d\u00e9sign\u00e9es doivent \u00eatre utilis\u00e9es. Ces tableaux se trouvent au dos du manuel TracPipe<sup>\u00ae<\/sup> CounterStrike<sup>\u00ae<\/sup> Guide de conception et d'installation. Trois \u00e9l\u00e9ments d'information sont n\u00e9cessaires pour dimensionner un syst\u00e8me de tuyauterie de gaz. Il s'agit de la distance entre les tuyaux, de la charge des appareils et de la pression d'alimentation.<br \/>\nLogiciel TracPipe facile \u00e0 utiliser<sup>\u00ae<\/sup> CounterStrike<sup>\u00ae<\/sup> La version 3.5 de Specifier pour Windows peut \u00eatre t\u00e9l\u00e9charg\u00e9e dans la section Informations techniques de ce site web.<\/p>\n<h2>Can TracPipe<sup>\u00ae<\/sup> CounterStrike<sup>\u00ae<\/sup> les raccords peuvent-ils \u00eatre dissimul\u00e9s ?<\/h2>\n<p>Oui, TracPipe<sup>\u00ae<\/sup> CounterStrike<sup>\u00ae<\/sup> ont \u00e9t\u00e9 test\u00e9s et r\u00e9pertori\u00e9s par CSA-International pour une utilisation dans des endroits dissimul\u00e9s.<\/p>\n\n\t\t<\/div>\n\t<\/div>\n<\/div>  <\/div>  <\/div><\/section>","protected":false},"excerpt":{"rendered":"Can TracPipe\u00ae CounterStrike\u00ae be buried? TracPipe\u00ae CounterStrike\u00ae cannot be directly buried in the ground. It must be in a non-metallic watertight conduit. TracPipe\u00ae CounterStrike\u00ae manufacturers an underground system which is pre-sleeved with the required watertight conduit called TracPipe\u00ae CounterStrike\u00ae PS-II (patented). PS-II is specifically designed for underground and underneath building installation. What is the best [...]","protected":false},"author":2,"featured_media":1964,"parent":0,"menu_order":0,"comment_status":"closed","ping_status":"closed","template":"","meta":{"footnotes":""},"class_list":["post-1972","page","type-page","status-publish","has-post-thumbnail","hentry"],"yoast_head":"<!-- This site is optimized with the Yoast SEO plugin v27.0 - https:\/\/yoast.com\/product\/yoast-seo-wordpress\/ -->\n<title>FAQs | TracPipe\u00ae CounterStrike\u00ae | Flexible Gas Pipes - TracPipe Canada<\/title>\n<meta name=\"description\" content=\"Get answers to some of our most frequently asked questions regarding our gas piping products at TracPipe\u00ae CounterStrike\u00ae.\" \/>\n<meta name=\"robots\" content=\"index, follow, max-snippet:-1, max-image-preview:large, max-video-preview:-1\" \/>\n<link rel=\"canonical\" href=\"https:\/\/tracpipe.ca\/fr\/faq\/\" \/>\n<meta property=\"og:locale\" content=\"fr_CA\" \/>\n<meta property=\"og:type\" content=\"article\" \/>\n<meta property=\"og:title\" content=\"FAQs | TracPipe\u00ae CounterStrike\u00ae | Flexible Gas Pipes - TracPipe Canada\" \/>\n<meta property=\"og:description\" content=\"Get answers to some of our most frequently asked questions regarding our gas piping products at TracPipe\u00ae CounterStrike\u00ae.\" \/>\n<meta property=\"og:url\" content=\"https:\/\/tracpipe.ca\/fr\/faq\/\" \/>\n<meta property=\"og:site_name\" content=\"TracPipe Canada\" \/>\n<meta property=\"og:image\" content=\"https:\/\/tracpipe.ca\/wp-content\/uploads\/slide1.jpg\" \/>\n\t<meta property=\"og:image:width\" content=\"1670\" \/>\n\t<meta property=\"og:image:height\" content=\"581\" \/>\n\t<meta property=\"og:image:type\" content=\"image\/jpeg\" \/>\n<meta name=\"twitter:card\" content=\"summary_large_image\" \/>\n<meta name=\"twitter:label1\" content=\"Est. reading time\" \/>\n\t<meta name=\"twitter:data1\" content=\"1 minute\" \/>\n<script type=\"application\/ld+json\" class=\"yoast-schema-graph\">{\"@context\":\"https:\/\/schema.org\",\"@graph\":[{\"@type\":\"WebPage\",\"@id\":\"https:\/\/tracpipe.ca\/faq\/\",\"url\":\"https:\/\/tracpipe.ca\/faq\/\",\"name\":\"FAQs | TracPipe\u00ae CounterStrike\u00ae | Flexible Gas Pipes - TracPipe Canada\",\"isPartOf\":{\"@id\":\"https:\/\/tracpipe.ca\/#website\"},\"primaryImageOfPage\":{\"@id\":\"https:\/\/tracpipe.ca\/faq\/#primaryimage\"},\"image\":{\"@id\":\"https:\/\/tracpipe.ca\/faq\/#primaryimage\"},\"thumbnailUrl\":\"https:\/\/tracpipe.ca\/wp-content\/uploads\/slide1.jpg\",\"datePublished\":\"2014-10-23T18:04:11+00:00\",\"description\":\"Get answers to some of our most frequently asked questions regarding our gas piping products at TracPipe\u00ae CounterStrike\u00ae.\",\"breadcrumb\":{\"@id\":\"https:\/\/tracpipe.ca\/faq\/#breadcrumb\"},\"inLanguage\":\"fr-CA\",\"potentialAction\":[{\"@type\":\"ReadAction\",\"target\":[\"https:\/\/tracpipe.ca\/faq\/\"]}]},{\"@type\":\"ImageObject\",\"inLanguage\":\"fr-CA\",\"@id\":\"https:\/\/tracpipe.ca\/faq\/#primaryimage\",\"url\":\"https:\/\/tracpipe.ca\/wp-content\/uploads\/slide1.jpg\",\"contentUrl\":\"https:\/\/tracpipe.ca\/wp-content\/uploads\/slide1.jpg\",\"width\":1670,\"height\":581,\"caption\":\"Flexible Gas Piping - TracPipe Canada\"},{\"@type\":\"BreadcrumbList\",\"@id\":\"https:\/\/tracpipe.ca\/faq\/#breadcrumb\",\"itemListElement\":[{\"@type\":\"ListItem\",\"position\":1,\"name\":\"Home\",\"item\":\"https:\/\/tracpipe.ca\/\"},{\"@type\":\"ListItem\",\"position\":2,\"name\":\"FAQs\"}]},{\"@type\":\"WebSite\",\"@id\":\"https:\/\/tracpipe.ca\/#website\",\"url\":\"https:\/\/tracpipe.ca\/\",\"name\":\"TracPipe Canada\",\"description\":\"\",\"potentialAction\":[{\"@type\":\"SearchAction\",\"target\":{\"@type\":\"EntryPoint\",\"urlTemplate\":\"https:\/\/tracpipe.ca\/?s={search_term_string}\"},\"query-input\":{\"@type\":\"PropertyValueSpecification\",\"valueRequired\":true,\"valueName\":\"search_term_string\"}}],\"inLanguage\":\"fr-CA\"}]}<\/script>\n<!-- \/ Yoast SEO plugin. -->","yoast_head_json":{"title":"FAQs | TracPipe\u00ae CounterStrike\u00ae | Tuyaux de gaz flexibles - TracPipe Canada","description":"Obtenez des r\u00e9ponses \u00e0 certaines des questions les plus fr\u00e9quemment pos\u00e9es concernant nos produits de tuyauterie de gaz sur TracPipe\u00ae CounterStrike\u00ae.","robots":{"index":"index","follow":"follow","max-snippet":"max-snippet:-1","max-image-preview":"max-image-preview:large","max-video-preview":"max-video-preview:-1"},"canonical":"https:\/\/tracpipe.ca\/fr\/faq\/","og_locale":"fr_CA","og_type":"article","og_title":"FAQs | TracPipe\u00ae CounterStrike\u00ae | Flexible Gas Pipes - TracPipe Canada","og_description":"Get answers to some of our most frequently asked questions regarding our gas piping products at TracPipe\u00ae CounterStrike\u00ae.","og_url":"https:\/\/tracpipe.ca\/fr\/faq\/","og_site_name":"TracPipe Canada","og_image":[{"width":1670,"height":581,"url":"https:\/\/tracpipe.ca\/wp-content\/uploads\/slide1.jpg","type":"image\/jpeg"}],"twitter_card":"summary_large_image","twitter_misc":{"Est. reading time":"1 minute"},"schema":{"@context":"https:\/\/schema.org","@graph":[{"@type":"WebPage","@id":"https:\/\/tracpipe.ca\/faq\/","url":"https:\/\/tracpipe.ca\/faq\/","name":"FAQs | TracPipe\u00ae CounterStrike\u00ae | Tuyaux de gaz flexibles - TracPipe Canada","isPartOf":{"@id":"https:\/\/tracpipe.ca\/#website"},"primaryImageOfPage":{"@id":"https:\/\/tracpipe.ca\/faq\/#primaryimage"},"image":{"@id":"https:\/\/tracpipe.ca\/faq\/#primaryimage"},"thumbnailUrl":"https:\/\/tracpipe.ca\/wp-content\/uploads\/slide1.jpg","datePublished":"2014-10-23T18:04:11+00:00","description":"Obtenez des r\u00e9ponses \u00e0 certaines des questions les plus fr\u00e9quemment pos\u00e9es concernant nos produits de tuyauterie de gaz sur TracPipe\u00ae CounterStrike\u00ae.","breadcrumb":{"@id":"https:\/\/tracpipe.ca\/faq\/#breadcrumb"},"inLanguage":"fr-CA","potentialAction":[{"@type":"ReadAction","target":["https:\/\/tracpipe.ca\/faq\/"]}]},{"@type":"ImageObject","inLanguage":"fr-CA","@id":"https:\/\/tracpipe.ca\/faq\/#primaryimage","url":"https:\/\/tracpipe.ca\/wp-content\/uploads\/slide1.jpg","contentUrl":"https:\/\/tracpipe.ca\/wp-content\/uploads\/slide1.jpg","width":1670,"height":581,"caption":"Flexible Gas Piping - TracPipe Canada"},{"@type":"BreadcrumbList","@id":"https:\/\/tracpipe.ca\/faq\/#breadcrumb","itemListElement":[{"@type":"ListItem","position":1,"name":"Home","item":"https:\/\/tracpipe.ca\/"},{"@type":"ListItem","position":2,"name":"FAQs"}]},{"@type":"WebSite","@id":"https:\/\/tracpipe.ca\/#website","url":"https:\/\/tracpipe.ca\/","name":"TracPipe Canada","description":"","potentialAction":[{"@type":"SearchAction","target":{"@type":"EntryPoint","urlTemplate":"https:\/\/tracpipe.ca\/?s={search_term_string}"},"query-input":{"@type":"PropertyValueSpecification","valueRequired":true,"valueName":"search_term_string"}}],"inLanguage":"fr-CA"}]}},"_links":{"self":[{"href":"https:\/\/tracpipe.ca\/fr\/wp-json\/wp\/v2\/pages\/1972","targetHints":{"allow":["GET"]}}],"collection":[{"href":"https:\/\/tracpipe.ca\/fr\/wp-json\/wp\/v2\/pages"}],"about":[{"href":"https:\/\/tracpipe.ca\/fr\/wp-json\/wp\/v2\/types\/page"}],"author":[{"embeddable":true,"href":"https:\/\/tracpipe.ca\/fr\/wp-json\/wp\/v2\/users\/2"}],"replies":[{"embeddable":true,"href":"https:\/\/tracpipe.ca\/fr\/wp-json\/wp\/v2\/comments?post=1972"}],"version-history":[{"count":0,"href":"https:\/\/tracpipe.ca\/fr\/wp-json\/wp\/v2\/pages\/1972\/revisions"}],"wp:featuredmedia":[{"embeddable":true,"href":"https:\/\/tracpipe.ca\/fr\/wp-json\/wp\/v2\/media\/1964"}],"wp:attachment":[{"href":"https:\/\/tracpipe.ca\/fr\/wp-json\/wp\/v2\/media?parent=1972"}],"curies":[{"name":"wp","href":"https:\/\/api.w.org\/{rel}","templated":true}]}}