{"id":1932,"date":"2014-10-23T12:52:16","date_gmt":"2014-10-23T16:52:16","guid":{"rendered":"http:\/\/173.254.96.82\/~tracpipe\/?page_id=1932"},"modified":"2014-10-23T12:52:16","modified_gmt":"2014-10-23T16:52:16","slug":"gas-piping-products","status":"publish","type":"page","link":"https:\/\/tracpipe.ca\/fr\/gas-piping-products\/","title":{"rendered":"Produits de tuyauterie de gaz"},"content":{"rendered":"<section id=\"\"  class=\"light\"> <div class=\"container\">  <div class=\"row\"><div class=\"col-md-12  text-default\" >\n\t<div class=\"wpb_text_column wpb_content_element\" >\n\t\t<div class=\"wpb_wrapper\">\n\t\t\t<p>Nous vous invitons \u00e0 d\u00e9couvrir les produits OmegaFlex. Vous trouverez ici des aper\u00e7us de produits, des informations, des prix et de la documentation, ainsi que notre catalogue en ligne.<\/p>\n<ul>\n<li><a href=\"\/fr\/gas-piping-products\/tracpipe-counterstrike\/\">TracPipe<sup>\u00ae<\/sup> CounterStrike<sup>\u00ae<\/sup><\/a><\/li>\n<li><a href=\"\/fr\/gas-piping-products\/psii\/\">PSII<\/a><\/li>\n<li><a href=\"\/fr\/catalog\/\">Catalogue des produits<\/a><\/li>\n<li><a href=\"\/fr\/gas-piping-products\/pricing\/\">Prix des produits<\/a><\/li>\n<li><a href=\"\/fr\/gas-piping-products\/literature\/\">Litt\u00e9rature<\/a><\/li>\n<\/ul>\n\n\t\t<\/div>\n\t<\/div>\n<\/div>  <\/div>  <\/div><\/section>","protected":false},"excerpt":{"rendered":"We invite you to learn more about OmegaFlex products. Here you will find product overviews, information, pricing and literature, as well as our online catalog. TracPipe\u00ae CounterStrike\u00ae PSII Product Catalog Product Pricing Literature","protected":false},"author":2,"featured_media":1964,"parent":0,"menu_order":0,"comment_status":"closed","ping_status":"closed","template":"","meta":{"footnotes":""},"class_list":["post-1932","page","type-page","status-publish","has-post-thumbnail","hentry"],"yoast_head":"<!-- This site is optimized with the Yoast SEO plugin v27.0 - https:\/\/yoast.com\/product\/yoast-seo-wordpress\/ -->\n<title>OmegaFlex\u00ae Gas Pipe Products | CSST Gas Piping - TracPipe\u00ae Canada<\/title>\n<meta name=\"description\" content=\"We invite you to learn more about OmegaFlex\u00ae gas piping products. Here you will find product overviews, pricing and literature, as well as our online catalog.\" \/>\n<meta name=\"robots\" content=\"index, follow, max-snippet:-1, max-image-preview:large, max-video-preview:-1\" \/>\n<link rel=\"canonical\" href=\"https:\/\/tracpipe.ca\/fr\/gas-piping-products\/\" \/>\n<meta property=\"og:locale\" content=\"fr_CA\" \/>\n<meta property=\"og:type\" content=\"article\" \/>\n<meta property=\"og:title\" content=\"OmegaFlex\u00ae Gas Pipe Products | CSST Gas Piping - TracPipe\u00ae Canada\" \/>\n<meta property=\"og:description\" content=\"We invite you to learn more about OmegaFlex\u00ae gas piping products. Here you will find product overviews, pricing and literature, as well as our online catalog.\" \/>\n<meta property=\"og:url\" content=\"https:\/\/tracpipe.ca\/fr\/gas-piping-products\/\" \/>\n<meta property=\"og:site_name\" content=\"TracPipe Canada\" \/>\n<meta property=\"og:image\" content=\"https:\/\/tracpipe.ca\/wp-content\/uploads\/slide1.jpg\" \/>\n\t<meta property=\"og:image:width\" content=\"1670\" \/>\n\t<meta property=\"og:image:height\" content=\"581\" \/>\n\t<meta property=\"og:image:type\" content=\"image\/jpeg\" \/>\n<meta name=\"twitter:card\" content=\"summary_large_image\" \/>\n<script type=\"application\/ld+json\" class=\"yoast-schema-graph\">{\"@context\":\"https:\/\/schema.org\",\"@graph\":[{\"@type\":\"WebPage\",\"@id\":\"https:\/\/tracpipe.ca\/gas-piping-products\/\",\"url\":\"https:\/\/tracpipe.ca\/gas-piping-products\/\",\"name\":\"OmegaFlex\u00ae Gas Pipe Products | CSST Gas Piping - TracPipe\u00ae Canada\",\"isPartOf\":{\"@id\":\"https:\/\/tracpipe.ca\/#website\"},\"primaryImageOfPage\":{\"@id\":\"https:\/\/tracpipe.ca\/gas-piping-products\/#primaryimage\"},\"image\":{\"@id\":\"https:\/\/tracpipe.ca\/gas-piping-products\/#primaryimage\"},\"thumbnailUrl\":\"https:\/\/tracpipe.ca\/wp-content\/uploads\/slide1.jpg\",\"datePublished\":\"2014-10-23T16:52:16+00:00\",\"description\":\"We invite you to learn more about OmegaFlex\u00ae gas piping products. Here you will find product overviews, pricing and literature, as well as our online catalog.\",\"breadcrumb\":{\"@id\":\"https:\/\/tracpipe.ca\/gas-piping-products\/#breadcrumb\"},\"inLanguage\":\"fr-CA\",\"potentialAction\":[{\"@type\":\"ReadAction\",\"target\":[\"https:\/\/tracpipe.ca\/gas-piping-products\/\"]}]},{\"@type\":\"ImageObject\",\"inLanguage\":\"fr-CA\",\"@id\":\"https:\/\/tracpipe.ca\/gas-piping-products\/#primaryimage\",\"url\":\"https:\/\/tracpipe.ca\/wp-content\/uploads\/slide1.jpg\",\"contentUrl\":\"https:\/\/tracpipe.ca\/wp-content\/uploads\/slide1.jpg\",\"width\":1670,\"height\":581,\"caption\":\"Flexible Gas Piping - TracPipe Canada\"},{\"@type\":\"BreadcrumbList\",\"@id\":\"https:\/\/tracpipe.ca\/gas-piping-products\/#breadcrumb\",\"itemListElement\":[{\"@type\":\"ListItem\",\"position\":1,\"name\":\"Home\",\"item\":\"https:\/\/tracpipe.ca\/\"},{\"@type\":\"ListItem\",\"position\":2,\"name\":\"Gas Piping Products\"}]},{\"@type\":\"WebSite\",\"@id\":\"https:\/\/tracpipe.ca\/#website\",\"url\":\"https:\/\/tracpipe.ca\/\",\"name\":\"TracPipe Canada\",\"description\":\"\",\"potentialAction\":[{\"@type\":\"SearchAction\",\"target\":{\"@type\":\"EntryPoint\",\"urlTemplate\":\"https:\/\/tracpipe.ca\/?s={search_term_string}\"},\"query-input\":{\"@type\":\"PropertyValueSpecification\",\"valueRequired\":true,\"valueName\":\"search_term_string\"}}],\"inLanguage\":\"fr-CA\"}]}<\/script>\n<!-- \/ Yoast SEO plugin. -->","yoast_head_json":{"title":"OmegaFlex\u00ae Gas Pipe Products | CSST Gas Piping - TracPipe\u00ae Canada","description":"We invite you to learn more about OmegaFlex\u00ae gas piping products. Here you will find product overviews, pricing and literature, as well as our online catalog.","robots":{"index":"index","follow":"follow","max-snippet":"max-snippet:-1","max-image-preview":"max-image-preview:large","max-video-preview":"max-video-preview:-1"},"canonical":"https:\/\/tracpipe.ca\/fr\/gas-piping-products\/","og_locale":"fr_CA","og_type":"article","og_title":"OmegaFlex\u00ae Gas Pipe Products | CSST Gas Piping - TracPipe\u00ae Canada","og_description":"We invite you to learn more about OmegaFlex\u00ae gas piping products. Here you will find product overviews, pricing and literature, as well as our online catalog.","og_url":"https:\/\/tracpipe.ca\/fr\/gas-piping-products\/","og_site_name":"TracPipe Canada","og_image":[{"width":1670,"height":581,"url":"https:\/\/tracpipe.ca\/wp-content\/uploads\/slide1.jpg","type":"image\/jpeg"}],"twitter_card":"summary_large_image","schema":{"@context":"https:\/\/schema.org","@graph":[{"@type":"WebPage","@id":"https:\/\/tracpipe.ca\/gas-piping-products\/","url":"https:\/\/tracpipe.ca\/gas-piping-products\/","name":"OmegaFlex\u00ae Gas Pipe Products | CSST Gas Piping - TracPipe\u00ae Canada","isPartOf":{"@id":"https:\/\/tracpipe.ca\/#website"},"primaryImageOfPage":{"@id":"https:\/\/tracpipe.ca\/gas-piping-products\/#primaryimage"},"image":{"@id":"https:\/\/tracpipe.ca\/gas-piping-products\/#primaryimage"},"thumbnailUrl":"https:\/\/tracpipe.ca\/wp-content\/uploads\/slide1.jpg","datePublished":"2014-10-23T16:52:16+00:00","description":"We invite you to learn more about OmegaFlex\u00ae gas piping products. Here you will find product overviews, pricing and literature, as well as our online catalog.","breadcrumb":{"@id":"https:\/\/tracpipe.ca\/gas-piping-products\/#breadcrumb"},"inLanguage":"fr-CA","potentialAction":[{"@type":"ReadAction","target":["https:\/\/tracpipe.ca\/gas-piping-products\/"]}]},{"@type":"ImageObject","inLanguage":"fr-CA","@id":"https:\/\/tracpipe.ca\/gas-piping-products\/#primaryimage","url":"https:\/\/tracpipe.ca\/wp-content\/uploads\/slide1.jpg","contentUrl":"https:\/\/tracpipe.ca\/wp-content\/uploads\/slide1.jpg","width":1670,"height":581,"caption":"Flexible Gas Piping - TracPipe Canada"},{"@type":"BreadcrumbList","@id":"https:\/\/tracpipe.ca\/gas-piping-products\/#breadcrumb","itemListElement":[{"@type":"ListItem","position":1,"name":"Home","item":"https:\/\/tracpipe.ca\/"},{"@type":"ListItem","position":2,"name":"Gas Piping Products"}]},{"@type":"WebSite","@id":"https:\/\/tracpipe.ca\/#website","url":"https:\/\/tracpipe.ca\/","name":"TracPipe Canada","description":"","potentialAction":[{"@type":"SearchAction","target":{"@type":"EntryPoint","urlTemplate":"https:\/\/tracpipe.ca\/?s={search_term_string}"},"query-input":{"@type":"PropertyValueSpecification","valueRequired":true,"valueName":"search_term_string"}}],"inLanguage":"fr-CA"}]}},"_links":{"self":[{"href":"https:\/\/tracpipe.ca\/fr\/wp-json\/wp\/v2\/pages\/1932","targetHints":{"allow":["GET"]}}],"collection":[{"href":"https:\/\/tracpipe.ca\/fr\/wp-json\/wp\/v2\/pages"}],"about":[{"href":"https:\/\/tracpipe.ca\/fr\/wp-json\/wp\/v2\/types\/page"}],"author":[{"embeddable":true,"href":"https:\/\/tracpipe.ca\/fr\/wp-json\/wp\/v2\/users\/2"}],"replies":[{"embeddable":true,"href":"https:\/\/tracpipe.ca\/fr\/wp-json\/wp\/v2\/comments?post=1932"}],"version-history":[{"count":0,"href":"https:\/\/tracpipe.ca\/fr\/wp-json\/wp\/v2\/pages\/1932\/revisions"}],"wp:featuredmedia":[{"embeddable":true,"href":"https:\/\/tracpipe.ca\/fr\/wp-json\/wp\/v2\/media\/1964"}],"wp:attachment":[{"href":"https:\/\/tracpipe.ca\/fr\/wp-json\/wp\/v2\/media?parent=1932"}],"curies":[{"name":"wp","href":"https:\/\/api.w.org\/{rel}","templated":true}]}}