{"id":1899,"date":"2014-08-25T12:37:34","date_gmt":"2014-08-25T16:37:34","guid":{"rendered":"http:\/\/plethorathemes.com\/dev\/cleanstart\/?page_id=10"},"modified":"2025-04-07T11:51:22","modified_gmt":"2025-04-07T15:51:22","slug":"home","status":"publish","type":"page","link":"https:\/\/tracpipe.ca\/fr\/","title":{"rendered":"Accueil"},"content":{"rendered":"<section id=\"\"  class=\"light following_dark\"> <div class=\"container\">  <div class=\"row\"><div class=\"col-md-4  text-default\" style=\"border-right:1px solid #cccccc;\"><div class='feature_teaser'>\n  <img alt='Gas Piping Products' src='https:\/\/tracpipe.ca\/wp-content\/uploads\/icon-catalog.png'>\n  <h3>Catalogue des produits<\/h3>\n<p><a href=\"https:\/\/tracpipe.ca\/wp-content\/uploads\/FGP-745CAN_Catalog-2025-April25.pdf\" target=\"_blank\" rel=\"noopener noreferrer\">Voir le catalogue complet des produits de tuyauterie de gaz<\/a><\/p>\n\n<\/div><\/div><div class=\"col-md-4  text-default\" style=\"border-right:1px solid #cccccc;\"><div class='feature_teaser'>\n  <img alt='Gas Piping Design and Installation Guide' src='https:\/\/tracpipe.ca\/wp-content\/uploads\/icon-guide.png'>\n  <h3>Guide de conception et d'installation<\/h3>\n<p><a href=\"\/fr\/technical-information\/design-installation-guide\/\" target=\"_blank\" rel=\"noopener noreferrer\">T\u00e9l\u00e9charger le guide de conception et d'installation<\/a><\/p>\n\n<\/div><\/div><div class=\"col-md-4  text-default\" ><div class='feature_teaser'>\n  <img alt='Gas Piping Pricing Sheet' src='https:\/\/tracpipe.ca\/wp-content\/uploads\/icon-pricing.png'>\n  <h3>Fiche de prix<\/h3>\n<p><a href=\"\/fr\/gas-piping-products\/pricing\/\">T\u00e9l\u00e9charger notre fiche tarifaire<\/a><\/p>\n\n<\/div><\/div><div class=\"col-md-12  text-default\" >\n\t<div class=\"wpb_text_column wpb_content_element\" >\n\t\t<div class=\"wpb_wrapper\">\n\t\t\t<h1>Toute la s\u00e9curit\u00e9, la facilit\u00e9 et la performance que vous attendez des conduites de gaz flexibles d'OmegaFlex. <span class=\"black\">- mais en mieux.<\/span><\/h1>\n<p>Depuis 1975, OmegaFlex est \u00e0 la t\u00eate de l'industrie de la tuyauterie gr\u00e2ce \u00e0 sa construction de haute qualit\u00e9 et \u00e0 son engagement \u00e0 d\u00e9passer les normes de produit et de s\u00e9curit\u00e9 de l'industrie. Avec plus de 200 brevets, la philosophie de la soci\u00e9t\u00e9 est de ne pas attendre les mandats, mais de mener l'industrie en introduisant les meilleurs produits. En 1997, la soci\u00e9t\u00e9 a lanc\u00e9 TracPipe<sup>\u00ae<\/sup>L'entreprise a d\u00e9velopp\u00e9 CounterStrike, le meilleur syst\u00e8me CSST du march\u00e9 qui, lorsqu'il est correctement install\u00e9, rend tr\u00e8s faible la probabilit\u00e9 d'endommager le syst\u00e8me en cas d'\u00e9v\u00e9nements naturels. En 2004, l'entreprise a d\u00e9velopp\u00e9 CounterStrike<sup>\u00ae<\/sup>qui contient toutes les fonctionnalit\u00e9s innovantes de TracPipe<sup>\u00ae<\/sup> plus une solution int\u00e9gr\u00e9e aux dommages caus\u00e9s par la foudre qui \u00e9limine la n\u00e9cessit\u00e9 d'un collage suppl\u00e9mentaire. <a href=\"\/fr\/about\/company\/\">EN SAVOIR PLUS<\/a><\/p>\n\n\t\t<\/div>\n\t<\/div>\n<\/div>  <\/div>  <\/div><\/section>","protected":false},"excerpt":{"rendered":"Product Catalog View the Full Product Catalog of Gas Piping Products Design &amp; Installation Guide Download Design &amp; Installation Guide Pricing Sheet Download our Pricing Sheet All of the safety, ease and performance you've come to expect from OmegaFlex's flexible gas piping \u2013 only better. Since 1975, OmegaFlex has led the piping industry with its [...]","protected":false},"author":2,"featured_media":0,"parent":0,"menu_order":0,"comment_status":"closed","ping_status":"closed","template":"","meta":{"footnotes":""},"class_list":["post-1899","page","type-page","status-publish","hentry"],"yoast_head":"<!-- This site is optimized with the Yoast SEO plugin v27.0 - https:\/\/yoast.com\/product\/yoast-seo-wordpress\/ -->\n<title>CSST | Omegaflex | Gas Piping | Piping Systems - TracPipe Canada<\/title>\n<meta name=\"description\" content=\"TracPipe Canada offers superior corrugated stainless steel tubing paired with OmegaFlex&#039;s gas piping systems to be used on natural gas &amp; propane installations.\" \/>\n<meta name=\"robots\" content=\"index, follow, max-snippet:-1, max-image-preview:large, max-video-preview:-1\" \/>\n<link rel=\"canonical\" href=\"https:\/\/tracpipe.ca\/fr\/\" \/>\n<meta property=\"og:locale\" content=\"fr_CA\" \/>\n<meta property=\"og:type\" content=\"article\" \/>\n<meta property=\"og:title\" content=\"CSST | Omegaflex | Gas Piping | Piping Systems - TracPipe Canada\" \/>\n<meta property=\"og:description\" content=\"TracPipe Canada offers superior corrugated stainless steel tubing paired with OmegaFlex&#039;s gas piping systems to be used on natural gas &amp; propane installations.\" \/>\n<meta property=\"og:url\" content=\"https:\/\/tracpipe.ca\/fr\/\" \/>\n<meta property=\"og:site_name\" content=\"TracPipe Canada\" \/>\n<meta property=\"article:modified_time\" content=\"2025-04-07T15:51:22+00:00\" \/>\n<meta name=\"twitter:card\" content=\"summary_large_image\" \/>\n<meta name=\"twitter:label1\" content=\"Est. reading time\" \/>\n\t<meta name=\"twitter:data1\" content=\"2 minutes\" \/>\n<script type=\"application\/ld+json\" class=\"yoast-schema-graph\">{\"@context\":\"https:\/\/schema.org\",\"@graph\":[{\"@type\":\"WebPage\",\"@id\":\"https:\/\/tracpipe.ca\/\",\"url\":\"https:\/\/tracpipe.ca\/\",\"name\":\"CSST | Omegaflex | Gas Piping | Piping Systems - TracPipe Canada\",\"isPartOf\":{\"@id\":\"https:\/\/tracpipe.ca\/#website\"},\"datePublished\":\"2014-08-25T16:37:34+00:00\",\"dateModified\":\"2025-04-07T15:51:22+00:00\",\"description\":\"TracPipe Canada offers superior corrugated stainless steel tubing paired with OmegaFlex's gas piping systems to be used on natural gas & propane installations.\",\"breadcrumb\":{\"@id\":\"https:\/\/tracpipe.ca\/#breadcrumb\"},\"inLanguage\":\"fr-CA\",\"potentialAction\":[{\"@type\":\"ReadAction\",\"target\":[\"https:\/\/tracpipe.ca\/\"]}]},{\"@type\":\"BreadcrumbList\",\"@id\":\"https:\/\/tracpipe.ca\/#breadcrumb\",\"itemListElement\":[{\"@type\":\"ListItem\",\"position\":1,\"name\":\"Home\",\"item\":\"https:\/\/tracpipe.ca\/\"},{\"@type\":\"ListItem\",\"position\":2,\"name\":\"Home\"}]},{\"@type\":\"WebSite\",\"@id\":\"https:\/\/tracpipe.ca\/#website\",\"url\":\"https:\/\/tracpipe.ca\/\",\"name\":\"TracPipe Canada\",\"description\":\"\",\"potentialAction\":[{\"@type\":\"SearchAction\",\"target\":{\"@type\":\"EntryPoint\",\"urlTemplate\":\"https:\/\/tracpipe.ca\/?s={search_term_string}\"},\"query-input\":{\"@type\":\"PropertyValueSpecification\",\"valueRequired\":true,\"valueName\":\"search_term_string\"}}],\"inLanguage\":\"fr-CA\"}]}<\/script>\n<!-- \/ Yoast SEO plugin. -->","yoast_head_json":{"title":"CSST | Omegaflex | Tuyauterie de gaz | Syst\u00e8mes de tuyauterie - TracPipe Canada","description":"TracPipe Canada offre des tubes ondul\u00e9s en acier inoxydable de qualit\u00e9 sup\u00e9rieure jumel\u00e9s aux syst\u00e8mes de tuyauterie de gaz OmegaFlex pour les installations de gaz naturel et de propane.","robots":{"index":"index","follow":"follow","max-snippet":"max-snippet:-1","max-image-preview":"max-image-preview:large","max-video-preview":"max-video-preview:-1"},"canonical":"https:\/\/tracpipe.ca\/fr\/","og_locale":"fr_CA","og_type":"article","og_title":"CSST | Omegaflex | Gas Piping | Piping Systems - TracPipe Canada","og_description":"TracPipe Canada offers superior corrugated stainless steel tubing paired with OmegaFlex's gas piping systems to be used on natural gas & propane installations.","og_url":"https:\/\/tracpipe.ca\/fr\/","og_site_name":"TracPipe Canada","article_modified_time":"2025-04-07T15:51:22+00:00","twitter_card":"summary_large_image","twitter_misc":{"Est. reading time":"2 minutes"},"schema":{"@context":"https:\/\/schema.org","@graph":[{"@type":"WebPage","@id":"https:\/\/tracpipe.ca\/","url":"https:\/\/tracpipe.ca\/","name":"CSST | Omegaflex | Tuyauterie de gaz | Syst\u00e8mes de tuyauterie - TracPipe Canada","isPartOf":{"@id":"https:\/\/tracpipe.ca\/#website"},"datePublished":"2014-08-25T16:37:34+00:00","dateModified":"2025-04-07T15:51:22+00:00","description":"TracPipe Canada offre des tubes ondul\u00e9s en acier inoxydable de qualit\u00e9 sup\u00e9rieure jumel\u00e9s aux syst\u00e8mes de tuyauterie de gaz OmegaFlex pour les installations de gaz naturel et de propane.","breadcrumb":{"@id":"https:\/\/tracpipe.ca\/#breadcrumb"},"inLanguage":"fr-CA","potentialAction":[{"@type":"ReadAction","target":["https:\/\/tracpipe.ca\/"]}]},{"@type":"BreadcrumbList","@id":"https:\/\/tracpipe.ca\/#breadcrumb","itemListElement":[{"@type":"ListItem","position":1,"name":"Home","item":"https:\/\/tracpipe.ca\/"},{"@type":"ListItem","position":2,"name":"Home"}]},{"@type":"WebSite","@id":"https:\/\/tracpipe.ca\/#website","url":"https:\/\/tracpipe.ca\/","name":"TracPipe Canada","description":"","potentialAction":[{"@type":"SearchAction","target":{"@type":"EntryPoint","urlTemplate":"https:\/\/tracpipe.ca\/?s={search_term_string}"},"query-input":{"@type":"PropertyValueSpecification","valueRequired":true,"valueName":"search_term_string"}}],"inLanguage":"fr-CA"}]}},"_links":{"self":[{"href":"https:\/\/tracpipe.ca\/fr\/wp-json\/wp\/v2\/pages\/1899","targetHints":{"allow":["GET"]}}],"collection":[{"href":"https:\/\/tracpipe.ca\/fr\/wp-json\/wp\/v2\/pages"}],"about":[{"href":"https:\/\/tracpipe.ca\/fr\/wp-json\/wp\/v2\/types\/page"}],"author":[{"embeddable":true,"href":"https:\/\/tracpipe.ca\/fr\/wp-json\/wp\/v2\/users\/2"}],"replies":[{"embeddable":true,"href":"https:\/\/tracpipe.ca\/fr\/wp-json\/wp\/v2\/comments?post=1899"}],"version-history":[{"count":0,"href":"https:\/\/tracpipe.ca\/fr\/wp-json\/wp\/v2\/pages\/1899\/revisions"}],"wp:attachment":[{"href":"https:\/\/tracpipe.ca\/fr\/wp-json\/wp\/v2\/media?parent=1899"}],"curies":[{"name":"wp","href":"https:\/\/api.w.org\/{rel}","templated":true}]}}